{"id":998,"date":"2015-09-10T10:08:35","date_gmt":"2015-09-10T08:08:35","guid":{"rendered":"http:\/\/zabieszczaduj.pl\/quiz\/?post_type=status-message&#038;p=998"},"modified":"2015-11-02T21:37:35","modified_gmt":"2015-11-02T20:37:35","slug":"dzien-20","status":"publish","type":"page","link":"https:\/\/zabieszczaduj.pl\/quiz\/idac-przez-glowny-szlak-beskidzki\/dzien-20\/","title":{"rendered":"Dzie\u0144 20: schronisko Chatka Puchatka &#8211; Ustrzyki G\u00f3rne"},"content":{"rendered":"<div class=\"fcbkbttn_buttons_block\" id=\"fcbkbttn_left\"><div class=\"fcbkbttn_like \"><fb:like href=\"https:\/\/zabieszczaduj.pl\/quiz\/idac-przez-glowny-szlak-beskidzki\/dzien-20\/\" action=\"like\" colorscheme=\"light\" layout=\"button_count\"  size=\"small\"><\/fb:like><\/div><\/div><p>Tak wstawa\u0142o s\u0142o\u0144ce dzi\u015b na po\u0142oninie. No i m\u0142odzi. Od 5ej na nogach. On spod Krosna, ona z Bia\u0142egostoku, ale wsp\u00f3lny, g\u00f3rski klimat. W lakierkach, welonie&#8230; zdj\u0119cia jako\u015b przy zerze, o witaminie C i wrz\u0105tku &#8211; ot, taka zaprawa na \u017cycie, na pewno przetrwaj\u0105 wiele! Nie tak \u0142atwo si\u0119 w ko\u0144cu o\u017ceni\u0107 z tak\u0105, co g\u00f3ry lubi &#8211; jak to powiedzia\u0142 Lutek \ud83d\ude09<\/p>\n<div class=\"fbfpi_photo\"><img decoding=\"async\" src=\"http:\/\/zabieszczaduj.pl\/quiz\/wp-content\/uploads\/2015\/10\/fbfpi_51b3e24900b805fdca91ba5d9568fafa.jpg\"><\/div>\n<p>Przedostatni odcinek GSB to Cary\u0144ska, a ostatnia przysta\u0144 to Ustrzyki G\u00f3rne &#8211; jutro w ko\u0144cu nieco l\u017cej na plecach i ostatnie 23km. Poza The Brothers Pub w Poznaniu mog\u0119 strzeli\u0107 w ciemno tylko jedno miejsce, gdzie Pawe\u0142 Aldaron Czekalski b\u0119dzie na g\u0142o\u015bnikach cz\u0119\u015bciej &#8211; oczywi\u015bcie Kremenaros. Dzi\u015b jakby zaci\u0105\u0142 si\u0119 na p\u0142ycie poni\u017cszy kawa\u0142ek:<\/p>\n<p>\/Gdy wieczorem<\/p>\n<p>(&#8230;)<\/p>\n<p>Lubi\u0119 u\u015bmiechy ludzi na szlaku mimo t\u0142um\u00f3w<br \/>\nKocham widzie\u0107 ten ich zachwyt, gdy im zniknie miejski tumult<br \/>\nRaz totalnie zachwyceni, stoj\u0105 jakby oniemieli<br \/>\nInnym razem niby id\u0105, a jakby z klatek wylecieli<\/p>\n<p>A to wszystko mnie tu trzyma, chocia\u017c niby tu nic ni ma&#8230;<\/p>\n<p>Lubi\u0119, gdy wieczorem kolory si\u0119 zmieniaj\u0105<br \/>\nKocham przekazywa\u0107 dalej flow co inni mi go daj\u0105<br \/>\nWydarzenia migotaj\u0105, zmienia si\u0119 faktura, walor<br \/>\nRzeczy wa\u017cne pozostaj\u0105, gdy doznania przemijaj\u0105<\/p>\n<p>Ci, co \u015bwiata ten nieogar w wi\u0119kszym stopniu ogarniaj\u0105<br \/>\nNiechaj b\u0119d\u0105 dla mnie baz\u0105, drog\u0105, ksi\u0119g\u0105, strza\u0142k\u0105, flag\u0105<br \/>\nTutaj w lesie wszystko ma to, za czym t\u0119skni cz\u0142owiek stale<br \/>\nChc\u0119 rozp\u0142yn\u0105\u0107 si\u0119 w naturze, bardziej, mocniej, wi\u0119cej, dalej\/<\/p>\n<p>I tak b\u0119dzie pewnie ze mn\u0105 jutro drepta\u0142 \ud83d\ude42<\/p>\n<div class=\"fbfpi_photo\"><img decoding=\"async\" src=\"http:\/\/zabieszczaduj.pl\/quiz\/wp-content\/uploads\/2015\/10\/fbfpi_0e2067258c79ef8f477d45dacdc58168.jpg\"><\/div>\n","protected":false},"excerpt":{"rendered":"<p>Przedostatni odcinek GSB to Cary\u0144ska, a ostatnia przysta\u0144 to Ustrzyki G\u00f3rne &#8211; jutro w ko\u0144cu nieco l\u017cej na plecach i ostatnie 23km. Poza The Brothers Pub w Poznaniu mog\u0119 strzeli\u0107 w ciemno tylko jedno miejsce, gdzie Pawe\u0142 Aldaron Czekalski b\u0119dzie na g\u0142o\u015bnikach cz\u0119\u015bciej &#8211; oczywi\u015bcie Kremenaros. Dzi\u015b jakby zaci\u0105\u0142 si\u0119 na p\u0142ycie poni\u017cszy kawa\u0142ek:<\/p>\n<p>\/Gdy wieczorem<\/p>\n<p>(&#8230;)<\/p>\n<p>Lubi\u0119 u\u015bmiechy ludzi na szlaku mimo t\u0142um\u00f3w<br \/>\nKocham widzie\u0107 ten ich zachwyt, gdy im zniknie miejski tumult<br \/>\nRaz totalnie zachwyceni, stoj\u0105 jakby oniemieli<br \/>\nInnym razem niby id\u0105, a jakby z klatek wylecieli<\/p>\n<p>A to wszystko mnie tu trzyma, chocia\u017c niby tu nic ni ma&#8230;<\/p>\n<p>Lubi\u0119, gdy wieczorem kolory si\u0119 zmieniaj\u0105<br \/>\nKocham przekazywa\u0107 dalej flow co inni mi go daj\u0105<br \/>\nWydarzenia migotaj\u0105, zmienia si\u0119 faktura, walor<br \/>\nRzeczy wa\u017cne pozostaj\u0105, gdy doznania przemijaj\u0105<\/p>\n<p>Ci, co \u015bwiata ten nieogar w wi\u0119kszym stopniu ogarniaj\u0105<br \/>\nNiechaj b\u0119d\u0105 dla mnie baz\u0105, drog\u0105, ksi\u0119g\u0105, strza\u0142k\u0105, flag\u0105<br \/>\nTutaj w lesie wszystko ma to, za czym t\u0119skni cz\u0142owiek stale<br \/>\nChc\u0119 rozp\u0142yn\u0105\u0107 si\u0119 w naturze, bardziej, mocniej, wi\u0119cej, dalej\/<\/p>\n<p>I tak b\u0119dzie pewnie ze mn\u0105 jutro drepta\u0142 \ud83d\ude42<\/p>\n","protected":false},"author":1,"featured_media":999,"parent":1040,"menu_order":0,"comment_status":"closed","ping_status":"closed","template":"","meta":{"_exactmetrics_skip_tracking":false,"_exactmetrics_sitenote_active":false,"_exactmetrics_sitenote_note":"","_exactmetrics_sitenote_category":0,"footnotes":""},"class_list":["post-998","page","type-page","status-publish","has-post-thumbnail","hentry"],"yoast_head":"<!-- This site is optimized with the Yoast SEO plugin v25.0 - https:\/\/yoast.com\/wordpress\/plugins\/seo\/ -->\n<title>Dzie\u0144 20: schronisko Chatka Puchatka - Ustrzyki G\u00f3rne - Bieszczadzki Quiz<\/title>\n<meta name=\"robots\" content=\"index, follow, max-snippet:-1, max-image-preview:large, max-video-preview:-1\" \/>\n<link rel=\"canonical\" href=\"https:\/\/zabieszczaduj.pl\/quiz\/idac-przez-glowny-szlak-beskidzki\/dzien-20\/\" \/>\n<meta property=\"og:locale\" content=\"pl_PL\" \/>\n<meta property=\"og:type\" content=\"article\" \/>\n<meta property=\"og:title\" content=\"Dzie\u0144 20: schronisko Chatka Puchatka - Ustrzyki G\u00f3rne - Bieszczadzki Quiz\" \/>\n<meta property=\"og:description\" content=\"Przedostatni odcinek GSB to Cary\u0144ska, a ostatnia przysta\u0144 to Ustrzyki G\u00f3rne - jutro w ko\u0144cu nieco l\u017cej na plecach i ostatnie 23km. Poza The Brothers Pub w Poznaniu mog\u0119 strzeli\u0107 w ciemno tylko jedno miejsce, gdzie Pawe\u0142 Aldaron Czekalski b\u0119dzie na g\u0142o\u015bnikach cz\u0119\u015bciej - oczywi\u015bcie Kremenaros. Dzi\u015b jakby zaci\u0105\u0142 si\u0119 na p\u0142ycie poni\u017cszy kawa\u0142ek:  \/Gdy wieczorem  (...)  Lubi\u0119 u\u015bmiechy ludzi na szlaku mimo t\u0142um\u00f3w Kocham widzie\u0107 ten ich zachwyt, gdy im zniknie miejski tumult Raz totalnie zachwyceni, stoj\u0105 jakby oniemieli Innym razem niby id\u0105, a jakby z klatek wylecieli  A to wszystko mnie tu trzyma, chocia\u017c niby tu nic ni ma...  Lubi\u0119, gdy wieczorem kolory si\u0119 zmieniaj\u0105 Kocham przekazywa\u0107 dalej flow co inni mi go daj\u0105 Wydarzenia migotaj\u0105, zmienia si\u0119 faktura, walor Rzeczy wa\u017cne pozostaj\u0105, gdy doznania przemijaj\u0105  Ci, co \u015bwiata ten nieogar w wi\u0119kszym stopniu ogarniaj\u0105 Niechaj b\u0119d\u0105 dla mnie baz\u0105, drog\u0105, ksi\u0119g\u0105, strza\u0142k\u0105, flag\u0105 Tutaj w lesie wszystko ma to, za czym t\u0119skni cz\u0142owiek stale Chc\u0119 rozp\u0142yn\u0105\u0107 si\u0119 w naturze, bardziej, mocniej, wi\u0119cej, dalej\/  I tak b\u0119dzie pewnie ze mn\u0105 jutro drepta\u0142 :)\" \/>\n<meta property=\"og:url\" content=\"https:\/\/zabieszczaduj.pl\/quiz\/idac-przez-glowny-szlak-beskidzki\/dzien-20\/\" \/>\n<meta property=\"og:site_name\" content=\"Bieszczadzki Quiz\" \/>\n<meta property=\"article:modified_time\" content=\"2015-11-02T20:37:35+00:00\" \/>\n<meta property=\"og:image\" content=\"https:\/\/zabieszczaduj.pl\/quiz\/wp-content\/uploads\/2015\/10\/fbfpi_0e2067258c79ef8f477d45dacdc58168.jpg\" \/>\n\t<meta property=\"og:image:width\" content=\"960\" \/>\n\t<meta property=\"og:image:height\" content=\"960\" \/>\n\t<meta property=\"og:image:type\" content=\"image\/jpeg\" \/>\n<meta name=\"twitter:label1\" content=\"Szacowany czas czytania\" \/>\n\t<meta name=\"twitter:data1\" content=\"1 minuta\" \/>\n<script type=\"application\/ld+json\" class=\"yoast-schema-graph\">{\"@context\":\"https:\/\/schema.org\",\"@graph\":[{\"@type\":\"WebPage\",\"@id\":\"https:\/\/zabieszczaduj.pl\/quiz\/idac-przez-glowny-szlak-beskidzki\/dzien-20\/\",\"url\":\"https:\/\/zabieszczaduj.pl\/quiz\/idac-przez-glowny-szlak-beskidzki\/dzien-20\/\",\"name\":\"Dzie\u0144 20: schronisko Chatka Puchatka - Ustrzyki G\u00f3rne - Bieszczadzki Quiz\",\"isPartOf\":{\"@id\":\"https:\/\/zabieszczaduj.pl\/quiz\/#website\"},\"primaryImageOfPage\":{\"@id\":\"https:\/\/zabieszczaduj.pl\/quiz\/idac-przez-glowny-szlak-beskidzki\/dzien-20\/#primaryimage\"},\"image\":{\"@id\":\"https:\/\/zabieszczaduj.pl\/quiz\/idac-przez-glowny-szlak-beskidzki\/dzien-20\/#primaryimage\"},\"thumbnailUrl\":\"https:\/\/zabieszczaduj.pl\/quiz\/wp-content\/uploads\/2015\/10\/fbfpi_0e2067258c79ef8f477d45dacdc58168.jpg\",\"datePublished\":\"2015-09-10T08:08:35+00:00\",\"dateModified\":\"2015-11-02T20:37:35+00:00\",\"breadcrumb\":{\"@id\":\"https:\/\/zabieszczaduj.pl\/quiz\/idac-przez-glowny-szlak-beskidzki\/dzien-20\/#breadcrumb\"},\"inLanguage\":\"pl-PL\",\"potentialAction\":[{\"@type\":\"ReadAction\",\"target\":[\"https:\/\/zabieszczaduj.pl\/quiz\/idac-przez-glowny-szlak-beskidzki\/dzien-20\/\"]}]},{\"@type\":\"ImageObject\",\"inLanguage\":\"pl-PL\",\"@id\":\"https:\/\/zabieszczaduj.pl\/quiz\/idac-przez-glowny-szlak-beskidzki\/dzien-20\/#primaryimage\",\"url\":\"https:\/\/zabieszczaduj.pl\/quiz\/wp-content\/uploads\/2015\/10\/fbfpi_0e2067258c79ef8f477d45dacdc58168.jpg\",\"contentUrl\":\"https:\/\/zabieszczaduj.pl\/quiz\/wp-content\/uploads\/2015\/10\/fbfpi_0e2067258c79ef8f477d45dacdc58168.jpg\",\"width\":960,\"height\":960},{\"@type\":\"BreadcrumbList\",\"@id\":\"https:\/\/zabieszczaduj.pl\/quiz\/idac-przez-glowny-szlak-beskidzki\/dzien-20\/#breadcrumb\",\"itemListElement\":[{\"@type\":\"ListItem\",\"position\":1,\"name\":\"Strona g\u0142\u00f3wna\",\"item\":\"https:\/\/zabieszczaduj.pl\/quiz\/\"},{\"@type\":\"ListItem\",\"position\":2,\"name\":\"Id\u0105c przez G\u0142\u00f3wny Szlak Beskidzki pod\u0105\u017ca si\u0119 &#8230;\",\"item\":\"https:\/\/zabieszczaduj.pl\/quiz\/idac-przez-glowny-szlak-beskidzki\/\"},{\"@type\":\"ListItem\",\"position\":3,\"name\":\"Dzie\u0144 20: schronisko Chatka Puchatka &#8211; Ustrzyki G\u00f3rne\"}]},{\"@type\":\"WebSite\",\"@id\":\"https:\/\/zabieszczaduj.pl\/quiz\/#website\",\"url\":\"https:\/\/zabieszczaduj.pl\/quiz\/\",\"name\":\"Bieszczadzki Quiz\",\"description\":\"G&oacute;ry i ludzie, w\u0119dr&oacute;wki z plecakiem, pi\u0119kne widoki i schroniskowe bazy zawsze szeroko otwarte dla zdobywaj\u0105cych Bieszczady\",\"potentialAction\":[{\"@type\":\"SearchAction\",\"target\":{\"@type\":\"EntryPoint\",\"urlTemplate\":\"https:\/\/zabieszczaduj.pl\/quiz\/?s={search_term_string}\"},\"query-input\":{\"@type\":\"PropertyValueSpecification\",\"valueRequired\":true,\"valueName\":\"search_term_string\"}}],\"inLanguage\":\"pl-PL\"}]}<\/script>\n<!-- \/ Yoast SEO plugin. -->","yoast_head_json":{"title":"Dzie\u0144 20: schronisko Chatka Puchatka - Ustrzyki G\u00f3rne - Bieszczadzki Quiz","robots":{"index":"index","follow":"follow","max-snippet":"max-snippet:-1","max-image-preview":"max-image-preview:large","max-video-preview":"max-video-preview:-1"},"canonical":"https:\/\/zabieszczaduj.pl\/quiz\/idac-przez-glowny-szlak-beskidzki\/dzien-20\/","og_locale":"pl_PL","og_type":"article","og_title":"Dzie\u0144 20: schronisko Chatka Puchatka - Ustrzyki G\u00f3rne - Bieszczadzki Quiz","og_description":"Przedostatni odcinek GSB to Cary\u0144ska, a ostatnia przysta\u0144 to Ustrzyki G\u00f3rne - jutro w ko\u0144cu nieco l\u017cej na plecach i ostatnie 23km. Poza The Brothers Pub w Poznaniu mog\u0119 strzeli\u0107 w ciemno tylko jedno miejsce, gdzie Pawe\u0142 Aldaron Czekalski b\u0119dzie na g\u0142o\u015bnikach cz\u0119\u015bciej - oczywi\u015bcie Kremenaros. Dzi\u015b jakby zaci\u0105\u0142 si\u0119 na p\u0142ycie poni\u017cszy kawa\u0142ek:  \/Gdy wieczorem  (...)  Lubi\u0119 u\u015bmiechy ludzi na szlaku mimo t\u0142um\u00f3w Kocham widzie\u0107 ten ich zachwyt, gdy im zniknie miejski tumult Raz totalnie zachwyceni, stoj\u0105 jakby oniemieli Innym razem niby id\u0105, a jakby z klatek wylecieli  A to wszystko mnie tu trzyma, chocia\u017c niby tu nic ni ma...  Lubi\u0119, gdy wieczorem kolory si\u0119 zmieniaj\u0105 Kocham przekazywa\u0107 dalej flow co inni mi go daj\u0105 Wydarzenia migotaj\u0105, zmienia si\u0119 faktura, walor Rzeczy wa\u017cne pozostaj\u0105, gdy doznania przemijaj\u0105  Ci, co \u015bwiata ten nieogar w wi\u0119kszym stopniu ogarniaj\u0105 Niechaj b\u0119d\u0105 dla mnie baz\u0105, drog\u0105, ksi\u0119g\u0105, strza\u0142k\u0105, flag\u0105 Tutaj w lesie wszystko ma to, za czym t\u0119skni cz\u0142owiek stale Chc\u0119 rozp\u0142yn\u0105\u0107 si\u0119 w naturze, bardziej, mocniej, wi\u0119cej, dalej\/  I tak b\u0119dzie pewnie ze mn\u0105 jutro drepta\u0142 :)","og_url":"https:\/\/zabieszczaduj.pl\/quiz\/idac-przez-glowny-szlak-beskidzki\/dzien-20\/","og_site_name":"Bieszczadzki Quiz","article_modified_time":"2015-11-02T20:37:35+00:00","og_image":[{"width":960,"height":960,"url":"https:\/\/zabieszczaduj.pl\/quiz\/wp-content\/uploads\/2015\/10\/fbfpi_0e2067258c79ef8f477d45dacdc58168.jpg","type":"image\/jpeg"}],"twitter_misc":{"Szacowany czas czytania":"1 minuta"},"schema":{"@context":"https:\/\/schema.org","@graph":[{"@type":"WebPage","@id":"https:\/\/zabieszczaduj.pl\/quiz\/idac-przez-glowny-szlak-beskidzki\/dzien-20\/","url":"https:\/\/zabieszczaduj.pl\/quiz\/idac-przez-glowny-szlak-beskidzki\/dzien-20\/","name":"Dzie\u0144 20: schronisko Chatka Puchatka - Ustrzyki G\u00f3rne - Bieszczadzki Quiz","isPartOf":{"@id":"https:\/\/zabieszczaduj.pl\/quiz\/#website"},"primaryImageOfPage":{"@id":"https:\/\/zabieszczaduj.pl\/quiz\/idac-przez-glowny-szlak-beskidzki\/dzien-20\/#primaryimage"},"image":{"@id":"https:\/\/zabieszczaduj.pl\/quiz\/idac-przez-glowny-szlak-beskidzki\/dzien-20\/#primaryimage"},"thumbnailUrl":"https:\/\/zabieszczaduj.pl\/quiz\/wp-content\/uploads\/2015\/10\/fbfpi_0e2067258c79ef8f477d45dacdc58168.jpg","datePublished":"2015-09-10T08:08:35+00:00","dateModified":"2015-11-02T20:37:35+00:00","breadcrumb":{"@id":"https:\/\/zabieszczaduj.pl\/quiz\/idac-przez-glowny-szlak-beskidzki\/dzien-20\/#breadcrumb"},"inLanguage":"pl-PL","potentialAction":[{"@type":"ReadAction","target":["https:\/\/zabieszczaduj.pl\/quiz\/idac-przez-glowny-szlak-beskidzki\/dzien-20\/"]}]},{"@type":"ImageObject","inLanguage":"pl-PL","@id":"https:\/\/zabieszczaduj.pl\/quiz\/idac-przez-glowny-szlak-beskidzki\/dzien-20\/#primaryimage","url":"https:\/\/zabieszczaduj.pl\/quiz\/wp-content\/uploads\/2015\/10\/fbfpi_0e2067258c79ef8f477d45dacdc58168.jpg","contentUrl":"https:\/\/zabieszczaduj.pl\/quiz\/wp-content\/uploads\/2015\/10\/fbfpi_0e2067258c79ef8f477d45dacdc58168.jpg","width":960,"height":960},{"@type":"BreadcrumbList","@id":"https:\/\/zabieszczaduj.pl\/quiz\/idac-przez-glowny-szlak-beskidzki\/dzien-20\/#breadcrumb","itemListElement":[{"@type":"ListItem","position":1,"name":"Strona g\u0142\u00f3wna","item":"https:\/\/zabieszczaduj.pl\/quiz\/"},{"@type":"ListItem","position":2,"name":"Id\u0105c przez G\u0142\u00f3wny Szlak Beskidzki pod\u0105\u017ca si\u0119 &#8230;","item":"https:\/\/zabieszczaduj.pl\/quiz\/idac-przez-glowny-szlak-beskidzki\/"},{"@type":"ListItem","position":3,"name":"Dzie\u0144 20: schronisko Chatka Puchatka &#8211; Ustrzyki G\u00f3rne"}]},{"@type":"WebSite","@id":"https:\/\/zabieszczaduj.pl\/quiz\/#website","url":"https:\/\/zabieszczaduj.pl\/quiz\/","name":"Bieszczadzki Quiz","description":"G&oacute;ry i ludzie, w\u0119dr&oacute;wki z plecakiem, pi\u0119kne widoki i schroniskowe bazy zawsze szeroko otwarte dla zdobywaj\u0105cych Bieszczady","potentialAction":[{"@type":"SearchAction","target":{"@type":"EntryPoint","urlTemplate":"https:\/\/zabieszczaduj.pl\/quiz\/?s={search_term_string}"},"query-input":{"@type":"PropertyValueSpecification","valueRequired":true,"valueName":"search_term_string"}}],"inLanguage":"pl-PL"}]}},"_links":{"self":[{"href":"https:\/\/zabieszczaduj.pl\/quiz\/wp-json\/wp\/v2\/pages\/998","targetHints":{"allow":["GET"]}}],"collection":[{"href":"https:\/\/zabieszczaduj.pl\/quiz\/wp-json\/wp\/v2\/pages"}],"about":[{"href":"https:\/\/zabieszczaduj.pl\/quiz\/wp-json\/wp\/v2\/types\/page"}],"author":[{"embeddable":true,"href":"https:\/\/zabieszczaduj.pl\/quiz\/wp-json\/wp\/v2\/users\/1"}],"replies":[{"embeddable":true,"href":"https:\/\/zabieszczaduj.pl\/quiz\/wp-json\/wp\/v2\/comments?post=998"}],"version-history":[{"count":2,"href":"https:\/\/zabieszczaduj.pl\/quiz\/wp-json\/wp\/v2\/pages\/998\/revisions"}],"predecessor-version":[{"id":1217,"href":"https:\/\/zabieszczaduj.pl\/quiz\/wp-json\/wp\/v2\/pages\/998\/revisions\/1217"}],"up":[{"embeddable":true,"href":"https:\/\/zabieszczaduj.pl\/quiz\/wp-json\/wp\/v2\/pages\/1040"}],"wp:featuredmedia":[{"embeddable":true,"href":"https:\/\/zabieszczaduj.pl\/quiz\/wp-json\/wp\/v2\/media\/999"}],"wp:attachment":[{"href":"https:\/\/zabieszczaduj.pl\/quiz\/wp-json\/wp\/v2\/media?parent=998"}],"curies":[{"name":"wp","href":"https:\/\/api.w.org\/{rel}","templated":true}]}}