{"id":996,"date":"2015-09-11T09:29:45","date_gmt":"2015-09-11T07:29:45","guid":{"rendered":"http:\/\/zabieszczaduj.pl\/quiz\/?post_type=status-message&#038;p=996"},"modified":"2016-01-28T22:38:23","modified_gmt":"2016-01-28T21:38:23","slug":"dzien-21","status":"publish","type":"page","link":"https:\/\/zabieszczaduj.pl\/quiz\/idac-przez-glowny-szlak-beskidzki\/dzien-21\/","title":{"rendered":"Dzie\u0144 21: Ustrzyki G\u00f3rne &#8211; Wo\u0142osate"},"content":{"rendered":"<div class=\"fcbkbttn_buttons_block\" id=\"fcbkbttn_left\"><div class=\"fcbkbttn_like \"><fb:like href=\"https:\/\/zabieszczaduj.pl\/quiz\/idac-przez-glowny-szlak-beskidzki\/dzien-21\/\" action=\"like\" colorscheme=\"light\" layout=\"button_count\"  size=\"small\"><\/fb:like><\/div><\/div><p>Pasmo Szerokiego Wierchu,  grupa Tarnicy i Halicza sk\u0142ada si\u0119 na ostatni z 21 dni zaplanowanych na w\u0119dr\u00f3wk\u0119 G\u0142\u00f3wnym Szlakiem Beskidzkim. W trzy tygodnie z Beskidu \u015al\u0105skiego w Bieszczady pokona\u0142em ponad 500km, 170 godzin w drodze i 18800m przewy\u017csze\u0144 (to ostatnie mo\u017cna z R\u00f3wnic\u0105 i dzisiejsz\u0105 Tarnic\u0105, na kt\u00f3re warto troch\u0119 podej\u015b\u0107, zaokr\u0105gli\u0107 do 19000m). Jestem na ko\u0144cowej kropce czerwonego szlaku, czyli cel osi\u0105gni\u0119ty! \ud83d\ude42<br \/>\nDzi\u0119ki za towarzyszenie mi w wyprawie i dostarczanie motywacji, by codziennie wstawa\u0107 i i\u015b\u0107!<\/p>\n<p><a href=\"https:\/\/www.youtube.com\/watch?v=r7CxpIAuW3o\">Oto filmik podsumowuj\u0105cy przej\u015bcie odcinka bieszczadzkiego<\/a><center><br \/>\n<iframe title=\"GSB - odcinek bieszczadzki od Koma\u0144czy do Wo\u0142osatego\" width=\"760\" height=\"428\" src=\"https:\/\/www.youtube.com\/embed\/r7CxpIAuW3o?feature=oembed\" frameborder=\"0\" allow=\"accelerometer; autoplay; clipboard-write; encrypted-media; gyroscope; picture-in-picture; web-share\" allowfullscreen><\/iframe><br \/>\n<\/center><\/p>\n<div class=\"fbfpi_photo\"><img decoding=\"async\" src=\"http:\/\/zabieszczaduj.pl\/quiz\/wp-content\/uploads\/2015\/10\/fbfpi_2eafb46a90b3c8f8b0951bb5a39f2997.jpg\"><\/div>\n","protected":false},"excerpt":{"rendered":"<p>Dzie\u0144 21. Pasmo Szerokiego Wierchu,  grupa Tarnicy i Halicza sk\u0142ada si\u0119 na ostatni z 21 dni zaplanowanych na w\u0119dr\u00f3wk\u0119 G\u0142\u00f3wnym Szlakiem Beskidzkim. W trzy tygodnie z Beskidu \u015al\u0105skiego w Bieszczady pokona\u0142em ponad 500km, 170 godzin w drodze i 18800m przewy\u017csze\u0144 (to ostatnie mo\u017cna z R\u00f3wnic\u0105 i dzisiejsz\u0105 Tarnic\u0105, na kt\u00f3re warto troch\u0119 podej\u015b\u0107, zaokr\u0105gli\u0107 do 19000m). Jestem na ko\u0144cowej kropce czerwonego szlaku, czyli cel osi\u0105gni\u0119ty! \ud83d\ude42<br \/>\nDzi\u0119ki za towarzyszenie mi w wyprawie i dostarczanie motywacji, by codziennie wstawa\u0107 i i\u015b\u0107!<\/p>\n","protected":false},"author":1,"featured_media":997,"parent":1040,"menu_order":0,"comment_status":"closed","ping_status":"closed","template":"","meta":{"_exactmetrics_skip_tracking":false,"_exactmetrics_sitenote_active":false,"_exactmetrics_sitenote_note":"","_exactmetrics_sitenote_category":0,"footnotes":""},"class_list":["post-996","page","type-page","status-publish","has-post-thumbnail","hentry"],"yoast_head":"<!-- This site is optimized with the Yoast SEO plugin v25.0 - https:\/\/yoast.com\/wordpress\/plugins\/seo\/ -->\n<title>Dzie\u0144 21: Ustrzyki G\u00f3rne - Wo\u0142osate - Bieszczadzki Quiz<\/title>\n<meta name=\"robots\" content=\"index, follow, max-snippet:-1, max-image-preview:large, max-video-preview:-1\" \/>\n<link rel=\"canonical\" href=\"https:\/\/zabieszczaduj.pl\/quiz\/idac-przez-glowny-szlak-beskidzki\/dzien-21\/\" \/>\n<meta property=\"og:locale\" content=\"pl_PL\" \/>\n<meta property=\"og:type\" content=\"article\" \/>\n<meta property=\"og:title\" content=\"Dzie\u0144 21: Ustrzyki G\u00f3rne - Wo\u0142osate - Bieszczadzki Quiz\" \/>\n<meta property=\"og:description\" content=\"Dzie\u0144 21. Pasmo Szerokiego Wierchu, grupa Tarnicy i Halicza sk\u0142ada si\u0119 na ostatni z 21 dni zaplanowanych na w\u0119dr\u00f3wk\u0119 G\u0142\u00f3wnym Szlakiem Beskidzkim. W trzy tygodnie z Beskidu \u015al\u0105skiego w Bieszczady pokona\u0142em ponad 500km, 170 godzin w drodze i 18800m przewy\u017csze\u0144 (to ostatnie mo\u017cna z R\u00f3wnic\u0105 i dzisiejsz\u0105 Tarnic\u0105, na kt\u00f3re warto troch\u0119 podej\u015b\u0107, zaokr\u0105gli\u0107 do 19000m). Jestem na ko\u0144cowej kropce czerwonego szlaku, czyli cel osi\u0105gni\u0119ty! :) Dzi\u0119ki za towarzyszenie mi w wyprawie i dostarczanie motywacji, by codziennie wstawa\u0107 i i\u015b\u0107!\" \/>\n<meta property=\"og:url\" content=\"https:\/\/zabieszczaduj.pl\/quiz\/idac-przez-glowny-szlak-beskidzki\/dzien-21\/\" \/>\n<meta property=\"og:site_name\" content=\"Bieszczadzki Quiz\" \/>\n<meta property=\"article:modified_time\" content=\"2016-01-28T21:38:23+00:00\" \/>\n<meta property=\"og:image\" content=\"https:\/\/zabieszczaduj.pl\/quiz\/wp-content\/uploads\/2015\/10\/fbfpi_2eafb46a90b3c8f8b0951bb5a39f2997.jpg\" \/>\n\t<meta property=\"og:image:width\" content=\"960\" \/>\n\t<meta property=\"og:image:height\" content=\"960\" \/>\n\t<meta property=\"og:image:type\" content=\"image\/jpeg\" \/>\n<meta name=\"twitter:label1\" content=\"Szacowany czas czytania\" \/>\n\t<meta name=\"twitter:data1\" content=\"1 minuta\" \/>\n<script type=\"application\/ld+json\" class=\"yoast-schema-graph\">{\"@context\":\"https:\/\/schema.org\",\"@graph\":[{\"@type\":\"WebPage\",\"@id\":\"https:\/\/zabieszczaduj.pl\/quiz\/idac-przez-glowny-szlak-beskidzki\/dzien-21\/\",\"url\":\"https:\/\/zabieszczaduj.pl\/quiz\/idac-przez-glowny-szlak-beskidzki\/dzien-21\/\",\"name\":\"Dzie\u0144 21: Ustrzyki G\u00f3rne - Wo\u0142osate - Bieszczadzki Quiz\",\"isPartOf\":{\"@id\":\"https:\/\/zabieszczaduj.pl\/quiz\/#website\"},\"primaryImageOfPage\":{\"@id\":\"https:\/\/zabieszczaduj.pl\/quiz\/idac-przez-glowny-szlak-beskidzki\/dzien-21\/#primaryimage\"},\"image\":{\"@id\":\"https:\/\/zabieszczaduj.pl\/quiz\/idac-przez-glowny-szlak-beskidzki\/dzien-21\/#primaryimage\"},\"thumbnailUrl\":\"https:\/\/zabieszczaduj.pl\/quiz\/wp-content\/uploads\/2015\/10\/fbfpi_2eafb46a90b3c8f8b0951bb5a39f2997.jpg\",\"datePublished\":\"2015-09-11T07:29:45+00:00\",\"dateModified\":\"2016-01-28T21:38:23+00:00\",\"breadcrumb\":{\"@id\":\"https:\/\/zabieszczaduj.pl\/quiz\/idac-przez-glowny-szlak-beskidzki\/dzien-21\/#breadcrumb\"},\"inLanguage\":\"pl-PL\",\"potentialAction\":[{\"@type\":\"ReadAction\",\"target\":[\"https:\/\/zabieszczaduj.pl\/quiz\/idac-przez-glowny-szlak-beskidzki\/dzien-21\/\"]}]},{\"@type\":\"ImageObject\",\"inLanguage\":\"pl-PL\",\"@id\":\"https:\/\/zabieszczaduj.pl\/quiz\/idac-przez-glowny-szlak-beskidzki\/dzien-21\/#primaryimage\",\"url\":\"https:\/\/zabieszczaduj.pl\/quiz\/wp-content\/uploads\/2015\/10\/fbfpi_2eafb46a90b3c8f8b0951bb5a39f2997.jpg\",\"contentUrl\":\"https:\/\/zabieszczaduj.pl\/quiz\/wp-content\/uploads\/2015\/10\/fbfpi_2eafb46a90b3c8f8b0951bb5a39f2997.jpg\",\"width\":960,\"height\":960},{\"@type\":\"BreadcrumbList\",\"@id\":\"https:\/\/zabieszczaduj.pl\/quiz\/idac-przez-glowny-szlak-beskidzki\/dzien-21\/#breadcrumb\",\"itemListElement\":[{\"@type\":\"ListItem\",\"position\":1,\"name\":\"Strona g\u0142\u00f3wna\",\"item\":\"https:\/\/zabieszczaduj.pl\/quiz\/\"},{\"@type\":\"ListItem\",\"position\":2,\"name\":\"Id\u0105c przez G\u0142\u00f3wny Szlak Beskidzki pod\u0105\u017ca si\u0119 &#8230;\",\"item\":\"https:\/\/zabieszczaduj.pl\/quiz\/idac-przez-glowny-szlak-beskidzki\/\"},{\"@type\":\"ListItem\",\"position\":3,\"name\":\"Dzie\u0144 21: Ustrzyki G\u00f3rne &#8211; Wo\u0142osate\"}]},{\"@type\":\"WebSite\",\"@id\":\"https:\/\/zabieszczaduj.pl\/quiz\/#website\",\"url\":\"https:\/\/zabieszczaduj.pl\/quiz\/\",\"name\":\"Bieszczadzki Quiz\",\"description\":\"G&oacute;ry i ludzie, w\u0119dr&oacute;wki z plecakiem, pi\u0119kne widoki i schroniskowe bazy zawsze szeroko otwarte dla zdobywaj\u0105cych Bieszczady\",\"potentialAction\":[{\"@type\":\"SearchAction\",\"target\":{\"@type\":\"EntryPoint\",\"urlTemplate\":\"https:\/\/zabieszczaduj.pl\/quiz\/?s={search_term_string}\"},\"query-input\":{\"@type\":\"PropertyValueSpecification\",\"valueRequired\":true,\"valueName\":\"search_term_string\"}}],\"inLanguage\":\"pl-PL\"}]}<\/script>\n<!-- \/ Yoast SEO plugin. -->","yoast_head_json":{"title":"Dzie\u0144 21: Ustrzyki G\u00f3rne - Wo\u0142osate - Bieszczadzki Quiz","robots":{"index":"index","follow":"follow","max-snippet":"max-snippet:-1","max-image-preview":"max-image-preview:large","max-video-preview":"max-video-preview:-1"},"canonical":"https:\/\/zabieszczaduj.pl\/quiz\/idac-przez-glowny-szlak-beskidzki\/dzien-21\/","og_locale":"pl_PL","og_type":"article","og_title":"Dzie\u0144 21: Ustrzyki G\u00f3rne - Wo\u0142osate - Bieszczadzki Quiz","og_description":"Dzie\u0144 21. Pasmo Szerokiego Wierchu, grupa Tarnicy i Halicza sk\u0142ada si\u0119 na ostatni z 21 dni zaplanowanych na w\u0119dr\u00f3wk\u0119 G\u0142\u00f3wnym Szlakiem Beskidzkim. W trzy tygodnie z Beskidu \u015al\u0105skiego w Bieszczady pokona\u0142em ponad 500km, 170 godzin w drodze i 18800m przewy\u017csze\u0144 (to ostatnie mo\u017cna z R\u00f3wnic\u0105 i dzisiejsz\u0105 Tarnic\u0105, na kt\u00f3re warto troch\u0119 podej\u015b\u0107, zaokr\u0105gli\u0107 do 19000m). Jestem na ko\u0144cowej kropce czerwonego szlaku, czyli cel osi\u0105gni\u0119ty! :) Dzi\u0119ki za towarzyszenie mi w wyprawie i dostarczanie motywacji, by codziennie wstawa\u0107 i i\u015b\u0107!","og_url":"https:\/\/zabieszczaduj.pl\/quiz\/idac-przez-glowny-szlak-beskidzki\/dzien-21\/","og_site_name":"Bieszczadzki Quiz","article_modified_time":"2016-01-28T21:38:23+00:00","og_image":[{"width":960,"height":960,"url":"https:\/\/zabieszczaduj.pl\/quiz\/wp-content\/uploads\/2015\/10\/fbfpi_2eafb46a90b3c8f8b0951bb5a39f2997.jpg","type":"image\/jpeg"}],"twitter_misc":{"Szacowany czas czytania":"1 minuta"},"schema":{"@context":"https:\/\/schema.org","@graph":[{"@type":"WebPage","@id":"https:\/\/zabieszczaduj.pl\/quiz\/idac-przez-glowny-szlak-beskidzki\/dzien-21\/","url":"https:\/\/zabieszczaduj.pl\/quiz\/idac-przez-glowny-szlak-beskidzki\/dzien-21\/","name":"Dzie\u0144 21: Ustrzyki G\u00f3rne - Wo\u0142osate - Bieszczadzki Quiz","isPartOf":{"@id":"https:\/\/zabieszczaduj.pl\/quiz\/#website"},"primaryImageOfPage":{"@id":"https:\/\/zabieszczaduj.pl\/quiz\/idac-przez-glowny-szlak-beskidzki\/dzien-21\/#primaryimage"},"image":{"@id":"https:\/\/zabieszczaduj.pl\/quiz\/idac-przez-glowny-szlak-beskidzki\/dzien-21\/#primaryimage"},"thumbnailUrl":"https:\/\/zabieszczaduj.pl\/quiz\/wp-content\/uploads\/2015\/10\/fbfpi_2eafb46a90b3c8f8b0951bb5a39f2997.jpg","datePublished":"2015-09-11T07:29:45+00:00","dateModified":"2016-01-28T21:38:23+00:00","breadcrumb":{"@id":"https:\/\/zabieszczaduj.pl\/quiz\/idac-przez-glowny-szlak-beskidzki\/dzien-21\/#breadcrumb"},"inLanguage":"pl-PL","potentialAction":[{"@type":"ReadAction","target":["https:\/\/zabieszczaduj.pl\/quiz\/idac-przez-glowny-szlak-beskidzki\/dzien-21\/"]}]},{"@type":"ImageObject","inLanguage":"pl-PL","@id":"https:\/\/zabieszczaduj.pl\/quiz\/idac-przez-glowny-szlak-beskidzki\/dzien-21\/#primaryimage","url":"https:\/\/zabieszczaduj.pl\/quiz\/wp-content\/uploads\/2015\/10\/fbfpi_2eafb46a90b3c8f8b0951bb5a39f2997.jpg","contentUrl":"https:\/\/zabieszczaduj.pl\/quiz\/wp-content\/uploads\/2015\/10\/fbfpi_2eafb46a90b3c8f8b0951bb5a39f2997.jpg","width":960,"height":960},{"@type":"BreadcrumbList","@id":"https:\/\/zabieszczaduj.pl\/quiz\/idac-przez-glowny-szlak-beskidzki\/dzien-21\/#breadcrumb","itemListElement":[{"@type":"ListItem","position":1,"name":"Strona g\u0142\u00f3wna","item":"https:\/\/zabieszczaduj.pl\/quiz\/"},{"@type":"ListItem","position":2,"name":"Id\u0105c przez G\u0142\u00f3wny Szlak Beskidzki pod\u0105\u017ca si\u0119 &#8230;","item":"https:\/\/zabieszczaduj.pl\/quiz\/idac-przez-glowny-szlak-beskidzki\/"},{"@type":"ListItem","position":3,"name":"Dzie\u0144 21: Ustrzyki G\u00f3rne &#8211; Wo\u0142osate"}]},{"@type":"WebSite","@id":"https:\/\/zabieszczaduj.pl\/quiz\/#website","url":"https:\/\/zabieszczaduj.pl\/quiz\/","name":"Bieszczadzki Quiz","description":"G&oacute;ry i ludzie, w\u0119dr&oacute;wki z plecakiem, pi\u0119kne widoki i schroniskowe bazy zawsze szeroko otwarte dla zdobywaj\u0105cych Bieszczady","potentialAction":[{"@type":"SearchAction","target":{"@type":"EntryPoint","urlTemplate":"https:\/\/zabieszczaduj.pl\/quiz\/?s={search_term_string}"},"query-input":{"@type":"PropertyValueSpecification","valueRequired":true,"valueName":"search_term_string"}}],"inLanguage":"pl-PL"}]}},"_links":{"self":[{"href":"https:\/\/zabieszczaduj.pl\/quiz\/wp-json\/wp\/v2\/pages\/996","targetHints":{"allow":["GET"]}}],"collection":[{"href":"https:\/\/zabieszczaduj.pl\/quiz\/wp-json\/wp\/v2\/pages"}],"about":[{"href":"https:\/\/zabieszczaduj.pl\/quiz\/wp-json\/wp\/v2\/types\/page"}],"author":[{"embeddable":true,"href":"https:\/\/zabieszczaduj.pl\/quiz\/wp-json\/wp\/v2\/users\/1"}],"replies":[{"embeddable":true,"href":"https:\/\/zabieszczaduj.pl\/quiz\/wp-json\/wp\/v2\/comments?post=996"}],"version-history":[{"count":8,"href":"https:\/\/zabieszczaduj.pl\/quiz\/wp-json\/wp\/v2\/pages\/996\/revisions"}],"predecessor-version":[{"id":1298,"href":"https:\/\/zabieszczaduj.pl\/quiz\/wp-json\/wp\/v2\/pages\/996\/revisions\/1298"}],"up":[{"embeddable":true,"href":"https:\/\/zabieszczaduj.pl\/quiz\/wp-json\/wp\/v2\/pages\/1040"}],"wp:featuredmedia":[{"embeddable":true,"href":"https:\/\/zabieszczaduj.pl\/quiz\/wp-json\/wp\/v2\/media\/997"}],"wp:attachment":[{"href":"https:\/\/zabieszczaduj.pl\/quiz\/wp-json\/wp\/v2\/media?parent=996"}],"curies":[{"name":"wp","href":"https:\/\/api.w.org\/{rel}","templated":true}]}}