{"id":471,"date":"2014-10-20T22:44:04","date_gmt":"2014-10-20T20:44:04","guid":{"rendered":"http:\/\/zabieszczaduj.pl\/quiz\/?page_id=471"},"modified":"2014-10-20T22:44:04","modified_gmt":"2014-10-20T20:44:04","slug":"na-przekor-najlepsi","status":"publish","type":"page","link":"https:\/\/zabieszczaduj.pl\/quiz\/na-przekor-najlepsi\/","title":{"rendered":"Na przek\u00f3r Najlepsi"},"content":{"rendered":"<div class=\"fcbkbttn_buttons_block\" id=\"fcbkbttn_left\"><div class=\"fcbkbttn_like \"><fb:like href=\"https:\/\/zabieszczaduj.pl\/quiz\/na-przekor-najlepsi\/\" action=\"like\" colorscheme=\"light\" layout=\"button_count\"  size=\"small\"><\/fb:like><\/div><\/div>        <div style=\"margin-bottom: 30px; margin-top: 10px;\" class=\"wpProQuiz_toplist\"\n             data-quiz_id=\"10\">\n                            <h2>Tablica wynik\u00f3w: Pojed\u017a Na Przek\u00f3r<\/h2>\n                        <table class=\"wpProQuiz_toplistTable\">\n                <caption>max z 55 punkt\u00f3w<\/caption>\n                <thead>\n                <tr>\n                    <th style=\"width: 40px;\">#<\/th>\n                    <th style=\"text-align: left !important;\">Nazwa<\/th>\n                    <th style=\"width: 140px;\">Dodany<\/th>\n                    <th style=\"width: 60px;\">Punkty<\/th>\n                    <th style=\"width: 75px;\">Wynik<\/th>\n                <\/tr>\n                <\/thead>\n                <tbody>\n                <tr>\n                    <td colspan=\"5\">Tabela \u0142aduje si\u0119<\/td>\n                <\/tr>\n                <tr style=\"display: none;\">\n                    <td colspan=\"5\">Brak dost\u0119pnych danych<\/td>\n                <\/tr>\n                <tr style=\"display: none;\">\n                    <td><\/td>\n                    <td style=\"text-align: left !important;\"><\/td>\n                    <td style=\" color: rgb(124, 124, 124); font-size: x-small;\"><\/td>\n                    <td><\/td>\n                    <td><\/td>\n                <\/tr>\n                <\/tbody>\n            <\/table>\n        <\/div>\n\n        \n<p><a title=\"Sprawd\u017a si\u0119\" href=\"http:\/\/zabieszczaduj.pl\/quiz\/na-przekor\">Kliknij, aby spr\u00f3bowa\u0107 raz jeszcze<\/a> albo <a href=\"https:\/\/facebook.com\/sharer.php?u=http:\/\/zabieszczaduj.pl\/quiz\/na-przekor-najlepsi\">udost\u0119pnij status na facebooku<\/a>, by zach\u0119ci\u0107 do udzia\u0142u w zabawie i sprawdzi\u0107 r\u00f3wnie\u017c wiedz\u0119 swoich znajomych!<\/p>\n<hr \/>\n<p><a title=\"no to w drog\u0119!\" href=\"http:\/\/zabieszczaduj.pl\" target=\"_blank\"><img decoding=\"async\" src=\"http:\/\/zabieszczaduj.pl\/theme\/paivi-k\/images\/tapetka4.png\" alt=\"zabieszczaduj.pl\" \/><\/a><\/p>\n","protected":false},"excerpt":{"rendered":"<p>Kliknij, aby spr\u00f3bowa\u0107 raz jeszcze albo udost\u0119pnij status na facebooku, by zach\u0119ci\u0107 do udzia\u0142u w zabawie i sprawdzi\u0107 r\u00f3wnie\u017c wiedz\u0119 swoich znajomych!<\/p>\n","protected":false},"author":1,"featured_media":0,"parent":0,"menu_order":0,"comment_status":"open","ping_status":"open","template":"","meta":{"_exactmetrics_skip_tracking":false,"_exactmetrics_sitenote_active":false,"_exactmetrics_sitenote_note":"","_exactmetrics_sitenote_category":0,"footnotes":""},"class_list":["post-471","page","type-page","status-publish","hentry"],"yoast_head":"<!-- This site is optimized with the Yoast SEO plugin v25.0 - https:\/\/yoast.com\/wordpress\/plugins\/seo\/ -->\n<title>Na przek\u00f3r Najlepsi - Bieszczadzki Quiz<\/title>\n<meta name=\"robots\" content=\"index, follow, max-snippet:-1, max-image-preview:large, max-video-preview:-1\" \/>\n<link rel=\"canonical\" href=\"https:\/\/zabieszczaduj.pl\/quiz\/na-przekor-najlepsi\/\" \/>\n<meta property=\"og:locale\" content=\"pl_PL\" \/>\n<meta property=\"og:type\" content=\"article\" \/>\n<meta property=\"og:title\" content=\"Na przek\u00f3r Najlepsi - Bieszczadzki Quiz\" \/>\n<meta property=\"og:description\" content=\"Kliknij, aby spr\u00f3bowa\u0107 raz jeszcze albo udost\u0119pnij status na facebooku, by zach\u0119ci\u0107 do udzia\u0142u w zabawie i sprawdzi\u0107 r\u00f3wnie\u017c wiedz\u0119 swoich znajomych!\" \/>\n<meta property=\"og:url\" content=\"https:\/\/zabieszczaduj.pl\/quiz\/na-przekor-najlepsi\/\" \/>\n<meta property=\"og:site_name\" content=\"Bieszczadzki Quiz\" \/>\n<meta property=\"og:image\" content=\"http:\/\/zabieszczaduj.pl\/theme\/paivi-k\/images\/tapetka4.png\" \/>\n<script type=\"application\/ld+json\" class=\"yoast-schema-graph\">{\"@context\":\"https:\/\/schema.org\",\"@graph\":[{\"@type\":\"WebPage\",\"@id\":\"https:\/\/zabieszczaduj.pl\/quiz\/na-przekor-najlepsi\/\",\"url\":\"https:\/\/zabieszczaduj.pl\/quiz\/na-przekor-najlepsi\/\",\"name\":\"Na przek\u00f3r Najlepsi - Bieszczadzki Quiz\",\"isPartOf\":{\"@id\":\"https:\/\/zabieszczaduj.pl\/quiz\/#website\"},\"primaryImageOfPage\":{\"@id\":\"https:\/\/zabieszczaduj.pl\/quiz\/na-przekor-najlepsi\/#primaryimage\"},\"image\":{\"@id\":\"https:\/\/zabieszczaduj.pl\/quiz\/na-przekor-najlepsi\/#primaryimage\"},\"thumbnailUrl\":\"http:\/\/zabieszczaduj.pl\/theme\/paivi-k\/images\/tapetka4.png\",\"datePublished\":\"2014-10-20T20:44:04+00:00\",\"breadcrumb\":{\"@id\":\"https:\/\/zabieszczaduj.pl\/quiz\/na-przekor-najlepsi\/#breadcrumb\"},\"inLanguage\":\"pl-PL\",\"potentialAction\":[{\"@type\":\"ReadAction\",\"target\":[\"https:\/\/zabieszczaduj.pl\/quiz\/na-przekor-najlepsi\/\"]}]},{\"@type\":\"ImageObject\",\"inLanguage\":\"pl-PL\",\"@id\":\"https:\/\/zabieszczaduj.pl\/quiz\/na-przekor-najlepsi\/#primaryimage\",\"url\":\"http:\/\/zabieszczaduj.pl\/theme\/paivi-k\/images\/tapetka4.png\",\"contentUrl\":\"http:\/\/zabieszczaduj.pl\/theme\/paivi-k\/images\/tapetka4.png\"},{\"@type\":\"BreadcrumbList\",\"@id\":\"https:\/\/zabieszczaduj.pl\/quiz\/na-przekor-najlepsi\/#breadcrumb\",\"itemListElement\":[{\"@type\":\"ListItem\",\"position\":1,\"name\":\"Strona g\u0142\u00f3wna\",\"item\":\"https:\/\/zabieszczaduj.pl\/quiz\/\"},{\"@type\":\"ListItem\",\"position\":2,\"name\":\"Na przek\u00f3r Najlepsi\"}]},{\"@type\":\"WebSite\",\"@id\":\"https:\/\/zabieszczaduj.pl\/quiz\/#website\",\"url\":\"https:\/\/zabieszczaduj.pl\/quiz\/\",\"name\":\"Bieszczadzki Quiz\",\"description\":\"G&oacute;ry i ludzie, w\u0119dr&oacute;wki z plecakiem, pi\u0119kne widoki i schroniskowe bazy zawsze szeroko otwarte dla zdobywaj\u0105cych Bieszczady\",\"potentialAction\":[{\"@type\":\"SearchAction\",\"target\":{\"@type\":\"EntryPoint\",\"urlTemplate\":\"https:\/\/zabieszczaduj.pl\/quiz\/?s={search_term_string}\"},\"query-input\":{\"@type\":\"PropertyValueSpecification\",\"valueRequired\":true,\"valueName\":\"search_term_string\"}}],\"inLanguage\":\"pl-PL\"}]}<\/script>\n<!-- \/ Yoast SEO plugin. -->","yoast_head_json":{"title":"Na przek\u00f3r Najlepsi - Bieszczadzki Quiz","robots":{"index":"index","follow":"follow","max-snippet":"max-snippet:-1","max-image-preview":"max-image-preview:large","max-video-preview":"max-video-preview:-1"},"canonical":"https:\/\/zabieszczaduj.pl\/quiz\/na-przekor-najlepsi\/","og_locale":"pl_PL","og_type":"article","og_title":"Na przek\u00f3r Najlepsi - Bieszczadzki Quiz","og_description":"Kliknij, aby spr\u00f3bowa\u0107 raz jeszcze albo udost\u0119pnij status na facebooku, by zach\u0119ci\u0107 do udzia\u0142u w zabawie i sprawdzi\u0107 r\u00f3wnie\u017c wiedz\u0119 swoich znajomych!","og_url":"https:\/\/zabieszczaduj.pl\/quiz\/na-przekor-najlepsi\/","og_site_name":"Bieszczadzki Quiz","og_image":[{"url":"http:\/\/zabieszczaduj.pl\/theme\/paivi-k\/images\/tapetka4.png","type":"","width":"","height":""}],"schema":{"@context":"https:\/\/schema.org","@graph":[{"@type":"WebPage","@id":"https:\/\/zabieszczaduj.pl\/quiz\/na-przekor-najlepsi\/","url":"https:\/\/zabieszczaduj.pl\/quiz\/na-przekor-najlepsi\/","name":"Na przek\u00f3r Najlepsi - Bieszczadzki Quiz","isPartOf":{"@id":"https:\/\/zabieszczaduj.pl\/quiz\/#website"},"primaryImageOfPage":{"@id":"https:\/\/zabieszczaduj.pl\/quiz\/na-przekor-najlepsi\/#primaryimage"},"image":{"@id":"https:\/\/zabieszczaduj.pl\/quiz\/na-przekor-najlepsi\/#primaryimage"},"thumbnailUrl":"http:\/\/zabieszczaduj.pl\/theme\/paivi-k\/images\/tapetka4.png","datePublished":"2014-10-20T20:44:04+00:00","breadcrumb":{"@id":"https:\/\/zabieszczaduj.pl\/quiz\/na-przekor-najlepsi\/#breadcrumb"},"inLanguage":"pl-PL","potentialAction":[{"@type":"ReadAction","target":["https:\/\/zabieszczaduj.pl\/quiz\/na-przekor-najlepsi\/"]}]},{"@type":"ImageObject","inLanguage":"pl-PL","@id":"https:\/\/zabieszczaduj.pl\/quiz\/na-przekor-najlepsi\/#primaryimage","url":"http:\/\/zabieszczaduj.pl\/theme\/paivi-k\/images\/tapetka4.png","contentUrl":"http:\/\/zabieszczaduj.pl\/theme\/paivi-k\/images\/tapetka4.png"},{"@type":"BreadcrumbList","@id":"https:\/\/zabieszczaduj.pl\/quiz\/na-przekor-najlepsi\/#breadcrumb","itemListElement":[{"@type":"ListItem","position":1,"name":"Strona g\u0142\u00f3wna","item":"https:\/\/zabieszczaduj.pl\/quiz\/"},{"@type":"ListItem","position":2,"name":"Na przek\u00f3r Najlepsi"}]},{"@type":"WebSite","@id":"https:\/\/zabieszczaduj.pl\/quiz\/#website","url":"https:\/\/zabieszczaduj.pl\/quiz\/","name":"Bieszczadzki Quiz","description":"G&oacute;ry i ludzie, w\u0119dr&oacute;wki z plecakiem, pi\u0119kne widoki i schroniskowe bazy zawsze szeroko otwarte dla zdobywaj\u0105cych Bieszczady","potentialAction":[{"@type":"SearchAction","target":{"@type":"EntryPoint","urlTemplate":"https:\/\/zabieszczaduj.pl\/quiz\/?s={search_term_string}"},"query-input":{"@type":"PropertyValueSpecification","valueRequired":true,"valueName":"search_term_string"}}],"inLanguage":"pl-PL"}]}},"_links":{"self":[{"href":"https:\/\/zabieszczaduj.pl\/quiz\/wp-json\/wp\/v2\/pages\/471","targetHints":{"allow":["GET"]}}],"collection":[{"href":"https:\/\/zabieszczaduj.pl\/quiz\/wp-json\/wp\/v2\/pages"}],"about":[{"href":"https:\/\/zabieszczaduj.pl\/quiz\/wp-json\/wp\/v2\/types\/page"}],"author":[{"embeddable":true,"href":"https:\/\/zabieszczaduj.pl\/quiz\/wp-json\/wp\/v2\/users\/1"}],"replies":[{"embeddable":true,"href":"https:\/\/zabieszczaduj.pl\/quiz\/wp-json\/wp\/v2\/comments?post=471"}],"version-history":[{"count":1,"href":"https:\/\/zabieszczaduj.pl\/quiz\/wp-json\/wp\/v2\/pages\/471\/revisions"}],"predecessor-version":[{"id":472,"href":"https:\/\/zabieszczaduj.pl\/quiz\/wp-json\/wp\/v2\/pages\/471\/revisions\/472"}],"wp:attachment":[{"href":"https:\/\/zabieszczaduj.pl\/quiz\/wp-json\/wp\/v2\/media?parent=471"}],"curies":[{"name":"wp","href":"https:\/\/api.w.org\/{rel}","templated":true}]}}