{"id":158,"date":"2014-08-09T11:46:10","date_gmt":"2014-08-09T09:46:10","guid":{"rendered":"http:\/\/zabieszczaduj.pl\/quiz\/?page_id=158"},"modified":"2015-07-20T00:34:52","modified_gmt":"2015-07-19T22:34:52","slug":"egzamin-2014","status":"publish","type":"page","link":"https:\/\/zabieszczaduj.pl\/quiz\/przewodnik\/egzamin-2014\/","title":{"rendered":"Egzamin testowy 2014"},"content":{"rendered":"<div class=\"fcbkbttn_buttons_block\" id=\"fcbkbttn_left\"><div class=\"fcbkbttn_like \"><fb:like href=\"https:\/\/zabieszczaduj.pl\/quiz\/przewodnik\/egzamin-2014\/\" action=\"like\" colorscheme=\"light\" layout=\"button_count\"  size=\"small\"><\/fb:like><\/div><\/div>        <div class=\"wpProQuiz_content\" id=\"wpProQuiz_5\">\n                    <div style=\"display: none;\" class=\"wpProQuiz_time_limit\">\n            <div class=\"time\">Limit czasu: <span>0<\/span><\/div>\n            <div class=\"wpProQuiz_progress\"><\/div>\n        <\/div>\n                <div class=\"wpProQuiz_checkPage\" style=\"display: none;\">\n            <h4 class=\"wpProQuiz_header\">Podsumowanie quizu<\/h4>\n\n            <p>\n                <span>0<\/span> z 15 pyta\u0144 uko\u0144czone            <\/p>\n\n            <p>Pytania:<\/p>\n\n            <div style=\"margin-bottom: 20px;\" class=\"wpProQuiz_box\">\n                <ol>\n                                            <li>1<\/li>\n                                            <li>2<\/li>\n                                            <li>3<\/li>\n                                            <li>4<\/li>\n                                            <li>5<\/li>\n                                            <li>6<\/li>\n                                            <li>7<\/li>\n                                            <li>8<\/li>\n                                            <li>9<\/li>\n                                            <li>10<\/li>\n                                            <li>11<\/li>\n                                            <li>12<\/li>\n                                            <li>13<\/li>\n                                            <li>14<\/li>\n                                            <li>15<\/li>\n                                    <\/ol>\n                <div style=\"clear: both;\"><\/div>\n            <\/div>\n\n            \n            <input type=\"button\" name=\"endQuizSummary\" value=\"Uko\u0144cz quiz\"\n                   class=\"wpProQuiz_button\">\n        <\/div>\n                <div class=\"wpProQuiz_infopage\" style=\"display: none;\">\n            <h4>Informacja<\/h4>\n\n            \n            <input type=\"button\" name=\"endInfopage\" value=\"Uko\u0144cz quiz\"\n                   class=\"wpProQuiz_button\">\n        <\/div>\n                <div class=\"wpProQuiz_text\">\n            <p>\n                <p>Beskidami nazywana jest grupa pasm g\u00f3rskich w Karpatach zewn\u0119trznych rozci\u0105gaj\u0105ca si\u0119 od rzeki Beczwy na zachodzie (Czechy) po rzek\u0119 Czeremosz (Ukraina) na wschodzie. Szeroko\u015b\u0107 pasma wynosi ok. 50\u201370 km, a ich d\u0142ugo\u015b\u0107 ok. 600 km.<\/p>\n<p><figure id=\"attachment_654\" aria-describedby=\"caption-attachment-654\" style=\"width: 640px\" class=\"wp-caption aligncenter\"><a href=\"http:\/\/zabieszczaduj.pl\/quiz\/wp-content\/uploads\/2015\/07\/wanderer-455338_1280.jpg\"><img fetchpriority=\"high\" decoding=\"async\" src=\"http:\/\/zabieszczaduj.pl\/quiz\/wp-content\/uploads\/2015\/07\/wanderer-455338_1280-1024x614.jpg\" alt=\"Foto: Pixabay.com\/Simon\" width=\"640\" height=\"384\" class=\"size-large wp-image-654\" srcset=\"https:\/\/zabieszczaduj.pl\/quiz\/wp-content\/uploads\/2015\/07\/wanderer-455338_1280-1024x614.jpg 1024w, https:\/\/zabieszczaduj.pl\/quiz\/wp-content\/uploads\/2015\/07\/wanderer-455338_1280-300x180.jpg 300w, https:\/\/zabieszczaduj.pl\/quiz\/wp-content\/uploads\/2015\/07\/wanderer-455338_1280-150x90.jpg 150w, https:\/\/zabieszczaduj.pl\/quiz\/wp-content\/uploads\/2015\/07\/wanderer-455338_1280.jpg 1280w\" sizes=\"(max-width: 640px) 100vw, 640px\" \/><\/a><figcaption id=\"caption-attachment-654\" class=\"wp-caption-text\">Foto: Pixabay.com\/Simon<\/figcaption><\/figure><\/p>\n<p>Gustaw Morcinek powiedzia\u0142 o Beskidach:<\/p>\n<blockquote><p>&#8230; Kto\u015b powiedzia\u0142, \u017ce Tatry to gotyk, Beskidy za\u015b \u2013 barok. \u00d3w barok widzimy nie tylko w kszta\u0142cie Beskid\u00f3w, lecz spotka\u0107 go mo\u017cna na ca\u0142ej tej ziemi. Sk\u0105dkolwiek na ni\u0105 spojrze\u0107, p\u0142ynie w mi\u0119kkich \u2013 falistych \u2013 \u0142agodnych liniach, i p\u0142ynie, zdawa\u0142oby si\u0119 na skraj \u015bwiata&#8230;&#8221;<\/p><\/blockquote>\n<p>&nbsp;<\/p>\n<p>Jaki z Ciebie przewodnik beskidzki? 5 minut i 15 pyta\u0144 &#8211; wszystkie zamkni\u0119te, do dzie\u0142a! \ud83d\ude09<\/p>\n            <\/p>\n\n            \n            <div>\n                <input class=\"wpProQuiz_button\" type=\"button\" value=\"Rozpocznij quiz\"\n                       name=\"startQuiz\">\n            <\/div>\n        <\/div>\n                <div style=\"display: none;\" class=\"wpProQuiz_lock\">\n            <p>\n                Ju\u017c uko\u0144czy\u0142e\u015b quiz. Nie mo\u017cesz rozpocz\u0105\u0107 jeszcze raz.            <\/p>\n        <\/div>\n                <div style=\"display: none;\" class=\"wpProQuiz_loadQuiz\">\n            <p>\n                \u0141adowanie quizu\u2026            <\/p>\n        <\/div>\n                <div style=\"display: none;\" class=\"wpProQuiz_startOnlyRegisteredUser\">\n            <p>\n                Musisz si\u0119 zalogowa\u0107, aby rozpocz\u0105\u0107 quiz.            <\/p>\n        <\/div>\n                <div style=\"display: none;\" class=\"wpProQuiz_prerequisite\">\n            <p>\n                Musisz uko\u0144czy\u0107 nast\u0119puj\u0105cy quiz, aby rozpocz\u0105\u0107 ten:                <span><\/span>\n            <\/p>\n        <\/div>\n                <div style=\"display: none;\" class=\"wpProQuiz_results\">\n            <h4 class=\"wpProQuiz_header\">Wyniki<\/h4>\n                            <p>\n                    udzielono odpowiedzi dobrze na <span class=\"wpProQuiz_correct_answer\">0<\/span> z <span>15<\/span>                <\/p>\n                            <p class=\"wpProQuiz_quiz_time\">\n                    Tw\u00f3j czas: <span><\/span>                <\/p>\n                        <p class=\"wpProQuiz_time_limit_expired\" style=\"display: none;\">\n                Czas si\u0119\u00a0sko\u0144czy\u0142            <\/p>\n                            <p class=\"wpProQuiz_points\">\n                    Zdoby\u0142e\u015b <span>0<\/span> z <span>0<\/span> punkt\u00f3w, (<span>0<\/span>)                <\/p>\n                                        <div class=\"wpProQuiz_resultTable\">\n                    <table>\n                        <tbody>\n                        <tr>\n                            <td class=\"wpProQuiz_resultName\">\u015aredni wynik<\/td>\n                            <td class=\"wpProQuiz_resultValue\">\n                                <div style=\"background-color: #6CA54C;\">&nbsp;<\/div>\n                                <span>&nbsp;<\/span>\n                            <\/td>\n                        <\/tr>\n                        <tr>\n                            <td class=\"wpProQuiz_resultName\">Tw\u00f3j wynik<\/td>\n                            <td class=\"wpProQuiz_resultValue\">\n                                <div style=\"background-color: #F79646;\">&nbsp;<\/div>\n                                <span>&nbsp;<\/span>\n                            <\/td>\n                        <\/tr>\n                        <\/tbody>\n                    <\/table>\n                <\/div>\n                        <div class=\"wpProQuiz_catOverview\" >\n                <h4>Kategorie<\/h4>\n\n                <div style=\"margin-top: 10px;\">\n                    <ol>\n                                                    <li data-category_id=\"3\">\n                                <span class=\"wpProQuiz_catName\">beskidy<\/span>\n                                <span class=\"wpProQuiz_catPercent\">0%<\/span>\n                            <\/li>\n                                                    <li data-category_id=\"6\">\n                                <span class=\"wpProQuiz_catName\">bieszczady<\/span>\n                                <span class=\"wpProQuiz_catPercent\">0%<\/span>\n                            <\/li>\n                                                    <li data-category_id=\"11\">\n                                <span class=\"wpProQuiz_catName\">gorce<\/span>\n                                <span class=\"wpProQuiz_catPercent\">0%<\/span>\n                            <\/li>\n                                                    <li data-category_id=\"2\">\n                                <span class=\"wpProQuiz_catName\">historia<\/span>\n                                <span class=\"wpProQuiz_catPercent\">0%<\/span>\n                            <\/li>\n                                                    <li data-category_id=\"9\">\n                                <span class=\"wpProQuiz_catName\">kultura<\/span>\n                                <span class=\"wpProQuiz_catPercent\">0%<\/span>\n                            <\/li>\n                                                    <li data-category_id=\"14\">\n                                <span class=\"wpProQuiz_catName\">makowski<\/span>\n                                <span class=\"wpProQuiz_catPercent\">0%<\/span>\n                            <\/li>\n                                                    <li data-category_id=\"12\">\n                                <span class=\"wpProQuiz_catName\">pog\u00f3rza, kotliny<\/span>\n                                <span class=\"wpProQuiz_catPercent\">0%<\/span>\n                            <\/li>\n                                                    <li data-category_id=\"13\">\n                                <span class=\"wpProQuiz_catName\">s\u0105decki<\/span>\n                                <span class=\"wpProQuiz_catPercent\">0%<\/span>\n                            <\/li>\n                                                    <li data-category_id=\"8\">\n                                <span class=\"wpProQuiz_catName\">\u015bl\u0105ski<\/span>\n                                <span class=\"wpProQuiz_catPercent\">0%<\/span>\n                            <\/li>\n                                                    <li data-category_id=\"10\">\n                                <span class=\"wpProQuiz_catName\">szlaki<\/span>\n                                <span class=\"wpProQuiz_catPercent\">0%<\/span>\n                            <\/li>\n                                                    <li data-category_id=\"4\">\n                                <span class=\"wpProQuiz_catName\">sztuka<\/span>\n                                <span class=\"wpProQuiz_catPercent\">0%<\/span>\n                            <\/li>\n                                                    <li data-category_id=\"5\">\n                                <span class=\"wpProQuiz_catName\">wyspowy<\/span>\n                                <span class=\"wpProQuiz_catPercent\">0%<\/span>\n                            <\/li>\n                                                    <li data-category_id=\"7\">\n                                <span class=\"wpProQuiz_catName\">\u017cywiecki<\/span>\n                                <span class=\"wpProQuiz_catPercent\">0%<\/span>\n                            <\/li>\n                                            <\/ol>\n                <\/div>\n            <\/div>\n            <div>\n                <ul class=\"wpProQuiz_resultsList\">\n                                            <li style=\"display: none;\">\n                            <div>\n                                <p>Ju\u017c po wszystkim, zobacz jak uplasowa\u0142 si\u0119 Tw\u00f3j wynik po\u015br\u00f3d innych!<\/p>\n                            <\/div>\n                        <\/li>\n                                    <\/ul>\n            <\/div>\n                    <div class=\"wpProQuiz_addToplist\" style=\"display: none;\">\n            <span style=\"font-weight: bold;\">Twoje wyniki zosta\u0142y dodane do podsumowania<\/span>\n\n            <div style=\"margin-top: 6px;\">\n                <div class=\"wpProQuiz_addToplistMessage\" style=\"display: none;\">\u0141adowanie<\/div>\n                <div class=\"wpProQuiz_addBox\">\n                    <div>\n\t\t\t\t\t\t<span>\n\t\t\t\t\t\t\t<label>\n                                Nazwa: <input type=\"text\" placeholder=\"Nazwa\" name=\"wpProQuiz_toplistName\" maxlength=\"15\" size=\"16\"\n                                                                            style=\"width: 150px;\">\n                            <\/label>\n\t\t\t\t\t\t\t<label>\n                                E-mail: <input type=\"email\"\n                                                                              placeholder=\"E-mail\"\n                                                                              name=\"wpProQuiz_toplistEmail\" size=\"20\"\n                                                                              style=\"width: 150px;\">\n                            <\/label>\n\t\t\t\t\t\t<\/span>\n\n                        <div style=\"margin-top: 5px;\">\n                            <label>\n                                Captcha: <input type=\"text\" name=\"wpProQuiz_captcha\"\n                                                                               size=\"8\" style=\"width: 50px;\">\n                            <\/label>\n                            <input type=\"hidden\" name=\"wpProQuiz_captchaPrefix\" value=\"0\">\n                            <img decoding=\"async\" alt=\"captcha\" src=\"\" class=\"wpProQuiz_captchaImg\" style=\"vertical-align: middle;\">\n                        <\/div>\n                    <\/div>\n                    <input class=\"wpProQuiz_button2\" type=\"submit\" value=\"Wy\u015blij\"\n                           name=\"wpProQuiz_toplistAdd\">\n                <\/div>\n            <\/div>\n        <\/div>\n                    <div style=\"margin: 10px 0px;\">\n                                    <input class=\"wpProQuiz_button\" type=\"button\" name=\"restartQuiz\"\n                           value=\"Restartuj quiz\">\n                                    <input class=\"wpProQuiz_button\" type=\"button\" name=\"reShowQuestion\"\n                           value=\"Widok pyta\u0144\">\n                                                    <input class=\"wpProQuiz_button\" type=\"button\" name=\"showToplist\"\n                           value=\"Poka\u017c tablic\u0119 wynik\u00f3w\">\n                            <\/div>\n        <\/div>\n                <div class=\"wpProQuiz_toplistShowInButton\" style=\"display: none;\">\n                    <div style=\"margin-bottom: 30px; margin-top: 10px;\" class=\"wpProQuiz_toplist\"\n             data-quiz_id=\"5\">\n                        <table class=\"wpProQuiz_toplistTable\">\n                <caption>max z 30 punkt\u00f3w<\/caption>\n                <thead>\n                <tr>\n                    <th style=\"width: 40px;\">#<\/th>\n                    <th style=\"text-align: left !important;\">Nazwa<\/th>\n                    <th style=\"width: 140px;\">Dodany<\/th>\n                    <th style=\"width: 60px;\">Punkty<\/th>\n                    <th style=\"width: 75px;\">Wynik<\/th>\n                <\/tr>\n                <\/thead>\n                <tbody>\n                <tr>\n                    <td colspan=\"5\">Tabela \u0142aduje si\u0119<\/td>\n                <\/tr>\n                <tr style=\"display: none;\">\n                    <td colspan=\"5\">Brak dost\u0119pnych danych<\/td>\n                <\/tr>\n                <tr style=\"display: none;\">\n                    <td><\/td>\n                    <td style=\"text-align: left !important;\"><\/td>\n                    <td style=\" color: rgb(124, 124, 124); font-size: x-small;\"><\/td>\n                    <td><\/td>\n                    <td><\/td>\n                <\/tr>\n                <\/tbody>\n            <\/table>\n        <\/div>\n\n                <\/div>\n                <div class=\"wpProQuiz_reviewDiv\" style=\"display: none;\">\n            <div class=\"wpProQuiz_reviewQuestion\">\n                <ol>\n                                            <li>1<\/li>\n                                            <li>2<\/li>\n                                            <li>3<\/li>\n                                            <li>4<\/li>\n                                            <li>5<\/li>\n                                            <li>6<\/li>\n                                            <li>7<\/li>\n                                            <li>8<\/li>\n                                            <li>9<\/li>\n                                            <li>10<\/li>\n                                            <li>11<\/li>\n                                            <li>12<\/li>\n                                            <li>13<\/li>\n                                            <li>14<\/li>\n                                            <li>15<\/li>\n                                    <\/ol>\n                <div style=\"display: none;\"><\/div>\n            <\/div>\n            <div class=\"wpProQuiz_reviewLegend\">\n                <ol>\n                    <li>\n                        <span class=\"wpProQuiz_reviewColor\" style=\"background-color: #6CA54C;\"><\/span>\n                        <span class=\"wpProQuiz_reviewText\">Udzielono odpowiedzi<\/span>\n                    <\/li>\n                    <li>\n                        <span class=\"wpProQuiz_reviewColor\" style=\"background-color: #FFB800;\"><\/span>\n                        <span class=\"wpProQuiz_reviewText\">Do sprawdzenia<\/span>\n                    <\/li>\n                <\/ol>\n                <div style=\"clear: both;\"><\/div>\n            <\/div>\n            <div>\n                                    <input type=\"button\" name=\"review\" value=\"Do sprawdzenia\"\n                           class=\"wpProQuiz_button2\" style=\"float: left; display: block;\">\n                                            <input type=\"button\" name=\"quizSummary\"\n                               value=\"Podsumowanie quizu\" class=\"wpProQuiz_button2\"\n                               style=\"float: right;\">\n                                        <div style=\"clear: both;\"><\/div>\n                            <\/div>\n        <\/div>\n                <div class=\"wpProQuiz_quizAnker\" style=\"display: none;\"><\/div>\n                <\/div>\n                <script type=\"text\/javascript\">\n            jQuery(document).ready(function ($) {\n                $('#wpProQuiz_5').wpProQuizFront({\n                    quizId: 5,\n                    mode: 1,\n                    timelimit: 300,\n                    resultsGrade: [0],\n                    bo: 17063,\n                    qpp: 0,\n                    formPos: 0,\n                    lbn: \"Podsumowanie quizu\"                });\n            });\n        <\/script>\n        \n<p><em>\u017ar\u00f3d\u0142o: <a href=\"http:\/\/zabieszczaduj.pl\/quiz\/wp-content\/uploads\/2014\/08\/malopolskie_krakow22-24.05.2014r..pdf\">Egzamin przewodnicki Krak\u00f3w 22.05.2014<\/a><\/em><\/p>\n","protected":false},"excerpt":{"rendered":"<p>\u017ar\u00f3d\u0142o: Egzamin przewodnicki Krak\u00f3w 22.05.2014<\/p>\n","protected":false},"author":1,"featured_media":0,"parent":40,"menu_order":0,"comment_status":"open","ping_status":"open","template":"","meta":{"_exactmetrics_skip_tracking":false,"_exactmetrics_sitenote_active":false,"_exactmetrics_sitenote_note":"","_exactmetrics_sitenote_category":0,"footnotes":""},"class_list":["post-158","page","type-page","status-publish","hentry"],"yoast_head":"<!-- This site is optimized with the Yoast SEO plugin v25.0 - https:\/\/yoast.com\/wordpress\/plugins\/seo\/ -->\n<title>Egzamin testowy 2014 - Bieszczadzki Quiz<\/title>\n<meta name=\"robots\" content=\"index, follow, max-snippet:-1, max-image-preview:large, max-video-preview:-1\" \/>\n<link rel=\"canonical\" href=\"https:\/\/zabieszczaduj.pl\/quiz\/przewodnik\/egzamin-2014\/\" \/>\n<meta property=\"og:locale\" content=\"pl_PL\" \/>\n<meta property=\"og:type\" content=\"article\" \/>\n<meta property=\"og:title\" content=\"Egzamin testowy 2014 - Bieszczadzki Quiz\" \/>\n<meta property=\"og:description\" content=\"\u017ar\u00f3d\u0142o: Egzamin przewodnicki Krak\u00f3w 22.05.2014\" \/>\n<meta property=\"og:url\" content=\"https:\/\/zabieszczaduj.pl\/quiz\/przewodnik\/egzamin-2014\/\" \/>\n<meta property=\"og:site_name\" content=\"Bieszczadzki Quiz\" \/>\n<meta property=\"article:modified_time\" content=\"2015-07-19T22:34:52+00:00\" \/>\n<script type=\"application\/ld+json\" class=\"yoast-schema-graph\">{\"@context\":\"https:\/\/schema.org\",\"@graph\":[{\"@type\":\"WebPage\",\"@id\":\"https:\/\/zabieszczaduj.pl\/quiz\/przewodnik\/egzamin-2014\/\",\"url\":\"https:\/\/zabieszczaduj.pl\/quiz\/przewodnik\/egzamin-2014\/\",\"name\":\"Egzamin testowy 2014 - Bieszczadzki Quiz\",\"isPartOf\":{\"@id\":\"https:\/\/zabieszczaduj.pl\/quiz\/#website\"},\"datePublished\":\"2014-08-09T09:46:10+00:00\",\"dateModified\":\"2015-07-19T22:34:52+00:00\",\"breadcrumb\":{\"@id\":\"https:\/\/zabieszczaduj.pl\/quiz\/przewodnik\/egzamin-2014\/#breadcrumb\"},\"inLanguage\":\"pl-PL\",\"potentialAction\":[{\"@type\":\"ReadAction\",\"target\":[\"https:\/\/zabieszczaduj.pl\/quiz\/przewodnik\/egzamin-2014\/\"]}]},{\"@type\":\"BreadcrumbList\",\"@id\":\"https:\/\/zabieszczaduj.pl\/quiz\/przewodnik\/egzamin-2014\/#breadcrumb\",\"itemListElement\":[{\"@type\":\"ListItem\",\"position\":1,\"name\":\"Strona g\u0142\u00f3wna\",\"item\":\"https:\/\/zabieszczaduj.pl\/quiz\/\"},{\"@type\":\"ListItem\",\"position\":2,\"name\":\"Przewodnik beskidzki\",\"item\":\"https:\/\/zabieszczaduj.pl\/quiz\/przewodnik\/\"},{\"@type\":\"ListItem\",\"position\":3,\"name\":\"Egzamin testowy 2014\"}]},{\"@type\":\"WebSite\",\"@id\":\"https:\/\/zabieszczaduj.pl\/quiz\/#website\",\"url\":\"https:\/\/zabieszczaduj.pl\/quiz\/\",\"name\":\"Bieszczadzki Quiz\",\"description\":\"G&oacute;ry i ludzie, w\u0119dr&oacute;wki z plecakiem, pi\u0119kne widoki i schroniskowe bazy zawsze szeroko otwarte dla zdobywaj\u0105cych Bieszczady\",\"potentialAction\":[{\"@type\":\"SearchAction\",\"target\":{\"@type\":\"EntryPoint\",\"urlTemplate\":\"https:\/\/zabieszczaduj.pl\/quiz\/?s={search_term_string}\"},\"query-input\":{\"@type\":\"PropertyValueSpecification\",\"valueRequired\":true,\"valueName\":\"search_term_string\"}}],\"inLanguage\":\"pl-PL\"}]}<\/script>\n<!-- \/ Yoast SEO plugin. -->","yoast_head_json":{"title":"Egzamin testowy 2014 - Bieszczadzki Quiz","robots":{"index":"index","follow":"follow","max-snippet":"max-snippet:-1","max-image-preview":"max-image-preview:large","max-video-preview":"max-video-preview:-1"},"canonical":"https:\/\/zabieszczaduj.pl\/quiz\/przewodnik\/egzamin-2014\/","og_locale":"pl_PL","og_type":"article","og_title":"Egzamin testowy 2014 - Bieszczadzki Quiz","og_description":"\u017ar\u00f3d\u0142o: Egzamin przewodnicki Krak\u00f3w 22.05.2014","og_url":"https:\/\/zabieszczaduj.pl\/quiz\/przewodnik\/egzamin-2014\/","og_site_name":"Bieszczadzki Quiz","article_modified_time":"2015-07-19T22:34:52+00:00","schema":{"@context":"https:\/\/schema.org","@graph":[{"@type":"WebPage","@id":"https:\/\/zabieszczaduj.pl\/quiz\/przewodnik\/egzamin-2014\/","url":"https:\/\/zabieszczaduj.pl\/quiz\/przewodnik\/egzamin-2014\/","name":"Egzamin testowy 2014 - Bieszczadzki Quiz","isPartOf":{"@id":"https:\/\/zabieszczaduj.pl\/quiz\/#website"},"datePublished":"2014-08-09T09:46:10+00:00","dateModified":"2015-07-19T22:34:52+00:00","breadcrumb":{"@id":"https:\/\/zabieszczaduj.pl\/quiz\/przewodnik\/egzamin-2014\/#breadcrumb"},"inLanguage":"pl-PL","potentialAction":[{"@type":"ReadAction","target":["https:\/\/zabieszczaduj.pl\/quiz\/przewodnik\/egzamin-2014\/"]}]},{"@type":"BreadcrumbList","@id":"https:\/\/zabieszczaduj.pl\/quiz\/przewodnik\/egzamin-2014\/#breadcrumb","itemListElement":[{"@type":"ListItem","position":1,"name":"Strona g\u0142\u00f3wna","item":"https:\/\/zabieszczaduj.pl\/quiz\/"},{"@type":"ListItem","position":2,"name":"Przewodnik beskidzki","item":"https:\/\/zabieszczaduj.pl\/quiz\/przewodnik\/"},{"@type":"ListItem","position":3,"name":"Egzamin testowy 2014"}]},{"@type":"WebSite","@id":"https:\/\/zabieszczaduj.pl\/quiz\/#website","url":"https:\/\/zabieszczaduj.pl\/quiz\/","name":"Bieszczadzki Quiz","description":"G&oacute;ry i ludzie, w\u0119dr&oacute;wki z plecakiem, pi\u0119kne widoki i schroniskowe bazy zawsze szeroko otwarte dla zdobywaj\u0105cych Bieszczady","potentialAction":[{"@type":"SearchAction","target":{"@type":"EntryPoint","urlTemplate":"https:\/\/zabieszczaduj.pl\/quiz\/?s={search_term_string}"},"query-input":{"@type":"PropertyValueSpecification","valueRequired":true,"valueName":"search_term_string"}}],"inLanguage":"pl-PL"}]}},"_links":{"self":[{"href":"https:\/\/zabieszczaduj.pl\/quiz\/wp-json\/wp\/v2\/pages\/158","targetHints":{"allow":["GET"]}}],"collection":[{"href":"https:\/\/zabieszczaduj.pl\/quiz\/wp-json\/wp\/v2\/pages"}],"about":[{"href":"https:\/\/zabieszczaduj.pl\/quiz\/wp-json\/wp\/v2\/types\/page"}],"author":[{"embeddable":true,"href":"https:\/\/zabieszczaduj.pl\/quiz\/wp-json\/wp\/v2\/users\/1"}],"replies":[{"embeddable":true,"href":"https:\/\/zabieszczaduj.pl\/quiz\/wp-json\/wp\/v2\/comments?post=158"}],"version-history":[{"count":2,"href":"https:\/\/zabieszczaduj.pl\/quiz\/wp-json\/wp\/v2\/pages\/158\/revisions"}],"predecessor-version":[{"id":628,"href":"https:\/\/zabieszczaduj.pl\/quiz\/wp-json\/wp\/v2\/pages\/158\/revisions\/628"}],"up":[{"embeddable":true,"href":"https:\/\/zabieszczaduj.pl\/quiz\/wp-json\/wp\/v2\/pages\/40"}],"wp:attachment":[{"href":"https:\/\/zabieszczaduj.pl\/quiz\/wp-json\/wp\/v2\/media?parent=158"}],"curies":[{"name":"wp","href":"https:\/\/api.w.org\/{rel}","templated":true}]}}