{"id":1046,"date":"2015-08-23T09:30:19","date_gmt":"2015-08-23T07:30:19","guid":{"rendered":"http:\/\/zabieszczaduj.pl\/quiz\/?post_type=status-message&#038;p=1046"},"modified":"2015-11-02T21:27:39","modified_gmt":"2015-11-02T20:27:39","slug":"dzien-2","status":"publish","type":"page","link":"https:\/\/zabieszczaduj.pl\/quiz\/idac-przez-glowny-szlak-beskidzki\/dzien-2\/","title":{"rendered":"Dzie\u0144 2: Sosz\u00f3w Wielki &#8211; schronisko PTTK na Przys\u0142opie pod Barani\u0105 G\u00f3r\u0105"},"content":{"rendered":"<div class=\"fcbkbttn_buttons_block\" id=\"fcbkbttn_left\"><div class=\"fcbkbttn_like \"><fb:like href=\"https:\/\/zabieszczaduj.pl\/quiz\/idac-przez-glowny-szlak-beskidzki\/dzien-2\/\" action=\"like\" colorscheme=\"light\" layout=\"button_count\"  size=\"small\"><\/fb:like><\/div><\/div><p>Wczoraj szczytem marze\u0144 by\u0142 sma\u017een\u00fd s\u00fdr i kofola u naszych s\u0105siad\u00f3w, dzi\u015b od granicy pora ju\u017c odej\u015b\u0107, a na Kubalonce zakosztowa\u0107 \u015bwie\u017co wyci\u015bni\u0119tego soku \ud83d\ude42 Do Schronisko G\u00f3rskie PTTK Przys\u0142op pod Barani\u0105 G\u00f3r\u0105 jeszcze 3h, wi\u0119c to nadal jeszcze leniwa niedziela.<\/p>\n<div class=\"fbfpi_photo\"><img decoding=\"async\" src=\"http:\/\/zabieszczaduj.pl\/quiz\/wp-content\/uploads\/2015\/10\/fbfpi_804e7dda6afe5a3c98093bb50b1a7000.jpg\"><\/div>\n<p>Podchodz\u0105c na Barani\u0105 G\u00f3r\u0119 przychodzi wreszczcie prze\u0142ama\u0107 wysoko\u015b\u0107 1000m n.p.m. &#8211; cho\u0107 suma podej\u015b\u0107 to do teraz ponad 1600, to zawsze kilku metr\u00f3w brakowa\u0142o. Za chwil\u0119 r\u00f3wnie\u017c 50km w\u0119dr\u00f3wki. W schronisku mo\u017cna spotka\u0107 poda\u017caj\u0105cych tym\u017ce samym czerwonym szlakiem przynajmniej do pi\u0105tku &#8211; dzi\u015b wieczorem pewnie zn\u00f3w si\u0119 spotkamy w schronisku S\u0142owianka. Ostatnio na rajdzie nocowa\u0142em tu na korytarzu, tej nocy zajmowali\u015bmy raptem 3 pokoje. Na Przys\u0142opie bez zasi\u0119gu i tak bez niego w razie co pozostaj\u0119 w godz pracy, w pierwszym dniu swojego urlopu;)<\/p>\n<div class=\"fbfpi_photo\"><img decoding=\"async\" src=\"http:\/\/zabieszczaduj.pl\/quiz\/wp-content\/uploads\/2015\/10\/fbfpi_fbef5b467ec1963feea2f13a4935fd90.jpg\"><\/div>\n","protected":false},"excerpt":{"rendered":"<p>Wczoraj szczytem marze\u0144 by\u0142 sma\u017een\u00fd s\u00fdr i kofola u naszych s\u0105siad\u00f3w, dzi\u015b od granicy pora ju\u017c odej\u015b\u0107, a na Kubalonce zakosztowa\u0107 \u015bwie\u017co wyci\u015bni\u0119tego soku \ud83d\ude42 Do Schronisko G\u00f3rskie PTTK Przys\u0142op pod Barani\u0105 G\u00f3r\u0105 jeszcze 3h, wi\u0119c to nadal jeszcze leniwa niedziela.<\/p>\n","protected":false},"author":1,"featured_media":1047,"parent":1040,"menu_order":0,"comment_status":"closed","ping_status":"closed","template":"","meta":{"_exactmetrics_skip_tracking":false,"_exactmetrics_sitenote_active":false,"_exactmetrics_sitenote_note":"","_exactmetrics_sitenote_category":0,"footnotes":""},"class_list":["post-1046","page","type-page","status-publish","has-post-thumbnail","hentry"],"yoast_head":"<!-- This site is optimized with the Yoast SEO plugin v25.0 - https:\/\/yoast.com\/wordpress\/plugins\/seo\/ -->\n<title>Dzie\u0144 2: Sosz\u00f3w Wielki - schronisko PTTK na Przys\u0142opie pod Barani\u0105 G\u00f3r\u0105 - Bieszczadzki Quiz<\/title>\n<meta name=\"robots\" content=\"index, follow, max-snippet:-1, max-image-preview:large, max-video-preview:-1\" \/>\n<link rel=\"canonical\" href=\"https:\/\/zabieszczaduj.pl\/quiz\/idac-przez-glowny-szlak-beskidzki\/dzien-2\/\" \/>\n<meta property=\"og:locale\" content=\"pl_PL\" \/>\n<meta property=\"og:type\" content=\"article\" \/>\n<meta property=\"og:title\" content=\"Dzie\u0144 2: Sosz\u00f3w Wielki - schronisko PTTK na Przys\u0142opie pod Barani\u0105 G\u00f3r\u0105 - Bieszczadzki Quiz\" \/>\n<meta property=\"og:description\" content=\"Wczoraj szczytem marze\u0144 by\u0142 sma\u017een\u00fd s\u00fdr i kofola u naszych s\u0105siad\u00f3w, dzi\u015b od granicy pora ju\u017c odej\u015b\u0107, a na Kubalonce zakosztowa\u0107 \u015bwie\u017co wyci\u015bni\u0119tego soku :) Do Schronisko G\u00f3rskie PTTK Przys\u0142op pod Barani\u0105 G\u00f3r\u0105 jeszcze 3h, wi\u0119c to nadal jeszcze leniwa niedziela.\" \/>\n<meta property=\"og:url\" content=\"https:\/\/zabieszczaduj.pl\/quiz\/idac-przez-glowny-szlak-beskidzki\/dzien-2\/\" \/>\n<meta property=\"og:site_name\" content=\"Bieszczadzki Quiz\" \/>\n<meta property=\"article:modified_time\" content=\"2015-11-02T20:27:39+00:00\" \/>\n<meta property=\"og:image\" content=\"https:\/\/zabieszczaduj.pl\/quiz\/wp-content\/uploads\/2015\/10\/fbfpi_804e7dda6afe5a3c98093bb50b1a7000.jpg\" \/>\n\t<meta property=\"og:image:width\" content=\"960\" \/>\n\t<meta property=\"og:image:height\" content=\"960\" \/>\n\t<meta property=\"og:image:type\" content=\"image\/jpeg\" \/>\n<meta name=\"twitter:label1\" content=\"Szacowany czas czytania\" \/>\n\t<meta name=\"twitter:data1\" content=\"1 minuta\" \/>\n<script type=\"application\/ld+json\" class=\"yoast-schema-graph\">{\"@context\":\"https:\/\/schema.org\",\"@graph\":[{\"@type\":\"WebPage\",\"@id\":\"https:\/\/zabieszczaduj.pl\/quiz\/idac-przez-glowny-szlak-beskidzki\/dzien-2\/\",\"url\":\"https:\/\/zabieszczaduj.pl\/quiz\/idac-przez-glowny-szlak-beskidzki\/dzien-2\/\",\"name\":\"Dzie\u0144 2: Sosz\u00f3w Wielki - schronisko PTTK na Przys\u0142opie pod Barani\u0105 G\u00f3r\u0105 - Bieszczadzki Quiz\",\"isPartOf\":{\"@id\":\"https:\/\/zabieszczaduj.pl\/quiz\/#website\"},\"primaryImageOfPage\":{\"@id\":\"https:\/\/zabieszczaduj.pl\/quiz\/idac-przez-glowny-szlak-beskidzki\/dzien-2\/#primaryimage\"},\"image\":{\"@id\":\"https:\/\/zabieszczaduj.pl\/quiz\/idac-przez-glowny-szlak-beskidzki\/dzien-2\/#primaryimage\"},\"thumbnailUrl\":\"https:\/\/zabieszczaduj.pl\/quiz\/wp-content\/uploads\/2015\/10\/fbfpi_804e7dda6afe5a3c98093bb50b1a7000.jpg\",\"datePublished\":\"2015-08-23T07:30:19+00:00\",\"dateModified\":\"2015-11-02T20:27:39+00:00\",\"breadcrumb\":{\"@id\":\"https:\/\/zabieszczaduj.pl\/quiz\/idac-przez-glowny-szlak-beskidzki\/dzien-2\/#breadcrumb\"},\"inLanguage\":\"pl-PL\",\"potentialAction\":[{\"@type\":\"ReadAction\",\"target\":[\"https:\/\/zabieszczaduj.pl\/quiz\/idac-przez-glowny-szlak-beskidzki\/dzien-2\/\"]}]},{\"@type\":\"ImageObject\",\"inLanguage\":\"pl-PL\",\"@id\":\"https:\/\/zabieszczaduj.pl\/quiz\/idac-przez-glowny-szlak-beskidzki\/dzien-2\/#primaryimage\",\"url\":\"https:\/\/zabieszczaduj.pl\/quiz\/wp-content\/uploads\/2015\/10\/fbfpi_804e7dda6afe5a3c98093bb50b1a7000.jpg\",\"contentUrl\":\"https:\/\/zabieszczaduj.pl\/quiz\/wp-content\/uploads\/2015\/10\/fbfpi_804e7dda6afe5a3c98093bb50b1a7000.jpg\",\"width\":960,\"height\":960},{\"@type\":\"BreadcrumbList\",\"@id\":\"https:\/\/zabieszczaduj.pl\/quiz\/idac-przez-glowny-szlak-beskidzki\/dzien-2\/#breadcrumb\",\"itemListElement\":[{\"@type\":\"ListItem\",\"position\":1,\"name\":\"Strona g\u0142\u00f3wna\",\"item\":\"https:\/\/zabieszczaduj.pl\/quiz\/\"},{\"@type\":\"ListItem\",\"position\":2,\"name\":\"Id\u0105c przez G\u0142\u00f3wny Szlak Beskidzki pod\u0105\u017ca si\u0119 &#8230;\",\"item\":\"https:\/\/zabieszczaduj.pl\/quiz\/idac-przez-glowny-szlak-beskidzki\/\"},{\"@type\":\"ListItem\",\"position\":3,\"name\":\"Dzie\u0144 2: Sosz\u00f3w Wielki &#8211; schronisko PTTK na Przys\u0142opie pod Barani\u0105 G\u00f3r\u0105\"}]},{\"@type\":\"WebSite\",\"@id\":\"https:\/\/zabieszczaduj.pl\/quiz\/#website\",\"url\":\"https:\/\/zabieszczaduj.pl\/quiz\/\",\"name\":\"Bieszczadzki Quiz\",\"description\":\"G&oacute;ry i ludzie, w\u0119dr&oacute;wki z plecakiem, pi\u0119kne widoki i schroniskowe bazy zawsze szeroko otwarte dla zdobywaj\u0105cych Bieszczady\",\"potentialAction\":[{\"@type\":\"SearchAction\",\"target\":{\"@type\":\"EntryPoint\",\"urlTemplate\":\"https:\/\/zabieszczaduj.pl\/quiz\/?s={search_term_string}\"},\"query-input\":{\"@type\":\"PropertyValueSpecification\",\"valueRequired\":true,\"valueName\":\"search_term_string\"}}],\"inLanguage\":\"pl-PL\"}]}<\/script>\n<!-- \/ Yoast SEO plugin. -->","yoast_head_json":{"title":"Dzie\u0144 2: Sosz\u00f3w Wielki - schronisko PTTK na Przys\u0142opie pod Barani\u0105 G\u00f3r\u0105 - Bieszczadzki Quiz","robots":{"index":"index","follow":"follow","max-snippet":"max-snippet:-1","max-image-preview":"max-image-preview:large","max-video-preview":"max-video-preview:-1"},"canonical":"https:\/\/zabieszczaduj.pl\/quiz\/idac-przez-glowny-szlak-beskidzki\/dzien-2\/","og_locale":"pl_PL","og_type":"article","og_title":"Dzie\u0144 2: Sosz\u00f3w Wielki - schronisko PTTK na Przys\u0142opie pod Barani\u0105 G\u00f3r\u0105 - Bieszczadzki Quiz","og_description":"Wczoraj szczytem marze\u0144 by\u0142 sma\u017een\u00fd s\u00fdr i kofola u naszych s\u0105siad\u00f3w, dzi\u015b od granicy pora ju\u017c odej\u015b\u0107, a na Kubalonce zakosztowa\u0107 \u015bwie\u017co wyci\u015bni\u0119tego soku :) Do Schronisko G\u00f3rskie PTTK Przys\u0142op pod Barani\u0105 G\u00f3r\u0105 jeszcze 3h, wi\u0119c to nadal jeszcze leniwa niedziela.","og_url":"https:\/\/zabieszczaduj.pl\/quiz\/idac-przez-glowny-szlak-beskidzki\/dzien-2\/","og_site_name":"Bieszczadzki Quiz","article_modified_time":"2015-11-02T20:27:39+00:00","og_image":[{"width":960,"height":960,"url":"https:\/\/zabieszczaduj.pl\/quiz\/wp-content\/uploads\/2015\/10\/fbfpi_804e7dda6afe5a3c98093bb50b1a7000.jpg","type":"image\/jpeg"}],"twitter_misc":{"Szacowany czas czytania":"1 minuta"},"schema":{"@context":"https:\/\/schema.org","@graph":[{"@type":"WebPage","@id":"https:\/\/zabieszczaduj.pl\/quiz\/idac-przez-glowny-szlak-beskidzki\/dzien-2\/","url":"https:\/\/zabieszczaduj.pl\/quiz\/idac-przez-glowny-szlak-beskidzki\/dzien-2\/","name":"Dzie\u0144 2: Sosz\u00f3w Wielki - schronisko PTTK na Przys\u0142opie pod Barani\u0105 G\u00f3r\u0105 - Bieszczadzki Quiz","isPartOf":{"@id":"https:\/\/zabieszczaduj.pl\/quiz\/#website"},"primaryImageOfPage":{"@id":"https:\/\/zabieszczaduj.pl\/quiz\/idac-przez-glowny-szlak-beskidzki\/dzien-2\/#primaryimage"},"image":{"@id":"https:\/\/zabieszczaduj.pl\/quiz\/idac-przez-glowny-szlak-beskidzki\/dzien-2\/#primaryimage"},"thumbnailUrl":"https:\/\/zabieszczaduj.pl\/quiz\/wp-content\/uploads\/2015\/10\/fbfpi_804e7dda6afe5a3c98093bb50b1a7000.jpg","datePublished":"2015-08-23T07:30:19+00:00","dateModified":"2015-11-02T20:27:39+00:00","breadcrumb":{"@id":"https:\/\/zabieszczaduj.pl\/quiz\/idac-przez-glowny-szlak-beskidzki\/dzien-2\/#breadcrumb"},"inLanguage":"pl-PL","potentialAction":[{"@type":"ReadAction","target":["https:\/\/zabieszczaduj.pl\/quiz\/idac-przez-glowny-szlak-beskidzki\/dzien-2\/"]}]},{"@type":"ImageObject","inLanguage":"pl-PL","@id":"https:\/\/zabieszczaduj.pl\/quiz\/idac-przez-glowny-szlak-beskidzki\/dzien-2\/#primaryimage","url":"https:\/\/zabieszczaduj.pl\/quiz\/wp-content\/uploads\/2015\/10\/fbfpi_804e7dda6afe5a3c98093bb50b1a7000.jpg","contentUrl":"https:\/\/zabieszczaduj.pl\/quiz\/wp-content\/uploads\/2015\/10\/fbfpi_804e7dda6afe5a3c98093bb50b1a7000.jpg","width":960,"height":960},{"@type":"BreadcrumbList","@id":"https:\/\/zabieszczaduj.pl\/quiz\/idac-przez-glowny-szlak-beskidzki\/dzien-2\/#breadcrumb","itemListElement":[{"@type":"ListItem","position":1,"name":"Strona g\u0142\u00f3wna","item":"https:\/\/zabieszczaduj.pl\/quiz\/"},{"@type":"ListItem","position":2,"name":"Id\u0105c przez G\u0142\u00f3wny Szlak Beskidzki pod\u0105\u017ca si\u0119 &#8230;","item":"https:\/\/zabieszczaduj.pl\/quiz\/idac-przez-glowny-szlak-beskidzki\/"},{"@type":"ListItem","position":3,"name":"Dzie\u0144 2: Sosz\u00f3w Wielki &#8211; schronisko PTTK na Przys\u0142opie pod Barani\u0105 G\u00f3r\u0105"}]},{"@type":"WebSite","@id":"https:\/\/zabieszczaduj.pl\/quiz\/#website","url":"https:\/\/zabieszczaduj.pl\/quiz\/","name":"Bieszczadzki Quiz","description":"G&oacute;ry i ludzie, w\u0119dr&oacute;wki z plecakiem, pi\u0119kne widoki i schroniskowe bazy zawsze szeroko otwarte dla zdobywaj\u0105cych Bieszczady","potentialAction":[{"@type":"SearchAction","target":{"@type":"EntryPoint","urlTemplate":"https:\/\/zabieszczaduj.pl\/quiz\/?s={search_term_string}"},"query-input":{"@type":"PropertyValueSpecification","valueRequired":true,"valueName":"search_term_string"}}],"inLanguage":"pl-PL"}]}},"_links":{"self":[{"href":"https:\/\/zabieszczaduj.pl\/quiz\/wp-json\/wp\/v2\/pages\/1046","targetHints":{"allow":["GET"]}}],"collection":[{"href":"https:\/\/zabieszczaduj.pl\/quiz\/wp-json\/wp\/v2\/pages"}],"about":[{"href":"https:\/\/zabieszczaduj.pl\/quiz\/wp-json\/wp\/v2\/types\/page"}],"author":[{"embeddable":true,"href":"https:\/\/zabieszczaduj.pl\/quiz\/wp-json\/wp\/v2\/users\/1"}],"replies":[{"embeddable":true,"href":"https:\/\/zabieszczaduj.pl\/quiz\/wp-json\/wp\/v2\/comments?post=1046"}],"version-history":[{"count":2,"href":"https:\/\/zabieszczaduj.pl\/quiz\/wp-json\/wp\/v2\/pages\/1046\/revisions"}],"predecessor-version":[{"id":1198,"href":"https:\/\/zabieszczaduj.pl\/quiz\/wp-json\/wp\/v2\/pages\/1046\/revisions\/1198"}],"up":[{"embeddable":true,"href":"https:\/\/zabieszczaduj.pl\/quiz\/wp-json\/wp\/v2\/pages\/1040"}],"wp:featuredmedia":[{"embeddable":true,"href":"https:\/\/zabieszczaduj.pl\/quiz\/wp-json\/wp\/v2\/media\/1047"}],"wp:attachment":[{"href":"https:\/\/zabieszczaduj.pl\/quiz\/wp-json\/wp\/v2\/media?parent=1046"}],"curies":[{"name":"wp","href":"https:\/\/api.w.org\/{rel}","templated":true}]}}