{"id":1034,"date":"2015-08-26T10:27:22","date_gmt":"2015-08-26T08:27:22","guid":{"rendered":"http:\/\/zabieszczaduj.pl\/quiz\/?post_type=status-message&#038;p=1034"},"modified":"2015-11-02T21:30:47","modified_gmt":"2015-11-02T20:30:47","slug":"dzien-5","status":"publish","type":"page","link":"https:\/\/zabieszczaduj.pl\/quiz\/idac-przez-glowny-szlak-beskidzki\/dzien-5\/","title":{"rendered":"Dzie\u0144 5: schronisko PTTK na Hali Miziowej &#8211; baza namiotowa &#8222;G\u0142uchaczki&#8221;"},"content":{"rendered":"<div class=\"fcbkbttn_buttons_block\" id=\"fcbkbttn_left\"><div class=\"fcbkbttn_like \"><fb:like href=\"https:\/\/zabieszczaduj.pl\/quiz\/idac-przez-glowny-szlak-beskidzki\/dzien-5\/\" action=\"like\" colorscheme=\"light\" layout=\"button_count\"  size=\"small\"><\/fb:like><\/div><\/div><p>Trudno zaopatrywa\u0107 si\u0119 po drodze w czasie takiej suszy, pod Pilskiem jednak si\u0119 uda\u0142o. Dalej droga wiod\u0142a przez prze\u0142\u0119cz Glinne, gdzie '\u017arode\u0142kiem&#8217; by\u0142a Oravsk\u00e1 Polhora &#8211; najdalej na p\u00f3\u0142noc wysuni\u0119ta miejscowo\u015b\u0107 kraju geograficznie i historycznie nale\u017c\u0105ca do Orawy.<br \/>\nZ uzdrowiska S\u0142ona Woda biegnie najstarszy szlak turystyczny na szczyt Babiej G\u00f3ry i jeden z najstarszych w Beskidach Zachodnich. \u0179r\u00f3d\u0142o w S\u0142onej Wodzie by\u0142o znane ju\u017c w \u015bredniowieczu, a w 1550 r. znalaz\u0142o si\u0119 na mapie G\u00f3rnej Orawy.<\/p>\n<div class=\"fbfpi_photo\"><img decoding=\"async\" src=\"http:\/\/zabieszczaduj.pl\/quiz\/wp-content\/uploads\/2015\/10\/fbfpi_f44920acaef4f6dc6b4d7dc7391b4a31.jpg\"><\/div>\n","protected":false},"excerpt":{"rendered":"<p>Trudno zaopatrywa\u0107 si\u0119 po drodze w czasie takiej suszy, pod Pilskiem jednak si\u0119 uda\u0142o. Dalej droga wiod\u0142a przez prze\u0142\u0119cz Glinne, gdzie '\u017arode\u0142kiem&#8217; by\u0142a Oravsk\u00e1 Polhora &#8211; najdalej na p\u00f3\u0142noc wysuni\u0119ta miejscowo\u015b\u0107 kraju geograficznie i historycznie nale\u017c\u0105ca do Orawy.<br \/>\nZ uzdrowiska S\u0142ona Woda biegnie najstarszy szlak turystyczny na szczyt Babiej G\u00f3ry i jeden z najstarszych w Beskidach Zachodnich. \u0179r\u00f3d\u0142o w S\u0142onej Wodzie by\u0142o znane ju\u017c w \u015bredniowieczu, a w 1550 r. znalaz\u0142o si\u0119 na mapie G\u00f3rnej Orawy.<\/p>\n","protected":false},"author":1,"featured_media":1035,"parent":1040,"menu_order":0,"comment_status":"closed","ping_status":"closed","template":"","meta":{"_exactmetrics_skip_tracking":false,"_exactmetrics_sitenote_active":false,"_exactmetrics_sitenote_note":"","_exactmetrics_sitenote_category":0,"footnotes":""},"class_list":["post-1034","page","type-page","status-publish","has-post-thumbnail","hentry"],"yoast_head":"<!-- This site is optimized with the Yoast SEO plugin v25.0 - https:\/\/yoast.com\/wordpress\/plugins\/seo\/ -->\n<title>Dzie\u0144 5: schronisko PTTK na Hali Miziowej - baza namiotowa &quot;G\u0142uchaczki&quot; - Bieszczadzki Quiz<\/title>\n<meta name=\"robots\" content=\"index, follow, max-snippet:-1, max-image-preview:large, max-video-preview:-1\" \/>\n<link rel=\"canonical\" href=\"https:\/\/zabieszczaduj.pl\/quiz\/idac-przez-glowny-szlak-beskidzki\/dzien-5\/\" \/>\n<meta property=\"og:locale\" content=\"pl_PL\" \/>\n<meta property=\"og:type\" content=\"article\" \/>\n<meta property=\"og:title\" content=\"Dzie\u0144 5: schronisko PTTK na Hali Miziowej - baza namiotowa &quot;G\u0142uchaczki&quot; - Bieszczadzki Quiz\" \/>\n<meta property=\"og:description\" content=\"Trudno zaopatrywa\u0107 si\u0119 po drodze w czasie takiej suszy, pod Pilskiem jednak si\u0119 uda\u0142o. Dalej droga wiod\u0142a przez prze\u0142\u0119cz Glinne, gdzie &#039;\u017arode\u0142kiem&#039; by\u0142a Oravsk\u00e1 Polhora - najdalej na p\u00f3\u0142noc wysuni\u0119ta miejscowo\u015b\u0107 kraju geograficznie i historycznie nale\u017c\u0105ca do Orawy. Z uzdrowiska S\u0142ona Woda biegnie najstarszy szlak turystyczny na szczyt Babiej G\u00f3ry i jeden z najstarszych w Beskidach Zachodnich. \u0179r\u00f3d\u0142o w S\u0142onej Wodzie by\u0142o znane ju\u017c w \u015bredniowieczu, a w 1550 r. znalaz\u0142o si\u0119 na mapie G\u00f3rnej Orawy.\" \/>\n<meta property=\"og:url\" content=\"https:\/\/zabieszczaduj.pl\/quiz\/idac-przez-glowny-szlak-beskidzki\/dzien-5\/\" \/>\n<meta property=\"og:site_name\" content=\"Bieszczadzki Quiz\" \/>\n<meta property=\"article:modified_time\" content=\"2015-11-02T20:30:47+00:00\" \/>\n<meta property=\"og:image\" content=\"https:\/\/zabieszczaduj.pl\/quiz\/wp-content\/uploads\/2015\/10\/fbfpi_f44920acaef4f6dc6b4d7dc7391b4a31.jpg\" \/>\n\t<meta property=\"og:image:width\" content=\"960\" \/>\n\t<meta property=\"og:image:height\" content=\"960\" \/>\n\t<meta property=\"og:image:type\" content=\"image\/jpeg\" \/>\n<script type=\"application\/ld+json\" class=\"yoast-schema-graph\">{\"@context\":\"https:\/\/schema.org\",\"@graph\":[{\"@type\":\"WebPage\",\"@id\":\"https:\/\/zabieszczaduj.pl\/quiz\/idac-przez-glowny-szlak-beskidzki\/dzien-5\/\",\"url\":\"https:\/\/zabieszczaduj.pl\/quiz\/idac-przez-glowny-szlak-beskidzki\/dzien-5\/\",\"name\":\"Dzie\u0144 5: schronisko PTTK na Hali Miziowej - baza namiotowa \\\"G\u0142uchaczki\\\" - Bieszczadzki Quiz\",\"isPartOf\":{\"@id\":\"https:\/\/zabieszczaduj.pl\/quiz\/#website\"},\"primaryImageOfPage\":{\"@id\":\"https:\/\/zabieszczaduj.pl\/quiz\/idac-przez-glowny-szlak-beskidzki\/dzien-5\/#primaryimage\"},\"image\":{\"@id\":\"https:\/\/zabieszczaduj.pl\/quiz\/idac-przez-glowny-szlak-beskidzki\/dzien-5\/#primaryimage\"},\"thumbnailUrl\":\"https:\/\/zabieszczaduj.pl\/quiz\/wp-content\/uploads\/2015\/10\/fbfpi_f44920acaef4f6dc6b4d7dc7391b4a31.jpg\",\"datePublished\":\"2015-08-26T08:27:22+00:00\",\"dateModified\":\"2015-11-02T20:30:47+00:00\",\"breadcrumb\":{\"@id\":\"https:\/\/zabieszczaduj.pl\/quiz\/idac-przez-glowny-szlak-beskidzki\/dzien-5\/#breadcrumb\"},\"inLanguage\":\"pl-PL\",\"potentialAction\":[{\"@type\":\"ReadAction\",\"target\":[\"https:\/\/zabieszczaduj.pl\/quiz\/idac-przez-glowny-szlak-beskidzki\/dzien-5\/\"]}]},{\"@type\":\"ImageObject\",\"inLanguage\":\"pl-PL\",\"@id\":\"https:\/\/zabieszczaduj.pl\/quiz\/idac-przez-glowny-szlak-beskidzki\/dzien-5\/#primaryimage\",\"url\":\"https:\/\/zabieszczaduj.pl\/quiz\/wp-content\/uploads\/2015\/10\/fbfpi_f44920acaef4f6dc6b4d7dc7391b4a31.jpg\",\"contentUrl\":\"https:\/\/zabieszczaduj.pl\/quiz\/wp-content\/uploads\/2015\/10\/fbfpi_f44920acaef4f6dc6b4d7dc7391b4a31.jpg\",\"width\":960,\"height\":960},{\"@type\":\"BreadcrumbList\",\"@id\":\"https:\/\/zabieszczaduj.pl\/quiz\/idac-przez-glowny-szlak-beskidzki\/dzien-5\/#breadcrumb\",\"itemListElement\":[{\"@type\":\"ListItem\",\"position\":1,\"name\":\"Strona g\u0142\u00f3wna\",\"item\":\"https:\/\/zabieszczaduj.pl\/quiz\/\"},{\"@type\":\"ListItem\",\"position\":2,\"name\":\"Id\u0105c przez G\u0142\u00f3wny Szlak Beskidzki pod\u0105\u017ca si\u0119 &#8230;\",\"item\":\"https:\/\/zabieszczaduj.pl\/quiz\/idac-przez-glowny-szlak-beskidzki\/\"},{\"@type\":\"ListItem\",\"position\":3,\"name\":\"Dzie\u0144 5: schronisko PTTK na Hali Miziowej &#8211; baza namiotowa &#8222;G\u0142uchaczki&#8221;\"}]},{\"@type\":\"WebSite\",\"@id\":\"https:\/\/zabieszczaduj.pl\/quiz\/#website\",\"url\":\"https:\/\/zabieszczaduj.pl\/quiz\/\",\"name\":\"Bieszczadzki Quiz\",\"description\":\"G&oacute;ry i ludzie, w\u0119dr&oacute;wki z plecakiem, pi\u0119kne widoki i schroniskowe bazy zawsze szeroko otwarte dla zdobywaj\u0105cych Bieszczady\",\"potentialAction\":[{\"@type\":\"SearchAction\",\"target\":{\"@type\":\"EntryPoint\",\"urlTemplate\":\"https:\/\/zabieszczaduj.pl\/quiz\/?s={search_term_string}\"},\"query-input\":{\"@type\":\"PropertyValueSpecification\",\"valueRequired\":true,\"valueName\":\"search_term_string\"}}],\"inLanguage\":\"pl-PL\"}]}<\/script>\n<!-- \/ Yoast SEO plugin. -->","yoast_head_json":{"title":"Dzie\u0144 5: schronisko PTTK na Hali Miziowej - baza namiotowa \"G\u0142uchaczki\" - Bieszczadzki Quiz","robots":{"index":"index","follow":"follow","max-snippet":"max-snippet:-1","max-image-preview":"max-image-preview:large","max-video-preview":"max-video-preview:-1"},"canonical":"https:\/\/zabieszczaduj.pl\/quiz\/idac-przez-glowny-szlak-beskidzki\/dzien-5\/","og_locale":"pl_PL","og_type":"article","og_title":"Dzie\u0144 5: schronisko PTTK na Hali Miziowej - baza namiotowa \"G\u0142uchaczki\" - Bieszczadzki Quiz","og_description":"Trudno zaopatrywa\u0107 si\u0119 po drodze w czasie takiej suszy, pod Pilskiem jednak si\u0119 uda\u0142o. Dalej droga wiod\u0142a przez prze\u0142\u0119cz Glinne, gdzie '\u017arode\u0142kiem' by\u0142a Oravsk\u00e1 Polhora - najdalej na p\u00f3\u0142noc wysuni\u0119ta miejscowo\u015b\u0107 kraju geograficznie i historycznie nale\u017c\u0105ca do Orawy. Z uzdrowiska S\u0142ona Woda biegnie najstarszy szlak turystyczny na szczyt Babiej G\u00f3ry i jeden z najstarszych w Beskidach Zachodnich. \u0179r\u00f3d\u0142o w S\u0142onej Wodzie by\u0142o znane ju\u017c w \u015bredniowieczu, a w 1550 r. znalaz\u0142o si\u0119 na mapie G\u00f3rnej Orawy.","og_url":"https:\/\/zabieszczaduj.pl\/quiz\/idac-przez-glowny-szlak-beskidzki\/dzien-5\/","og_site_name":"Bieszczadzki Quiz","article_modified_time":"2015-11-02T20:30:47+00:00","og_image":[{"width":960,"height":960,"url":"https:\/\/zabieszczaduj.pl\/quiz\/wp-content\/uploads\/2015\/10\/fbfpi_f44920acaef4f6dc6b4d7dc7391b4a31.jpg","type":"image\/jpeg"}],"schema":{"@context":"https:\/\/schema.org","@graph":[{"@type":"WebPage","@id":"https:\/\/zabieszczaduj.pl\/quiz\/idac-przez-glowny-szlak-beskidzki\/dzien-5\/","url":"https:\/\/zabieszczaduj.pl\/quiz\/idac-przez-glowny-szlak-beskidzki\/dzien-5\/","name":"Dzie\u0144 5: schronisko PTTK na Hali Miziowej - baza namiotowa \"G\u0142uchaczki\" - Bieszczadzki Quiz","isPartOf":{"@id":"https:\/\/zabieszczaduj.pl\/quiz\/#website"},"primaryImageOfPage":{"@id":"https:\/\/zabieszczaduj.pl\/quiz\/idac-przez-glowny-szlak-beskidzki\/dzien-5\/#primaryimage"},"image":{"@id":"https:\/\/zabieszczaduj.pl\/quiz\/idac-przez-glowny-szlak-beskidzki\/dzien-5\/#primaryimage"},"thumbnailUrl":"https:\/\/zabieszczaduj.pl\/quiz\/wp-content\/uploads\/2015\/10\/fbfpi_f44920acaef4f6dc6b4d7dc7391b4a31.jpg","datePublished":"2015-08-26T08:27:22+00:00","dateModified":"2015-11-02T20:30:47+00:00","breadcrumb":{"@id":"https:\/\/zabieszczaduj.pl\/quiz\/idac-przez-glowny-szlak-beskidzki\/dzien-5\/#breadcrumb"},"inLanguage":"pl-PL","potentialAction":[{"@type":"ReadAction","target":["https:\/\/zabieszczaduj.pl\/quiz\/idac-przez-glowny-szlak-beskidzki\/dzien-5\/"]}]},{"@type":"ImageObject","inLanguage":"pl-PL","@id":"https:\/\/zabieszczaduj.pl\/quiz\/idac-przez-glowny-szlak-beskidzki\/dzien-5\/#primaryimage","url":"https:\/\/zabieszczaduj.pl\/quiz\/wp-content\/uploads\/2015\/10\/fbfpi_f44920acaef4f6dc6b4d7dc7391b4a31.jpg","contentUrl":"https:\/\/zabieszczaduj.pl\/quiz\/wp-content\/uploads\/2015\/10\/fbfpi_f44920acaef4f6dc6b4d7dc7391b4a31.jpg","width":960,"height":960},{"@type":"BreadcrumbList","@id":"https:\/\/zabieszczaduj.pl\/quiz\/idac-przez-glowny-szlak-beskidzki\/dzien-5\/#breadcrumb","itemListElement":[{"@type":"ListItem","position":1,"name":"Strona g\u0142\u00f3wna","item":"https:\/\/zabieszczaduj.pl\/quiz\/"},{"@type":"ListItem","position":2,"name":"Id\u0105c przez G\u0142\u00f3wny Szlak Beskidzki pod\u0105\u017ca si\u0119 &#8230;","item":"https:\/\/zabieszczaduj.pl\/quiz\/idac-przez-glowny-szlak-beskidzki\/"},{"@type":"ListItem","position":3,"name":"Dzie\u0144 5: schronisko PTTK na Hali Miziowej &#8211; baza namiotowa &#8222;G\u0142uchaczki&#8221;"}]},{"@type":"WebSite","@id":"https:\/\/zabieszczaduj.pl\/quiz\/#website","url":"https:\/\/zabieszczaduj.pl\/quiz\/","name":"Bieszczadzki Quiz","description":"G&oacute;ry i ludzie, w\u0119dr&oacute;wki z plecakiem, pi\u0119kne widoki i schroniskowe bazy zawsze szeroko otwarte dla zdobywaj\u0105cych Bieszczady","potentialAction":[{"@type":"SearchAction","target":{"@type":"EntryPoint","urlTemplate":"https:\/\/zabieszczaduj.pl\/quiz\/?s={search_term_string}"},"query-input":{"@type":"PropertyValueSpecification","valueRequired":true,"valueName":"search_term_string"}}],"inLanguage":"pl-PL"}]}},"_links":{"self":[{"href":"https:\/\/zabieszczaduj.pl\/quiz\/wp-json\/wp\/v2\/pages\/1034","targetHints":{"allow":["GET"]}}],"collection":[{"href":"https:\/\/zabieszczaduj.pl\/quiz\/wp-json\/wp\/v2\/pages"}],"about":[{"href":"https:\/\/zabieszczaduj.pl\/quiz\/wp-json\/wp\/v2\/types\/page"}],"author":[{"embeddable":true,"href":"https:\/\/zabieszczaduj.pl\/quiz\/wp-json\/wp\/v2\/users\/1"}],"replies":[{"embeddable":true,"href":"https:\/\/zabieszczaduj.pl\/quiz\/wp-json\/wp\/v2\/comments?post=1034"}],"version-history":[{"count":2,"href":"https:\/\/zabieszczaduj.pl\/quiz\/wp-json\/wp\/v2\/pages\/1034\/revisions"}],"predecessor-version":[{"id":1201,"href":"https:\/\/zabieszczaduj.pl\/quiz\/wp-json\/wp\/v2\/pages\/1034\/revisions\/1201"}],"up":[{"embeddable":true,"href":"https:\/\/zabieszczaduj.pl\/quiz\/wp-json\/wp\/v2\/pages\/1040"}],"wp:featuredmedia":[{"embeddable":true,"href":"https:\/\/zabieszczaduj.pl\/quiz\/wp-json\/wp\/v2\/media\/1035"}],"wp:attachment":[{"href":"https:\/\/zabieszczaduj.pl\/quiz\/wp-json\/wp\/v2\/media?parent=1034"}],"curies":[{"name":"wp","href":"https:\/\/api.w.org\/{rel}","templated":true}]}}