{"id":1026,"date":"2015-08-29T09:30:05","date_gmt":"2015-08-29T07:30:05","guid":{"rendered":"http:\/\/zabieszczaduj.pl\/quiz\/?post_type=status-message&#038;p=1026"},"modified":"2015-11-02T21:43:58","modified_gmt":"2015-11-02T20:43:58","slug":"dzien-8","status":"publish","type":"page","link":"https:\/\/zabieszczaduj.pl\/quiz\/idac-przez-glowny-szlak-beskidzki\/dzien-8\/","title":{"rendered":"Dzie\u0144 8: schronisko PTTK Maciejowa &#8211; Studzionki"},"content":{"rendered":"<div class=\"fcbkbttn_buttons_block\" id=\"fcbkbttn_left\"><div class=\"fcbkbttn_like \"><fb:like href=\"https:\/\/zabieszczaduj.pl\/quiz\/idac-przez-glowny-szlak-beskidzki\/dzien-8\/\" action=\"like\" colorscheme=\"light\" layout=\"button_count\"  size=\"small\"><\/fb:like><\/div><\/div><p>Troch\u0119 deszczu narzeka\u0144 by nie przynios\u0142o &#8211; by\u0142oby bardziej przejrzy\u015bcie i Tatry, do kt\u00f3rych st\u0105d raptem w linii prostej 30km by\u0142oby lepiej wida\u0107. Serki pod Starymi Wierchami za z\u0142ot\u00f3wk\u0119 &#8211; taniej nie by\u0142o i nie b\u0119dzie, zajadam si\u0119 wi\u0119c. Mamy weekend, turyst\u00f3w mn\u00f3stwo, w kolejce do bufetu ju\u017c na Turbaczu trzeba troch\u0119 odsta\u0107. \u015acie\u017ck\u0119 przychodzi dzieli\u0107 z rowerzystami &#8211; cz\u0119sto rozwidla si\u0119 ona i biegn\u0105 ze sob\u0105 r\u00f3wnolegle &#8211; amator\u00f3w dw\u00f3ch k\u00f3\u0142ek nie brakuje.<br \/>\nId\u0105c szlakiem ze Schronisko PTTK Turbacz dochodz\u0119 do rozleg\u0142ej, d\u0142ugiej na ok. 2km polany pomi\u0119dzy Turbaczem a Kiczor\u0105 Hali D\u0142ugiej. Pod wiecz\u00f3r docieram do przysi\u00f3\u0142ka Studzionki &#8211; jednego z najwy\u017cej zamieszka\u0142ych ca\u0142orocznie miejsc w polskich Beskidach. Tu sp\u0119dzam noc kieruj\u0105c si\u0119 porad\u0105, by szuka\u0107 zielonego domku.<br \/>\nRuszy\u0142bym dzi\u015b wcze\u015bniej, gdyby nie trzeba by\u0142o podleczy\u0107 nieco st\u00f3p. Dowiedzia\u0142em si\u0119, \u017ce Baza namiotowa na Lubaniu wci\u0105\u017c jeszcze dzia\u0142a, by\u0107 mo\u017ce uda si\u0119 wi\u0119c za\u0142apa\u0107 na s\u0142ynne luba\u0144skie nale\u015bniki \ud83d\ude42<\/p>\n<div class=\"fbfpi_photo\"><img decoding=\"async\" src=\"http:\/\/zabieszczaduj.pl\/quiz\/wp-content\/uploads\/2015\/10\/fbfpi_1d85fda24656f1d7389c99a2489500c3.jpg\"><\/div>\n","protected":false},"excerpt":{"rendered":"<p>Troch\u0119 deszczu narzeka\u0144 by nie przynios\u0142o &#8211; by\u0142oby bardziej przejrzy\u015bcie i Tatry, do kt\u00f3rych st\u0105d raptem w linii prostej 30km by\u0142oby lepiej wida\u0107. Serki pod Starymi Wierchami za z\u0142ot\u00f3wk\u0119 &#8211; taniej nie by\u0142o i nie b\u0119dzie, zajadam si\u0119 wi\u0119c. Mamy weekend, turyst\u00f3w mn\u00f3stwo, w kolejce do bufetu ju\u017c na Turbaczu trzeba troch\u0119 odsta\u0107. \u015acie\u017ck\u0119 przychodzi dzieli\u0107 z rowerzystami &#8211; cz\u0119sto rozwidla si\u0119 ona i biegn\u0105 ze sob\u0105 r\u00f3wnolegle &#8211; amator\u00f3w dw\u00f3ch k\u00f3\u0142ek nie brakuje.<br \/>\nId\u0105c szlakiem ze Schronisko PTTK Turbacz dochodz\u0119 do rozleg\u0142ej, d\u0142ugiej na ok. 2km polany pomi\u0119dzy Turbaczem a Kiczor\u0105 Hali D\u0142ugiej. Pod wiecz\u00f3r docieram do przysi\u00f3\u0142ka Studzionki &#8211; jednego z najwy\u017cej zamieszka\u0142ych ca\u0142orocznie miejsc w polskich Beskidach. Tu sp\u0119dzam noc kieruj\u0105c si\u0119 porad\u0105, by szuka\u0107 zielonego domku.<br \/>\nRuszy\u0142bym dzi\u015b wcze\u015bniej, gdyby nie trzeba by\u0142o podleczy\u0107 nieco st\u00f3p. Dowiedzia\u0142em si\u0119, \u017ce Baza namiotowa na Lubaniu wci\u0105\u017c jeszcze dzia\u0142a, by\u0107 mo\u017ce uda si\u0119 wi\u0119c za\u0142apa\u0107 na s\u0142ynne luba\u0144skie nale\u015bniki \ud83d\ude42<\/p>\n","protected":false},"author":1,"featured_media":1027,"parent":1040,"menu_order":0,"comment_status":"closed","ping_status":"closed","template":"","meta":{"_exactmetrics_skip_tracking":false,"_exactmetrics_sitenote_active":false,"_exactmetrics_sitenote_note":"","_exactmetrics_sitenote_category":0,"footnotes":""},"class_list":["post-1026","page","type-page","status-publish","has-post-thumbnail","hentry"],"yoast_head":"<!-- This site is optimized with the Yoast SEO plugin v25.0 - https:\/\/yoast.com\/wordpress\/plugins\/seo\/ -->\n<title>Dzie\u0144 8: schronisko PTTK Maciejowa - Studzionki - Bieszczadzki Quiz<\/title>\n<meta name=\"robots\" content=\"index, follow, max-snippet:-1, max-image-preview:large, max-video-preview:-1\" \/>\n<link rel=\"canonical\" href=\"https:\/\/zabieszczaduj.pl\/quiz\/idac-przez-glowny-szlak-beskidzki\/dzien-8\/\" \/>\n<meta property=\"og:locale\" content=\"pl_PL\" \/>\n<meta property=\"og:type\" content=\"article\" \/>\n<meta property=\"og:title\" content=\"Dzie\u0144 8: schronisko PTTK Maciejowa - Studzionki - Bieszczadzki Quiz\" \/>\n<meta property=\"og:description\" content=\"Troch\u0119 deszczu narzeka\u0144 by nie przynios\u0142o - by\u0142oby bardziej przejrzy\u015bcie i Tatry, do kt\u00f3rych st\u0105d raptem w linii prostej 30km by\u0142oby lepiej wida\u0107. Serki pod Starymi Wierchami za z\u0142ot\u00f3wk\u0119 - taniej nie by\u0142o i nie b\u0119dzie, zajadam si\u0119 wi\u0119c. Mamy weekend, turyst\u00f3w mn\u00f3stwo, w kolejce do bufetu ju\u017c na Turbaczu trzeba troch\u0119 odsta\u0107. \u015acie\u017ck\u0119 przychodzi dzieli\u0107 z rowerzystami - cz\u0119sto rozwidla si\u0119 ona i biegn\u0105 ze sob\u0105 r\u00f3wnolegle - amator\u00f3w dw\u00f3ch k\u00f3\u0142ek nie brakuje. Id\u0105c szlakiem ze Schronisko PTTK Turbacz dochodz\u0119 do rozleg\u0142ej, d\u0142ugiej na ok. 2km polany pomi\u0119dzy Turbaczem a Kiczor\u0105 Hali D\u0142ugiej. Pod wiecz\u00f3r docieram do przysi\u00f3\u0142ka Studzionki - jednego z najwy\u017cej zamieszka\u0142ych ca\u0142orocznie miejsc w polskich Beskidach. Tu sp\u0119dzam noc kieruj\u0105c si\u0119 porad\u0105, by szuka\u0107 zielonego domku. Ruszy\u0142bym dzi\u015b wcze\u015bniej, gdyby nie trzeba by\u0142o podleczy\u0107 nieco st\u00f3p. Dowiedzia\u0142em si\u0119, \u017ce Baza namiotowa na Lubaniu wci\u0105\u017c jeszcze dzia\u0142a, by\u0107 mo\u017ce uda si\u0119 wi\u0119c za\u0142apa\u0107 na s\u0142ynne luba\u0144skie nale\u015bniki :)\" \/>\n<meta property=\"og:url\" content=\"https:\/\/zabieszczaduj.pl\/quiz\/idac-przez-glowny-szlak-beskidzki\/dzien-8\/\" \/>\n<meta property=\"og:site_name\" content=\"Bieszczadzki Quiz\" \/>\n<meta property=\"article:modified_time\" content=\"2015-11-02T20:43:58+00:00\" \/>\n<meta property=\"og:image\" content=\"https:\/\/zabieszczaduj.pl\/quiz\/wp-content\/uploads\/2015\/10\/fbfpi_1d85fda24656f1d7389c99a2489500c3.jpg\" \/>\n\t<meta property=\"og:image:width\" content=\"960\" \/>\n\t<meta property=\"og:image:height\" content=\"960\" \/>\n\t<meta property=\"og:image:type\" content=\"image\/jpeg\" \/>\n<meta name=\"twitter:label1\" content=\"Szacowany czas czytania\" \/>\n\t<meta name=\"twitter:data1\" content=\"1 minuta\" \/>\n<script type=\"application\/ld+json\" class=\"yoast-schema-graph\">{\"@context\":\"https:\/\/schema.org\",\"@graph\":[{\"@type\":\"WebPage\",\"@id\":\"https:\/\/zabieszczaduj.pl\/quiz\/idac-przez-glowny-szlak-beskidzki\/dzien-8\/\",\"url\":\"https:\/\/zabieszczaduj.pl\/quiz\/idac-przez-glowny-szlak-beskidzki\/dzien-8\/\",\"name\":\"Dzie\u0144 8: schronisko PTTK Maciejowa - Studzionki - Bieszczadzki Quiz\",\"isPartOf\":{\"@id\":\"https:\/\/zabieszczaduj.pl\/quiz\/#website\"},\"primaryImageOfPage\":{\"@id\":\"https:\/\/zabieszczaduj.pl\/quiz\/idac-przez-glowny-szlak-beskidzki\/dzien-8\/#primaryimage\"},\"image\":{\"@id\":\"https:\/\/zabieszczaduj.pl\/quiz\/idac-przez-glowny-szlak-beskidzki\/dzien-8\/#primaryimage\"},\"thumbnailUrl\":\"https:\/\/zabieszczaduj.pl\/quiz\/wp-content\/uploads\/2015\/10\/fbfpi_1d85fda24656f1d7389c99a2489500c3.jpg\",\"datePublished\":\"2015-08-29T07:30:05+00:00\",\"dateModified\":\"2015-11-02T20:43:58+00:00\",\"breadcrumb\":{\"@id\":\"https:\/\/zabieszczaduj.pl\/quiz\/idac-przez-glowny-szlak-beskidzki\/dzien-8\/#breadcrumb\"},\"inLanguage\":\"pl-PL\",\"potentialAction\":[{\"@type\":\"ReadAction\",\"target\":[\"https:\/\/zabieszczaduj.pl\/quiz\/idac-przez-glowny-szlak-beskidzki\/dzien-8\/\"]}]},{\"@type\":\"ImageObject\",\"inLanguage\":\"pl-PL\",\"@id\":\"https:\/\/zabieszczaduj.pl\/quiz\/idac-przez-glowny-szlak-beskidzki\/dzien-8\/#primaryimage\",\"url\":\"https:\/\/zabieszczaduj.pl\/quiz\/wp-content\/uploads\/2015\/10\/fbfpi_1d85fda24656f1d7389c99a2489500c3.jpg\",\"contentUrl\":\"https:\/\/zabieszczaduj.pl\/quiz\/wp-content\/uploads\/2015\/10\/fbfpi_1d85fda24656f1d7389c99a2489500c3.jpg\",\"width\":960,\"height\":960},{\"@type\":\"BreadcrumbList\",\"@id\":\"https:\/\/zabieszczaduj.pl\/quiz\/idac-przez-glowny-szlak-beskidzki\/dzien-8\/#breadcrumb\",\"itemListElement\":[{\"@type\":\"ListItem\",\"position\":1,\"name\":\"Strona g\u0142\u00f3wna\",\"item\":\"https:\/\/zabieszczaduj.pl\/quiz\/\"},{\"@type\":\"ListItem\",\"position\":2,\"name\":\"Id\u0105c przez G\u0142\u00f3wny Szlak Beskidzki pod\u0105\u017ca si\u0119 &#8230;\",\"item\":\"https:\/\/zabieszczaduj.pl\/quiz\/idac-przez-glowny-szlak-beskidzki\/\"},{\"@type\":\"ListItem\",\"position\":3,\"name\":\"Dzie\u0144 8: schronisko PTTK Maciejowa &#8211; Studzionki\"}]},{\"@type\":\"WebSite\",\"@id\":\"https:\/\/zabieszczaduj.pl\/quiz\/#website\",\"url\":\"https:\/\/zabieszczaduj.pl\/quiz\/\",\"name\":\"Bieszczadzki Quiz\",\"description\":\"G&oacute;ry i ludzie, w\u0119dr&oacute;wki z plecakiem, pi\u0119kne widoki i schroniskowe bazy zawsze szeroko otwarte dla zdobywaj\u0105cych Bieszczady\",\"potentialAction\":[{\"@type\":\"SearchAction\",\"target\":{\"@type\":\"EntryPoint\",\"urlTemplate\":\"https:\/\/zabieszczaduj.pl\/quiz\/?s={search_term_string}\"},\"query-input\":{\"@type\":\"PropertyValueSpecification\",\"valueRequired\":true,\"valueName\":\"search_term_string\"}}],\"inLanguage\":\"pl-PL\"}]}<\/script>\n<!-- \/ Yoast SEO plugin. -->","yoast_head_json":{"title":"Dzie\u0144 8: schronisko PTTK Maciejowa - Studzionki - Bieszczadzki Quiz","robots":{"index":"index","follow":"follow","max-snippet":"max-snippet:-1","max-image-preview":"max-image-preview:large","max-video-preview":"max-video-preview:-1"},"canonical":"https:\/\/zabieszczaduj.pl\/quiz\/idac-przez-glowny-szlak-beskidzki\/dzien-8\/","og_locale":"pl_PL","og_type":"article","og_title":"Dzie\u0144 8: schronisko PTTK Maciejowa - Studzionki - Bieszczadzki Quiz","og_description":"Troch\u0119 deszczu narzeka\u0144 by nie przynios\u0142o - by\u0142oby bardziej przejrzy\u015bcie i Tatry, do kt\u00f3rych st\u0105d raptem w linii prostej 30km by\u0142oby lepiej wida\u0107. Serki pod Starymi Wierchami za z\u0142ot\u00f3wk\u0119 - taniej nie by\u0142o i nie b\u0119dzie, zajadam si\u0119 wi\u0119c. Mamy weekend, turyst\u00f3w mn\u00f3stwo, w kolejce do bufetu ju\u017c na Turbaczu trzeba troch\u0119 odsta\u0107. \u015acie\u017ck\u0119 przychodzi dzieli\u0107 z rowerzystami - cz\u0119sto rozwidla si\u0119 ona i biegn\u0105 ze sob\u0105 r\u00f3wnolegle - amator\u00f3w dw\u00f3ch k\u00f3\u0142ek nie brakuje. Id\u0105c szlakiem ze Schronisko PTTK Turbacz dochodz\u0119 do rozleg\u0142ej, d\u0142ugiej na ok. 2km polany pomi\u0119dzy Turbaczem a Kiczor\u0105 Hali D\u0142ugiej. Pod wiecz\u00f3r docieram do przysi\u00f3\u0142ka Studzionki - jednego z najwy\u017cej zamieszka\u0142ych ca\u0142orocznie miejsc w polskich Beskidach. Tu sp\u0119dzam noc kieruj\u0105c si\u0119 porad\u0105, by szuka\u0107 zielonego domku. Ruszy\u0142bym dzi\u015b wcze\u015bniej, gdyby nie trzeba by\u0142o podleczy\u0107 nieco st\u00f3p. Dowiedzia\u0142em si\u0119, \u017ce Baza namiotowa na Lubaniu wci\u0105\u017c jeszcze dzia\u0142a, by\u0107 mo\u017ce uda si\u0119 wi\u0119c za\u0142apa\u0107 na s\u0142ynne luba\u0144skie nale\u015bniki :)","og_url":"https:\/\/zabieszczaduj.pl\/quiz\/idac-przez-glowny-szlak-beskidzki\/dzien-8\/","og_site_name":"Bieszczadzki Quiz","article_modified_time":"2015-11-02T20:43:58+00:00","og_image":[{"width":960,"height":960,"url":"https:\/\/zabieszczaduj.pl\/quiz\/wp-content\/uploads\/2015\/10\/fbfpi_1d85fda24656f1d7389c99a2489500c3.jpg","type":"image\/jpeg"}],"twitter_misc":{"Szacowany czas czytania":"1 minuta"},"schema":{"@context":"https:\/\/schema.org","@graph":[{"@type":"WebPage","@id":"https:\/\/zabieszczaduj.pl\/quiz\/idac-przez-glowny-szlak-beskidzki\/dzien-8\/","url":"https:\/\/zabieszczaduj.pl\/quiz\/idac-przez-glowny-szlak-beskidzki\/dzien-8\/","name":"Dzie\u0144 8: schronisko PTTK Maciejowa - Studzionki - Bieszczadzki Quiz","isPartOf":{"@id":"https:\/\/zabieszczaduj.pl\/quiz\/#website"},"primaryImageOfPage":{"@id":"https:\/\/zabieszczaduj.pl\/quiz\/idac-przez-glowny-szlak-beskidzki\/dzien-8\/#primaryimage"},"image":{"@id":"https:\/\/zabieszczaduj.pl\/quiz\/idac-przez-glowny-szlak-beskidzki\/dzien-8\/#primaryimage"},"thumbnailUrl":"https:\/\/zabieszczaduj.pl\/quiz\/wp-content\/uploads\/2015\/10\/fbfpi_1d85fda24656f1d7389c99a2489500c3.jpg","datePublished":"2015-08-29T07:30:05+00:00","dateModified":"2015-11-02T20:43:58+00:00","breadcrumb":{"@id":"https:\/\/zabieszczaduj.pl\/quiz\/idac-przez-glowny-szlak-beskidzki\/dzien-8\/#breadcrumb"},"inLanguage":"pl-PL","potentialAction":[{"@type":"ReadAction","target":["https:\/\/zabieszczaduj.pl\/quiz\/idac-przez-glowny-szlak-beskidzki\/dzien-8\/"]}]},{"@type":"ImageObject","inLanguage":"pl-PL","@id":"https:\/\/zabieszczaduj.pl\/quiz\/idac-przez-glowny-szlak-beskidzki\/dzien-8\/#primaryimage","url":"https:\/\/zabieszczaduj.pl\/quiz\/wp-content\/uploads\/2015\/10\/fbfpi_1d85fda24656f1d7389c99a2489500c3.jpg","contentUrl":"https:\/\/zabieszczaduj.pl\/quiz\/wp-content\/uploads\/2015\/10\/fbfpi_1d85fda24656f1d7389c99a2489500c3.jpg","width":960,"height":960},{"@type":"BreadcrumbList","@id":"https:\/\/zabieszczaduj.pl\/quiz\/idac-przez-glowny-szlak-beskidzki\/dzien-8\/#breadcrumb","itemListElement":[{"@type":"ListItem","position":1,"name":"Strona g\u0142\u00f3wna","item":"https:\/\/zabieszczaduj.pl\/quiz\/"},{"@type":"ListItem","position":2,"name":"Id\u0105c przez G\u0142\u00f3wny Szlak Beskidzki pod\u0105\u017ca si\u0119 &#8230;","item":"https:\/\/zabieszczaduj.pl\/quiz\/idac-przez-glowny-szlak-beskidzki\/"},{"@type":"ListItem","position":3,"name":"Dzie\u0144 8: schronisko PTTK Maciejowa &#8211; Studzionki"}]},{"@type":"WebSite","@id":"https:\/\/zabieszczaduj.pl\/quiz\/#website","url":"https:\/\/zabieszczaduj.pl\/quiz\/","name":"Bieszczadzki Quiz","description":"G&oacute;ry i ludzie, w\u0119dr&oacute;wki z plecakiem, pi\u0119kne widoki i schroniskowe bazy zawsze szeroko otwarte dla zdobywaj\u0105cych Bieszczady","potentialAction":[{"@type":"SearchAction","target":{"@type":"EntryPoint","urlTemplate":"https:\/\/zabieszczaduj.pl\/quiz\/?s={search_term_string}"},"query-input":{"@type":"PropertyValueSpecification","valueRequired":true,"valueName":"search_term_string"}}],"inLanguage":"pl-PL"}]}},"_links":{"self":[{"href":"https:\/\/zabieszczaduj.pl\/quiz\/wp-json\/wp\/v2\/pages\/1026","targetHints":{"allow":["GET"]}}],"collection":[{"href":"https:\/\/zabieszczaduj.pl\/quiz\/wp-json\/wp\/v2\/pages"}],"about":[{"href":"https:\/\/zabieszczaduj.pl\/quiz\/wp-json\/wp\/v2\/types\/page"}],"author":[{"embeddable":true,"href":"https:\/\/zabieszczaduj.pl\/quiz\/wp-json\/wp\/v2\/users\/1"}],"replies":[{"embeddable":true,"href":"https:\/\/zabieszczaduj.pl\/quiz\/wp-json\/wp\/v2\/comments?post=1026"}],"version-history":[{"count":3,"href":"https:\/\/zabieszczaduj.pl\/quiz\/wp-json\/wp\/v2\/pages\/1026\/revisions"}],"predecessor-version":[{"id":1219,"href":"https:\/\/zabieszczaduj.pl\/quiz\/wp-json\/wp\/v2\/pages\/1026\/revisions\/1219"}],"up":[{"embeddable":true,"href":"https:\/\/zabieszczaduj.pl\/quiz\/wp-json\/wp\/v2\/pages\/1040"}],"wp:featuredmedia":[{"embeddable":true,"href":"https:\/\/zabieszczaduj.pl\/quiz\/wp-json\/wp\/v2\/media\/1027"}],"wp:attachment":[{"href":"https:\/\/zabieszczaduj.pl\/quiz\/wp-json\/wp\/v2\/media?parent=1026"}],"curies":[{"name":"wp","href":"https:\/\/api.w.org\/{rel}","templated":true}]}}