{"id":1014,"date":"2015-09-03T10:43:34","date_gmt":"2015-09-03T08:43:34","guid":{"rendered":"http:\/\/zabieszczaduj.pl\/quiz\/?post_type=status-message&#038;p=1014"},"modified":"2015-11-02T21:35:18","modified_gmt":"2015-11-02T20:35:18","slug":"dzien-13","status":"publish","type":"page","link":"https:\/\/zabieszczaduj.pl\/quiz\/idac-przez-glowny-szlak-beskidzki\/dzien-13\/","title":{"rendered":"Dzie\u0144 13: Ha\u0144czowa &#8211; bac\u00f3wka PTTK Bartne"},"content":{"rendered":"<div class=\"fcbkbttn_buttons_block\" id=\"fcbkbttn_left\"><div class=\"fcbkbttn_like \"><fb:like href=\"https:\/\/zabieszczaduj.pl\/quiz\/idac-przez-glowny-szlak-beskidzki\/dzien-13\/\" action=\"like\" colorscheme=\"light\" layout=\"button_count\"  size=\"small\"><\/fb:like><\/div><\/div><p>Wraz z osi\u0105gni\u0119ciem doliny potoku Mochnaczka zmienia si\u0119 krajobraz, \u015bwierkowym lasom towarzysz\u0105cym w\u0119drowkom po S\u0105decczy\u017anie pora powiedzie\u0107 do zobaczenia. Czas przywita\u0107 najrozleglejszy z Beskid\u00f3w, beskid-niski.pl &#8211; Sercu bliski Beskid Niski Zwierz\u0119ta podchodz\u0105 o krok, trasy (cho\u0107 odleg\u0142o\u015bciowo wymagaj\u0105ce) s\u0105 przyjemne, z krajobraz\u00f3w wyrastaj\u0105 cerkiewki, a drogom towarzysz\u0105 wiekowe kapliczki. Wczoraj od rana m\u017cy\u0142o, tu\u017c przed podej\u015bciem na Rotund\u0119 poratowany zosta\u0142em jeszcze ciep\u0142\u0105 herbat\u0105 na bazie w Regietowie. Na szczycie jeden z najciekawszych cmentarzy wojskowych powsta\u0142ych po I wojnie. Nocuj\u0105c dzi\u015b w Bartne i po godzinnym podej\u015bciu zdobywaj\u0105c Magur\u0119, mijam kolejne granice: wojew\u00f3dztw ma\u0142opolskiego i podkarpackiego wchodz\u0105c do Magurski Park Narodowy, wst\u0119p na szlak p\u0142atny smsem:)<\/p>\n<div class=\"fbfpi_photo\"><img decoding=\"async\" src=\"http:\/\/zabieszczaduj.pl\/quiz\/wp-content\/uploads\/2015\/10\/fbfpi_98ace9030c440f675c550a7bf204efc0.jpg\"><\/div>\n","protected":false},"excerpt":{"rendered":"<p>Wraz z osi\u0105gni\u0119ciem doliny potoku Mochnaczka zmienia si\u0119 krajobraz, \u015bwierkowym lasom towarzysz\u0105cym w\u0119drowkom po S\u0105decczy\u017anie pora powiedzie\u0107 do zobaczenia. Czas przywita\u0107 najrozleglejszy z Beskid\u00f3w, beskid-niski.pl &#8211; Sercu bliski Beskid Niski Zwierz\u0119ta podchodz\u0105 o krok, trasy (cho\u0107 odleg\u0142o\u015bciowo wymagaj\u0105ce) s\u0105 przyjemne, z krajobraz\u00f3w wyrastaj\u0105 cerkiewki, a drogom towarzysz\u0105 wiekowe kapliczki. Wczoraj od rana m\u017cy\u0142o, tu\u017c przed podej\u015bciem na Rotund\u0119 poratowany zosta\u0142em jeszcze ciep\u0142\u0105 herbat\u0105 na bazie w Regietowie. Na szczycie jeden z najciekawszych cmentarzy wojskowych powsta\u0142ych po I wojnie. Nocuj\u0105c dzi\u015b w Bartne i po godzinnym podej\u015bciu zdobywaj\u0105c Magur\u0119, mijam kolejne granice: wojew\u00f3dztw ma\u0142opolskiego i podkarpackiego wchodz\u0105c do Magurski Park Narodowy, wst\u0119p na szlak p\u0142atny smsem:)<\/p>\n","protected":false},"author":1,"featured_media":1015,"parent":1040,"menu_order":0,"comment_status":"closed","ping_status":"closed","template":"","meta":{"_exactmetrics_skip_tracking":false,"_exactmetrics_sitenote_active":false,"_exactmetrics_sitenote_note":"","_exactmetrics_sitenote_category":0,"footnotes":""},"class_list":["post-1014","page","type-page","status-publish","has-post-thumbnail","hentry"],"yoast_head":"<!-- This site is optimized with the Yoast SEO plugin v25.0 - https:\/\/yoast.com\/wordpress\/plugins\/seo\/ -->\n<title>Dzie\u0144 13: Ha\u0144czowa - bac\u00f3wka PTTK Bartne - Bieszczadzki Quiz<\/title>\n<meta name=\"robots\" content=\"index, follow, max-snippet:-1, max-image-preview:large, max-video-preview:-1\" \/>\n<link rel=\"canonical\" href=\"https:\/\/zabieszczaduj.pl\/quiz\/idac-przez-glowny-szlak-beskidzki\/dzien-13\/\" \/>\n<meta property=\"og:locale\" content=\"pl_PL\" \/>\n<meta property=\"og:type\" content=\"article\" \/>\n<meta property=\"og:title\" content=\"Dzie\u0144 13: Ha\u0144czowa - bac\u00f3wka PTTK Bartne - Bieszczadzki Quiz\" \/>\n<meta property=\"og:description\" content=\"Wraz z osi\u0105gni\u0119ciem doliny potoku Mochnaczka zmienia si\u0119 krajobraz, \u015bwierkowym lasom towarzysz\u0105cym w\u0119drowkom po S\u0105decczy\u017anie pora powiedzie\u0107 do zobaczenia. Czas przywita\u0107 najrozleglejszy z Beskid\u00f3w, beskid-niski.pl - Sercu bliski Beskid Niski Zwierz\u0119ta podchodz\u0105 o krok, trasy (cho\u0107 odleg\u0142o\u015bciowo wymagaj\u0105ce) s\u0105 przyjemne, z krajobraz\u00f3w wyrastaj\u0105 cerkiewki, a drogom towarzysz\u0105 wiekowe kapliczki. Wczoraj od rana m\u017cy\u0142o, tu\u017c przed podej\u015bciem na Rotund\u0119 poratowany zosta\u0142em jeszcze ciep\u0142\u0105 herbat\u0105 na bazie w Regietowie. Na szczycie jeden z najciekawszych cmentarzy wojskowych powsta\u0142ych po I wojnie. Nocuj\u0105c dzi\u015b w Bartne i po godzinnym podej\u015bciu zdobywaj\u0105c Magur\u0119, mijam kolejne granice: wojew\u00f3dztw ma\u0142opolskiego i podkarpackiego wchodz\u0105c do Magurski Park Narodowy, wst\u0119p na szlak p\u0142atny smsem:)\" \/>\n<meta property=\"og:url\" content=\"https:\/\/zabieszczaduj.pl\/quiz\/idac-przez-glowny-szlak-beskidzki\/dzien-13\/\" \/>\n<meta property=\"og:site_name\" content=\"Bieszczadzki Quiz\" \/>\n<meta property=\"article:modified_time\" content=\"2015-11-02T20:35:18+00:00\" \/>\n<meta property=\"og:image\" content=\"https:\/\/zabieszczaduj.pl\/quiz\/wp-content\/uploads\/2015\/10\/fbfpi_98ace9030c440f675c550a7bf204efc0.jpg\" \/>\n\t<meta property=\"og:image:width\" content=\"960\" \/>\n\t<meta property=\"og:image:height\" content=\"960\" \/>\n\t<meta property=\"og:image:type\" content=\"image\/jpeg\" \/>\n<meta name=\"twitter:label1\" content=\"Szacowany czas czytania\" \/>\n\t<meta name=\"twitter:data1\" content=\"1 minuta\" \/>\n<script type=\"application\/ld+json\" class=\"yoast-schema-graph\">{\"@context\":\"https:\/\/schema.org\",\"@graph\":[{\"@type\":\"WebPage\",\"@id\":\"https:\/\/zabieszczaduj.pl\/quiz\/idac-przez-glowny-szlak-beskidzki\/dzien-13\/\",\"url\":\"https:\/\/zabieszczaduj.pl\/quiz\/idac-przez-glowny-szlak-beskidzki\/dzien-13\/\",\"name\":\"Dzie\u0144 13: Ha\u0144czowa - bac\u00f3wka PTTK Bartne - Bieszczadzki Quiz\",\"isPartOf\":{\"@id\":\"https:\/\/zabieszczaduj.pl\/quiz\/#website\"},\"primaryImageOfPage\":{\"@id\":\"https:\/\/zabieszczaduj.pl\/quiz\/idac-przez-glowny-szlak-beskidzki\/dzien-13\/#primaryimage\"},\"image\":{\"@id\":\"https:\/\/zabieszczaduj.pl\/quiz\/idac-przez-glowny-szlak-beskidzki\/dzien-13\/#primaryimage\"},\"thumbnailUrl\":\"https:\/\/zabieszczaduj.pl\/quiz\/wp-content\/uploads\/2015\/10\/fbfpi_98ace9030c440f675c550a7bf204efc0.jpg\",\"datePublished\":\"2015-09-03T08:43:34+00:00\",\"dateModified\":\"2015-11-02T20:35:18+00:00\",\"breadcrumb\":{\"@id\":\"https:\/\/zabieszczaduj.pl\/quiz\/idac-przez-glowny-szlak-beskidzki\/dzien-13\/#breadcrumb\"},\"inLanguage\":\"pl-PL\",\"potentialAction\":[{\"@type\":\"ReadAction\",\"target\":[\"https:\/\/zabieszczaduj.pl\/quiz\/idac-przez-glowny-szlak-beskidzki\/dzien-13\/\"]}]},{\"@type\":\"ImageObject\",\"inLanguage\":\"pl-PL\",\"@id\":\"https:\/\/zabieszczaduj.pl\/quiz\/idac-przez-glowny-szlak-beskidzki\/dzien-13\/#primaryimage\",\"url\":\"https:\/\/zabieszczaduj.pl\/quiz\/wp-content\/uploads\/2015\/10\/fbfpi_98ace9030c440f675c550a7bf204efc0.jpg\",\"contentUrl\":\"https:\/\/zabieszczaduj.pl\/quiz\/wp-content\/uploads\/2015\/10\/fbfpi_98ace9030c440f675c550a7bf204efc0.jpg\",\"width\":960,\"height\":960},{\"@type\":\"BreadcrumbList\",\"@id\":\"https:\/\/zabieszczaduj.pl\/quiz\/idac-przez-glowny-szlak-beskidzki\/dzien-13\/#breadcrumb\",\"itemListElement\":[{\"@type\":\"ListItem\",\"position\":1,\"name\":\"Strona g\u0142\u00f3wna\",\"item\":\"https:\/\/zabieszczaduj.pl\/quiz\/\"},{\"@type\":\"ListItem\",\"position\":2,\"name\":\"Id\u0105c przez G\u0142\u00f3wny Szlak Beskidzki pod\u0105\u017ca si\u0119 &#8230;\",\"item\":\"https:\/\/zabieszczaduj.pl\/quiz\/idac-przez-glowny-szlak-beskidzki\/\"},{\"@type\":\"ListItem\",\"position\":3,\"name\":\"Dzie\u0144 13: Ha\u0144czowa &#8211; bac\u00f3wka PTTK Bartne\"}]},{\"@type\":\"WebSite\",\"@id\":\"https:\/\/zabieszczaduj.pl\/quiz\/#website\",\"url\":\"https:\/\/zabieszczaduj.pl\/quiz\/\",\"name\":\"Bieszczadzki Quiz\",\"description\":\"G&oacute;ry i ludzie, w\u0119dr&oacute;wki z plecakiem, pi\u0119kne widoki i schroniskowe bazy zawsze szeroko otwarte dla zdobywaj\u0105cych Bieszczady\",\"potentialAction\":[{\"@type\":\"SearchAction\",\"target\":{\"@type\":\"EntryPoint\",\"urlTemplate\":\"https:\/\/zabieszczaduj.pl\/quiz\/?s={search_term_string}\"},\"query-input\":{\"@type\":\"PropertyValueSpecification\",\"valueRequired\":true,\"valueName\":\"search_term_string\"}}],\"inLanguage\":\"pl-PL\"}]}<\/script>\n<!-- \/ Yoast SEO plugin. -->","yoast_head_json":{"title":"Dzie\u0144 13: Ha\u0144czowa - bac\u00f3wka PTTK Bartne - Bieszczadzki Quiz","robots":{"index":"index","follow":"follow","max-snippet":"max-snippet:-1","max-image-preview":"max-image-preview:large","max-video-preview":"max-video-preview:-1"},"canonical":"https:\/\/zabieszczaduj.pl\/quiz\/idac-przez-glowny-szlak-beskidzki\/dzien-13\/","og_locale":"pl_PL","og_type":"article","og_title":"Dzie\u0144 13: Ha\u0144czowa - bac\u00f3wka PTTK Bartne - Bieszczadzki Quiz","og_description":"Wraz z osi\u0105gni\u0119ciem doliny potoku Mochnaczka zmienia si\u0119 krajobraz, \u015bwierkowym lasom towarzysz\u0105cym w\u0119drowkom po S\u0105decczy\u017anie pora powiedzie\u0107 do zobaczenia. Czas przywita\u0107 najrozleglejszy z Beskid\u00f3w, beskid-niski.pl - Sercu bliski Beskid Niski Zwierz\u0119ta podchodz\u0105 o krok, trasy (cho\u0107 odleg\u0142o\u015bciowo wymagaj\u0105ce) s\u0105 przyjemne, z krajobraz\u00f3w wyrastaj\u0105 cerkiewki, a drogom towarzysz\u0105 wiekowe kapliczki. Wczoraj od rana m\u017cy\u0142o, tu\u017c przed podej\u015bciem na Rotund\u0119 poratowany zosta\u0142em jeszcze ciep\u0142\u0105 herbat\u0105 na bazie w Regietowie. Na szczycie jeden z najciekawszych cmentarzy wojskowych powsta\u0142ych po I wojnie. Nocuj\u0105c dzi\u015b w Bartne i po godzinnym podej\u015bciu zdobywaj\u0105c Magur\u0119, mijam kolejne granice: wojew\u00f3dztw ma\u0142opolskiego i podkarpackiego wchodz\u0105c do Magurski Park Narodowy, wst\u0119p na szlak p\u0142atny smsem:)","og_url":"https:\/\/zabieszczaduj.pl\/quiz\/idac-przez-glowny-szlak-beskidzki\/dzien-13\/","og_site_name":"Bieszczadzki Quiz","article_modified_time":"2015-11-02T20:35:18+00:00","og_image":[{"width":960,"height":960,"url":"https:\/\/zabieszczaduj.pl\/quiz\/wp-content\/uploads\/2015\/10\/fbfpi_98ace9030c440f675c550a7bf204efc0.jpg","type":"image\/jpeg"}],"twitter_misc":{"Szacowany czas czytania":"1 minuta"},"schema":{"@context":"https:\/\/schema.org","@graph":[{"@type":"WebPage","@id":"https:\/\/zabieszczaduj.pl\/quiz\/idac-przez-glowny-szlak-beskidzki\/dzien-13\/","url":"https:\/\/zabieszczaduj.pl\/quiz\/idac-przez-glowny-szlak-beskidzki\/dzien-13\/","name":"Dzie\u0144 13: Ha\u0144czowa - bac\u00f3wka PTTK Bartne - Bieszczadzki Quiz","isPartOf":{"@id":"https:\/\/zabieszczaduj.pl\/quiz\/#website"},"primaryImageOfPage":{"@id":"https:\/\/zabieszczaduj.pl\/quiz\/idac-przez-glowny-szlak-beskidzki\/dzien-13\/#primaryimage"},"image":{"@id":"https:\/\/zabieszczaduj.pl\/quiz\/idac-przez-glowny-szlak-beskidzki\/dzien-13\/#primaryimage"},"thumbnailUrl":"https:\/\/zabieszczaduj.pl\/quiz\/wp-content\/uploads\/2015\/10\/fbfpi_98ace9030c440f675c550a7bf204efc0.jpg","datePublished":"2015-09-03T08:43:34+00:00","dateModified":"2015-11-02T20:35:18+00:00","breadcrumb":{"@id":"https:\/\/zabieszczaduj.pl\/quiz\/idac-przez-glowny-szlak-beskidzki\/dzien-13\/#breadcrumb"},"inLanguage":"pl-PL","potentialAction":[{"@type":"ReadAction","target":["https:\/\/zabieszczaduj.pl\/quiz\/idac-przez-glowny-szlak-beskidzki\/dzien-13\/"]}]},{"@type":"ImageObject","inLanguage":"pl-PL","@id":"https:\/\/zabieszczaduj.pl\/quiz\/idac-przez-glowny-szlak-beskidzki\/dzien-13\/#primaryimage","url":"https:\/\/zabieszczaduj.pl\/quiz\/wp-content\/uploads\/2015\/10\/fbfpi_98ace9030c440f675c550a7bf204efc0.jpg","contentUrl":"https:\/\/zabieszczaduj.pl\/quiz\/wp-content\/uploads\/2015\/10\/fbfpi_98ace9030c440f675c550a7bf204efc0.jpg","width":960,"height":960},{"@type":"BreadcrumbList","@id":"https:\/\/zabieszczaduj.pl\/quiz\/idac-przez-glowny-szlak-beskidzki\/dzien-13\/#breadcrumb","itemListElement":[{"@type":"ListItem","position":1,"name":"Strona g\u0142\u00f3wna","item":"https:\/\/zabieszczaduj.pl\/quiz\/"},{"@type":"ListItem","position":2,"name":"Id\u0105c przez G\u0142\u00f3wny Szlak Beskidzki pod\u0105\u017ca si\u0119 &#8230;","item":"https:\/\/zabieszczaduj.pl\/quiz\/idac-przez-glowny-szlak-beskidzki\/"},{"@type":"ListItem","position":3,"name":"Dzie\u0144 13: Ha\u0144czowa &#8211; bac\u00f3wka PTTK Bartne"}]},{"@type":"WebSite","@id":"https:\/\/zabieszczaduj.pl\/quiz\/#website","url":"https:\/\/zabieszczaduj.pl\/quiz\/","name":"Bieszczadzki Quiz","description":"G&oacute;ry i ludzie, w\u0119dr&oacute;wki z plecakiem, pi\u0119kne widoki i schroniskowe bazy zawsze szeroko otwarte dla zdobywaj\u0105cych Bieszczady","potentialAction":[{"@type":"SearchAction","target":{"@type":"EntryPoint","urlTemplate":"https:\/\/zabieszczaduj.pl\/quiz\/?s={search_term_string}"},"query-input":{"@type":"PropertyValueSpecification","valueRequired":true,"valueName":"search_term_string"}}],"inLanguage":"pl-PL"}]}},"_links":{"self":[{"href":"https:\/\/zabieszczaduj.pl\/quiz\/wp-json\/wp\/v2\/pages\/1014","targetHints":{"allow":["GET"]}}],"collection":[{"href":"https:\/\/zabieszczaduj.pl\/quiz\/wp-json\/wp\/v2\/pages"}],"about":[{"href":"https:\/\/zabieszczaduj.pl\/quiz\/wp-json\/wp\/v2\/types\/page"}],"author":[{"embeddable":true,"href":"https:\/\/zabieszczaduj.pl\/quiz\/wp-json\/wp\/v2\/users\/1"}],"replies":[{"embeddable":true,"href":"https:\/\/zabieszczaduj.pl\/quiz\/wp-json\/wp\/v2\/comments?post=1014"}],"version-history":[{"count":2,"href":"https:\/\/zabieszczaduj.pl\/quiz\/wp-json\/wp\/v2\/pages\/1014\/revisions"}],"predecessor-version":[{"id":1210,"href":"https:\/\/zabieszczaduj.pl\/quiz\/wp-json\/wp\/v2\/pages\/1014\/revisions\/1210"}],"up":[{"embeddable":true,"href":"https:\/\/zabieszczaduj.pl\/quiz\/wp-json\/wp\/v2\/pages\/1040"}],"wp:featuredmedia":[{"embeddable":true,"href":"https:\/\/zabieszczaduj.pl\/quiz\/wp-json\/wp\/v2\/media\/1015"}],"wp:attachment":[{"href":"https:\/\/zabieszczaduj.pl\/quiz\/wp-json\/wp\/v2\/media?parent=1014"}],"curies":[{"name":"wp","href":"https:\/\/api.w.org\/{rel}","templated":true}]}}