{"id":1012,"date":"2015-09-04T09:29:55","date_gmt":"2015-09-04T07:29:55","guid":{"rendered":"http:\/\/zabieszczaduj.pl\/quiz\/?post_type=status-message&#038;p=1012"},"modified":"2015-11-02T21:35:36","modified_gmt":"2015-11-02T20:35:36","slug":"dzien-14","status":"publish","type":"page","link":"https:\/\/zabieszczaduj.pl\/quiz\/idac-przez-glowny-szlak-beskidzki\/dzien-14\/","title":{"rendered":"Dzie\u0144 14: bac\u00f3wka PTTK Bartne &#8211; Chyrowa"},"content":{"rendered":"<div class=\"fcbkbttn_buttons_block\" id=\"fcbkbttn_left\"><div class=\"fcbkbttn_like \"><fb:like href=\"https:\/\/zabieszczaduj.pl\/quiz\/idac-przez-glowny-szlak-beskidzki\/dzien-14\/\" action=\"like\" colorscheme=\"light\" layout=\"button_count\"  size=\"small\"><\/fb:like><\/div><\/div><p>Cz\u0119sto w lesie, ale i na noclegach jestem poza zasi\u0119giem (cho\u0107 jak wida\u0107 na za\u0142\u0105czonym obrazku pr\u00f3buje si\u0119 zorganizowa\u0107 jakie\u015b WiFi;), daj\u0119 wi\u0119c znak, \u017ce \u017cyj\u0119 i jako\u015b wygl\u0105dam.<br \/>\nWczoraj zamkn\u0119\u0142y si\u0119 2 tygodnie w\u0119dr\u00f3wki: przez Magurski Park Narodowy, szlakiem papieskim doszed\u0142em do K\u0105t\u00f3w, sponad kt\u00f3rych obserwowa\u0142em miss dotychczasowych panoram Beskidu Niskiego&#8230; Widok si\u0119ga\u0142 a\u017c po Nowy \u017bmigr\u00f3d.<br \/>\nNa \u0141ysa G\u00f3ra piecz\u0105tka jaka\u015b taka&#8230; \u0142ysa. Grzbiety cz\u0119\u015bciowo ods\u0142oni\u0119te widokowych przyjemno\u015bci wi\u0119c ci\u0105g dalszy! Dalej schodz\u0119 do Doliny \u015amierci. We wsi Chyrowa znajduje si\u0119 cerkiew z XVIII wieku, a nieco dalej schronisko. Spotykam jeszcze pi\u0119cioro nocuj\u0105cych tu GSBowicz\u00f3w (panowie z PTT i ch\u0142opak z Kro\u015bcienka id\u0105 z Bieszczad\u00f3w, a para idzie z kierunku tego samego co ja, ale rozplanowali przej\u015bcie na d\u0142u\u017cej ni\u017c 21dni), wsp\u00f3lnie my\u015blimy jak najlepiej rozplanowa\u0107 tras\u0119, by pojutrze by\u0107 w Koma\u0144czy. Do ko\u0144ca czerwonego szlaku raptem 160km, tak jak chcia\u0142em, \u017ceby ten licznik bi\u0142 coraz szybciej, tak teraz chcia\u0142bym, by nieco zwolni\u0142, w ko\u0144cu pozosta\u0142 ju\u017c jedynie tydzie\u0144&#8230;<\/p>\n<div class=\"fbfpi_photo\"><img decoding=\"async\" src=\"http:\/\/zabieszczaduj.pl\/quiz\/wp-content\/uploads\/2015\/10\/fbfpi_712db1d236c48d971b58e092b55e2621.jpg\"><\/div>\n","protected":false},"excerpt":{"rendered":"<p>Cz\u0119sto w lesie, ale i na noclegach jestem poza zasi\u0119giem (cho\u0107 jak wida\u0107 na za\u0142\u0105czonym obrazku pr\u00f3buje si\u0119 zorganizowa\u0107 jakie\u015b WiFi;), daj\u0119 wi\u0119c znak, \u017ce \u017cyj\u0119 i jako\u015b wygl\u0105dam.<br \/>\nWczoraj zamkn\u0119\u0142y si\u0119 2 tygodnie w\u0119dr\u00f3wki: przez Magurski Park Narodowy, szlakiem papieskim doszed\u0142em do K\u0105t\u00f3w, sponad kt\u00f3rych obserwowa\u0142em miss dotychczasowych panoram Beskidu Niskiego&#8230; Widok si\u0119ga\u0142 a\u017c po Nowy \u017bmigr\u00f3d.<br \/>\nNa \u0141ysa G\u00f3ra piecz\u0105tka jaka\u015b taka&#8230; \u0142ysa. Grzbiety cz\u0119\u015bciowo ods\u0142oni\u0119te widokowych przyjemno\u015bci wi\u0119c ci\u0105g dalszy! Dalej schodz\u0119 do Doliny \u015amierci. We wsi Chyrowa znajduje si\u0119 cerkiew z XVIII wieku, a nieco dalej schronisko. Spotykam jeszcze pi\u0119cioro nocuj\u0105cych tu GSBowicz\u00f3w (panowie z PTT i ch\u0142opak z Kro\u015bcienka id\u0105 z Bieszczad\u00f3w, a para idzie z kierunku tego samego co ja, ale rozplanowali przej\u015bcie na d\u0142u\u017cej ni\u017c 21dni), wsp\u00f3lnie my\u015blimy jak najlepiej rozplanowa\u0107 tras\u0119, by pojutrze by\u0107 w Koma\u0144czy. Do ko\u0144ca czerwonego szlaku raptem 160km, tak jak chcia\u0142em, \u017ceby ten licznik bi\u0142 coraz szybciej, tak teraz chcia\u0142bym, by nieco zwolni\u0142, w ko\u0144cu pozosta\u0142 ju\u017c jedynie tydzie\u0144&#8230;<\/p>\n","protected":false},"author":1,"featured_media":1013,"parent":1040,"menu_order":0,"comment_status":"closed","ping_status":"closed","template":"","meta":{"_exactmetrics_skip_tracking":false,"_exactmetrics_sitenote_active":false,"_exactmetrics_sitenote_note":"","_exactmetrics_sitenote_category":0,"footnotes":""},"class_list":["post-1012","page","type-page","status-publish","has-post-thumbnail","hentry"],"yoast_head":"<!-- This site is optimized with the Yoast SEO plugin v25.0 - https:\/\/yoast.com\/wordpress\/plugins\/seo\/ -->\n<title>Dzie\u0144 14: bac\u00f3wka PTTK Bartne - Chyrowa - Bieszczadzki Quiz<\/title>\n<meta name=\"robots\" content=\"index, follow, max-snippet:-1, max-image-preview:large, max-video-preview:-1\" \/>\n<link rel=\"canonical\" href=\"https:\/\/zabieszczaduj.pl\/quiz\/idac-przez-glowny-szlak-beskidzki\/dzien-14\/\" \/>\n<meta property=\"og:locale\" content=\"pl_PL\" \/>\n<meta property=\"og:type\" content=\"article\" \/>\n<meta property=\"og:title\" content=\"Dzie\u0144 14: bac\u00f3wka PTTK Bartne - Chyrowa - Bieszczadzki Quiz\" \/>\n<meta property=\"og:description\" content=\"Cz\u0119sto w lesie, ale i na noclegach jestem poza zasi\u0119giem (cho\u0107 jak wida\u0107 na za\u0142\u0105czonym obrazku pr\u00f3buje si\u0119 zorganizowa\u0107 jakie\u015b WiFi;), daj\u0119 wi\u0119c znak, \u017ce \u017cyj\u0119 i jako\u015b wygl\u0105dam. Wczoraj zamkn\u0119\u0142y si\u0119 2 tygodnie w\u0119dr\u00f3wki: przez Magurski Park Narodowy, szlakiem papieskim doszed\u0142em do K\u0105t\u00f3w, sponad kt\u00f3rych obserwowa\u0142em miss dotychczasowych panoram Beskidu Niskiego... Widok si\u0119ga\u0142 a\u017c po Nowy \u017bmigr\u00f3d. Na \u0141ysa G\u00f3ra piecz\u0105tka jaka\u015b taka... \u0142ysa. Grzbiety cz\u0119\u015bciowo ods\u0142oni\u0119te widokowych przyjemno\u015bci wi\u0119c ci\u0105g dalszy! Dalej schodz\u0119 do Doliny \u015amierci. We wsi Chyrowa znajduje si\u0119 cerkiew z XVIII wieku, a nieco dalej schronisko. Spotykam jeszcze pi\u0119cioro nocuj\u0105cych tu GSBowicz\u00f3w (panowie z PTT i ch\u0142opak z Kro\u015bcienka id\u0105 z Bieszczad\u00f3w, a para idzie z kierunku tego samego co ja, ale rozplanowali przej\u015bcie na d\u0142u\u017cej ni\u017c 21dni), wsp\u00f3lnie my\u015blimy jak najlepiej rozplanowa\u0107 tras\u0119, by pojutrze by\u0107 w Koma\u0144czy. Do ko\u0144ca czerwonego szlaku raptem 160km, tak jak chcia\u0142em, \u017ceby ten licznik bi\u0142 coraz szybciej, tak teraz chcia\u0142bym, by nieco zwolni\u0142, w ko\u0144cu pozosta\u0142 ju\u017c jedynie tydzie\u0144...\" \/>\n<meta property=\"og:url\" content=\"https:\/\/zabieszczaduj.pl\/quiz\/idac-przez-glowny-szlak-beskidzki\/dzien-14\/\" \/>\n<meta property=\"og:site_name\" content=\"Bieszczadzki Quiz\" \/>\n<meta property=\"article:modified_time\" content=\"2015-11-02T20:35:36+00:00\" \/>\n<meta property=\"og:image\" content=\"https:\/\/zabieszczaduj.pl\/quiz\/wp-content\/uploads\/2015\/10\/fbfpi_712db1d236c48d971b58e092b55e2621.jpg\" \/>\n\t<meta property=\"og:image:width\" content=\"960\" \/>\n\t<meta property=\"og:image:height\" content=\"960\" \/>\n\t<meta property=\"og:image:type\" content=\"image\/jpeg\" \/>\n<meta name=\"twitter:label1\" content=\"Szacowany czas czytania\" \/>\n\t<meta name=\"twitter:data1\" content=\"1 minuta\" \/>\n<script type=\"application\/ld+json\" class=\"yoast-schema-graph\">{\"@context\":\"https:\/\/schema.org\",\"@graph\":[{\"@type\":\"WebPage\",\"@id\":\"https:\/\/zabieszczaduj.pl\/quiz\/idac-przez-glowny-szlak-beskidzki\/dzien-14\/\",\"url\":\"https:\/\/zabieszczaduj.pl\/quiz\/idac-przez-glowny-szlak-beskidzki\/dzien-14\/\",\"name\":\"Dzie\u0144 14: bac\u00f3wka PTTK Bartne - Chyrowa - Bieszczadzki Quiz\",\"isPartOf\":{\"@id\":\"https:\/\/zabieszczaduj.pl\/quiz\/#website\"},\"primaryImageOfPage\":{\"@id\":\"https:\/\/zabieszczaduj.pl\/quiz\/idac-przez-glowny-szlak-beskidzki\/dzien-14\/#primaryimage\"},\"image\":{\"@id\":\"https:\/\/zabieszczaduj.pl\/quiz\/idac-przez-glowny-szlak-beskidzki\/dzien-14\/#primaryimage\"},\"thumbnailUrl\":\"https:\/\/zabieszczaduj.pl\/quiz\/wp-content\/uploads\/2015\/10\/fbfpi_712db1d236c48d971b58e092b55e2621.jpg\",\"datePublished\":\"2015-09-04T07:29:55+00:00\",\"dateModified\":\"2015-11-02T20:35:36+00:00\",\"breadcrumb\":{\"@id\":\"https:\/\/zabieszczaduj.pl\/quiz\/idac-przez-glowny-szlak-beskidzki\/dzien-14\/#breadcrumb\"},\"inLanguage\":\"pl-PL\",\"potentialAction\":[{\"@type\":\"ReadAction\",\"target\":[\"https:\/\/zabieszczaduj.pl\/quiz\/idac-przez-glowny-szlak-beskidzki\/dzien-14\/\"]}]},{\"@type\":\"ImageObject\",\"inLanguage\":\"pl-PL\",\"@id\":\"https:\/\/zabieszczaduj.pl\/quiz\/idac-przez-glowny-szlak-beskidzki\/dzien-14\/#primaryimage\",\"url\":\"https:\/\/zabieszczaduj.pl\/quiz\/wp-content\/uploads\/2015\/10\/fbfpi_712db1d236c48d971b58e092b55e2621.jpg\",\"contentUrl\":\"https:\/\/zabieszczaduj.pl\/quiz\/wp-content\/uploads\/2015\/10\/fbfpi_712db1d236c48d971b58e092b55e2621.jpg\",\"width\":960,\"height\":960},{\"@type\":\"BreadcrumbList\",\"@id\":\"https:\/\/zabieszczaduj.pl\/quiz\/idac-przez-glowny-szlak-beskidzki\/dzien-14\/#breadcrumb\",\"itemListElement\":[{\"@type\":\"ListItem\",\"position\":1,\"name\":\"Strona g\u0142\u00f3wna\",\"item\":\"https:\/\/zabieszczaduj.pl\/quiz\/\"},{\"@type\":\"ListItem\",\"position\":2,\"name\":\"Id\u0105c przez G\u0142\u00f3wny Szlak Beskidzki pod\u0105\u017ca si\u0119 &#8230;\",\"item\":\"https:\/\/zabieszczaduj.pl\/quiz\/idac-przez-glowny-szlak-beskidzki\/\"},{\"@type\":\"ListItem\",\"position\":3,\"name\":\"Dzie\u0144 14: bac\u00f3wka PTTK Bartne &#8211; Chyrowa\"}]},{\"@type\":\"WebSite\",\"@id\":\"https:\/\/zabieszczaduj.pl\/quiz\/#website\",\"url\":\"https:\/\/zabieszczaduj.pl\/quiz\/\",\"name\":\"Bieszczadzki Quiz\",\"description\":\"G&oacute;ry i ludzie, w\u0119dr&oacute;wki z plecakiem, pi\u0119kne widoki i schroniskowe bazy zawsze szeroko otwarte dla zdobywaj\u0105cych Bieszczady\",\"potentialAction\":[{\"@type\":\"SearchAction\",\"target\":{\"@type\":\"EntryPoint\",\"urlTemplate\":\"https:\/\/zabieszczaduj.pl\/quiz\/?s={search_term_string}\"},\"query-input\":{\"@type\":\"PropertyValueSpecification\",\"valueRequired\":true,\"valueName\":\"search_term_string\"}}],\"inLanguage\":\"pl-PL\"}]}<\/script>\n<!-- \/ Yoast SEO plugin. -->","yoast_head_json":{"title":"Dzie\u0144 14: bac\u00f3wka PTTK Bartne - Chyrowa - Bieszczadzki Quiz","robots":{"index":"index","follow":"follow","max-snippet":"max-snippet:-1","max-image-preview":"max-image-preview:large","max-video-preview":"max-video-preview:-1"},"canonical":"https:\/\/zabieszczaduj.pl\/quiz\/idac-przez-glowny-szlak-beskidzki\/dzien-14\/","og_locale":"pl_PL","og_type":"article","og_title":"Dzie\u0144 14: bac\u00f3wka PTTK Bartne - Chyrowa - Bieszczadzki Quiz","og_description":"Cz\u0119sto w lesie, ale i na noclegach jestem poza zasi\u0119giem (cho\u0107 jak wida\u0107 na za\u0142\u0105czonym obrazku pr\u00f3buje si\u0119 zorganizowa\u0107 jakie\u015b WiFi;), daj\u0119 wi\u0119c znak, \u017ce \u017cyj\u0119 i jako\u015b wygl\u0105dam. Wczoraj zamkn\u0119\u0142y si\u0119 2 tygodnie w\u0119dr\u00f3wki: przez Magurski Park Narodowy, szlakiem papieskim doszed\u0142em do K\u0105t\u00f3w, sponad kt\u00f3rych obserwowa\u0142em miss dotychczasowych panoram Beskidu Niskiego... Widok si\u0119ga\u0142 a\u017c po Nowy \u017bmigr\u00f3d. Na \u0141ysa G\u00f3ra piecz\u0105tka jaka\u015b taka... \u0142ysa. Grzbiety cz\u0119\u015bciowo ods\u0142oni\u0119te widokowych przyjemno\u015bci wi\u0119c ci\u0105g dalszy! Dalej schodz\u0119 do Doliny \u015amierci. We wsi Chyrowa znajduje si\u0119 cerkiew z XVIII wieku, a nieco dalej schronisko. Spotykam jeszcze pi\u0119cioro nocuj\u0105cych tu GSBowicz\u00f3w (panowie z PTT i ch\u0142opak z Kro\u015bcienka id\u0105 z Bieszczad\u00f3w, a para idzie z kierunku tego samego co ja, ale rozplanowali przej\u015bcie na d\u0142u\u017cej ni\u017c 21dni), wsp\u00f3lnie my\u015blimy jak najlepiej rozplanowa\u0107 tras\u0119, by pojutrze by\u0107 w Koma\u0144czy. Do ko\u0144ca czerwonego szlaku raptem 160km, tak jak chcia\u0142em, \u017ceby ten licznik bi\u0142 coraz szybciej, tak teraz chcia\u0142bym, by nieco zwolni\u0142, w ko\u0144cu pozosta\u0142 ju\u017c jedynie tydzie\u0144...","og_url":"https:\/\/zabieszczaduj.pl\/quiz\/idac-przez-glowny-szlak-beskidzki\/dzien-14\/","og_site_name":"Bieszczadzki Quiz","article_modified_time":"2015-11-02T20:35:36+00:00","og_image":[{"width":960,"height":960,"url":"https:\/\/zabieszczaduj.pl\/quiz\/wp-content\/uploads\/2015\/10\/fbfpi_712db1d236c48d971b58e092b55e2621.jpg","type":"image\/jpeg"}],"twitter_misc":{"Szacowany czas czytania":"1 minuta"},"schema":{"@context":"https:\/\/schema.org","@graph":[{"@type":"WebPage","@id":"https:\/\/zabieszczaduj.pl\/quiz\/idac-przez-glowny-szlak-beskidzki\/dzien-14\/","url":"https:\/\/zabieszczaduj.pl\/quiz\/idac-przez-glowny-szlak-beskidzki\/dzien-14\/","name":"Dzie\u0144 14: bac\u00f3wka PTTK Bartne - Chyrowa - Bieszczadzki Quiz","isPartOf":{"@id":"https:\/\/zabieszczaduj.pl\/quiz\/#website"},"primaryImageOfPage":{"@id":"https:\/\/zabieszczaduj.pl\/quiz\/idac-przez-glowny-szlak-beskidzki\/dzien-14\/#primaryimage"},"image":{"@id":"https:\/\/zabieszczaduj.pl\/quiz\/idac-przez-glowny-szlak-beskidzki\/dzien-14\/#primaryimage"},"thumbnailUrl":"https:\/\/zabieszczaduj.pl\/quiz\/wp-content\/uploads\/2015\/10\/fbfpi_712db1d236c48d971b58e092b55e2621.jpg","datePublished":"2015-09-04T07:29:55+00:00","dateModified":"2015-11-02T20:35:36+00:00","breadcrumb":{"@id":"https:\/\/zabieszczaduj.pl\/quiz\/idac-przez-glowny-szlak-beskidzki\/dzien-14\/#breadcrumb"},"inLanguage":"pl-PL","potentialAction":[{"@type":"ReadAction","target":["https:\/\/zabieszczaduj.pl\/quiz\/idac-przez-glowny-szlak-beskidzki\/dzien-14\/"]}]},{"@type":"ImageObject","inLanguage":"pl-PL","@id":"https:\/\/zabieszczaduj.pl\/quiz\/idac-przez-glowny-szlak-beskidzki\/dzien-14\/#primaryimage","url":"https:\/\/zabieszczaduj.pl\/quiz\/wp-content\/uploads\/2015\/10\/fbfpi_712db1d236c48d971b58e092b55e2621.jpg","contentUrl":"https:\/\/zabieszczaduj.pl\/quiz\/wp-content\/uploads\/2015\/10\/fbfpi_712db1d236c48d971b58e092b55e2621.jpg","width":960,"height":960},{"@type":"BreadcrumbList","@id":"https:\/\/zabieszczaduj.pl\/quiz\/idac-przez-glowny-szlak-beskidzki\/dzien-14\/#breadcrumb","itemListElement":[{"@type":"ListItem","position":1,"name":"Strona g\u0142\u00f3wna","item":"https:\/\/zabieszczaduj.pl\/quiz\/"},{"@type":"ListItem","position":2,"name":"Id\u0105c przez G\u0142\u00f3wny Szlak Beskidzki pod\u0105\u017ca si\u0119 &#8230;","item":"https:\/\/zabieszczaduj.pl\/quiz\/idac-przez-glowny-szlak-beskidzki\/"},{"@type":"ListItem","position":3,"name":"Dzie\u0144 14: bac\u00f3wka PTTK Bartne &#8211; Chyrowa"}]},{"@type":"WebSite","@id":"https:\/\/zabieszczaduj.pl\/quiz\/#website","url":"https:\/\/zabieszczaduj.pl\/quiz\/","name":"Bieszczadzki Quiz","description":"G&oacute;ry i ludzie, w\u0119dr&oacute;wki z plecakiem, pi\u0119kne widoki i schroniskowe bazy zawsze szeroko otwarte dla zdobywaj\u0105cych Bieszczady","potentialAction":[{"@type":"SearchAction","target":{"@type":"EntryPoint","urlTemplate":"https:\/\/zabieszczaduj.pl\/quiz\/?s={search_term_string}"},"query-input":{"@type":"PropertyValueSpecification","valueRequired":true,"valueName":"search_term_string"}}],"inLanguage":"pl-PL"}]}},"_links":{"self":[{"href":"https:\/\/zabieszczaduj.pl\/quiz\/wp-json\/wp\/v2\/pages\/1012","targetHints":{"allow":["GET"]}}],"collection":[{"href":"https:\/\/zabieszczaduj.pl\/quiz\/wp-json\/wp\/v2\/pages"}],"about":[{"href":"https:\/\/zabieszczaduj.pl\/quiz\/wp-json\/wp\/v2\/types\/page"}],"author":[{"embeddable":true,"href":"https:\/\/zabieszczaduj.pl\/quiz\/wp-json\/wp\/v2\/users\/1"}],"replies":[{"embeddable":true,"href":"https:\/\/zabieszczaduj.pl\/quiz\/wp-json\/wp\/v2\/comments?post=1012"}],"version-history":[{"count":2,"href":"https:\/\/zabieszczaduj.pl\/quiz\/wp-json\/wp\/v2\/pages\/1012\/revisions"}],"predecessor-version":[{"id":1211,"href":"https:\/\/zabieszczaduj.pl\/quiz\/wp-json\/wp\/v2\/pages\/1012\/revisions\/1211"}],"up":[{"embeddable":true,"href":"https:\/\/zabieszczaduj.pl\/quiz\/wp-json\/wp\/v2\/pages\/1040"}],"wp:featuredmedia":[{"embeddable":true,"href":"https:\/\/zabieszczaduj.pl\/quiz\/wp-json\/wp\/v2\/media\/1013"}],"wp:attachment":[{"href":"https:\/\/zabieszczaduj.pl\/quiz\/wp-json\/wp\/v2\/media?parent=1012"}],"curies":[{"name":"wp","href":"https:\/\/api.w.org\/{rel}","templated":true}]}}