{"id":1010,"date":"2015-09-05T09:29:54","date_gmt":"2015-09-05T07:29:54","guid":{"rendered":"http:\/\/zabieszczaduj.pl\/quiz\/?post_type=status-message&#038;p=1010"},"modified":"2015-11-02T21:35:53","modified_gmt":"2015-11-02T20:35:53","slug":"dzien-15","status":"publish","type":"page","link":"https:\/\/zabieszczaduj.pl\/quiz\/idac-przez-glowny-szlak-beskidzki\/dzien-15\/","title":{"rendered":"Dzie\u0144 15: Chyrowa &#8211; Ryman\u00f3w-Zdr\u00f3j"},"content":{"rendered":"<div class=\"fcbkbttn_buttons_block\" id=\"fcbkbttn_left\"><div class=\"fcbkbttn_like \"><fb:like href=\"https:\/\/zabieszczaduj.pl\/quiz\/idac-przez-glowny-szlak-beskidzki\/dzien-15\/\" action=\"like\" colorscheme=\"light\" layout=\"button_count\"  size=\"small\"><\/fb:like><\/div><\/div><p>Wczorajsze \u015bniadanie w wydaniu p. Ludmi\u0142y to absolutne podium ca\u0142ej wyprawy. Ka\u017cdy kto si\u0119 skusi\u0142 i nie wyszed\u0142 przed 7m\u0105, dosta\u0142 dwukrotny przydzia\u0142 tego, co normalnie traktuje si\u0119 w schroniskach za posi\u0142ek o tej porze dnia. Trzyma\u0107 kciuki, by z nowym w\u0142a\u015bcicielem odpowiedzialno\u015b\u0107 za kuchni\u0119 si\u0119 nie zmieni\u0142a, bo &#8211; poza pierogami ruskimi zajadanymi jak nigdzie &#8211; musz\u0119 jeszcze wskoczy\u0107 na zupk\u0119 i ciacho, kt\u00f3rych poprzednicy brali na dok\u0142adk\u0119 \ud83d\ude42 W m\u0119skim gronie \u017cartowali\u015bmy, \u017ce z tak\u0105 kobiet\u0105 w domu to 120% energii na dzie\u0144 z czerwonym szlakiem, szybko prze\u0142o\u017cy\u0142oby si\u0119 na 120kg wagi, pani wi\u0119c Chyrowej nie skradniemy :p Na fotce jeszcze jedno mi\u0142e wspomnienie \u015bniadania ze Schronisko Cyrla &#8211; s\u0142ynna kie\u0142basa po \u0142abowsku&#8230; Musicie wyobrazi\u0107 sobie bogactwo na stole tym razem, bo aparatu nie mia\u0142em \ud83d\ude42<br \/>\nSi\u0142 w 15. dzie\u0144 w\u0119drowania starczy\u0142o na Kamienn\u0105 G\u00f3r\u0119, pustelni\u0119 \u015bw. Jana z Dukli (na szlaku zwiedzi\u0107 mo\u017cna rekonstrukcj\u0119 chaty zakonnika) i wreszcie na Cergow\u0105 (niby 716m n.p.m. ale w ko\u015b\u0107 da\u0142a!) By\u0142o r\u00f3wnie\u017c \u017cmudne maszerowanie asfaltem pod Lubatow\u0105 i tak a\u017c do Iwonicz-Zdr\u00f3j. Cz\u0142owiek maszeruje lasami, znajdzie si\u0119 w wielkim mie\u015bcie, no i&#8230; si\u0119 zgubi \ud83d\ude09 Z powrotem na szlak naprowadza mnie mieszkanka (go\u015bcie miasteczek zdrojowych na wszelkie pytania, gdzie i do kt\u00f3rej mo\u017cna zje\u015b\u0107, co\u015b kupi\u0107 itp. odpowiadaj\u0105 w gu\u015bcie: panie, ja nie wiem, ja tu dopiero par\u0119 dni jestem, spaceruj\u0119 tylko i wdycham jod). Starsza pani na my\u015bl o Bieszczadach wspomina Rawki sprzed 30 lat&#8230; Wigoru jednak nie traci, bo z kijkami \u017cwawo maszeruje &#8211; wiele by da\u0142a, by m\u00f3c tak jak i ja gdzie\u015b wy\u017cej, dalej&#8230; tylko do pary by mi kogo\u015b poleci\u0142a \ud83d\ude09 Zatrzyma\u0142bym si\u0119 w jej agroturystyce, gdyby nie to, \u017ce nast\u0119pnego dnia nie podo\u0142a\u0142bym tak d\u0142ugiemu odcinkowi&#8230; Id\u0119 do Rymanowa-Zdroju. I tak b\u0119dzie z 40km do Koma\u0144czy (nie wiem ile to &#8222;w ca\u0142uskach&#8221; &#8211; przyzna\u0107 trzeba, sympatyczna jednostka miary), w drog\u0119 wi\u0119c!<\/p>\n<div class=\"fbfpi_photo\"><img decoding=\"async\" src=\"http:\/\/zabieszczaduj.pl\/quiz\/wp-content\/uploads\/2015\/10\/fbfpi_4e29d5d89d15cbd2d017edd9dfd0f4b0.jpg\"><\/div>\n","protected":false},"excerpt":{"rendered":"<p>Wczorajsze \u015bniadanie w wydaniu p. Ludmi\u0142y to absolutne podium ca\u0142ej wyprawy. Ka\u017cdy kto si\u0119 skusi\u0142 i nie wyszed\u0142 przed 7m\u0105, dosta\u0142 dwukrotny przydzia\u0142 tego, co normalnie traktuje si\u0119 w schroniskach za posi\u0142ek o tej porze dnia. Trzyma\u0107 kciuki, by z nowym w\u0142a\u015bcicielem odpowiedzialno\u015b\u0107 za kuchni\u0119 si\u0119 nie zmieni\u0142a, bo &#8211; poza pierogami ruskimi zajadanymi jak nigdzie &#8211; musz\u0119 jeszcze wskoczy\u0107 na zupk\u0119 i ciacho, kt\u00f3rych poprzednicy brali na dok\u0142adk\u0119 \ud83d\ude42 W m\u0119skim gronie \u017cartowali\u015bmy, \u017ce z tak\u0105 kobiet\u0105 w domu to 120% energii na dzie\u0144 z czerwonym szlakiem, szybko prze\u0142o\u017cy\u0142oby si\u0119 na 120kg wagi, pani wi\u0119c Chyrowej nie skradniemy :p Na fotce jeszcze jedno mi\u0142e wspomnienie \u015bniadania ze Schronisko Cyrla &#8211; s\u0142ynna kie\u0142basa po \u0142abowsku&#8230; Musicie wyobrazi\u0107 sobie bogactwo na stole tym razem, bo aparatu nie mia\u0142em \ud83d\ude42<br \/>\nSi\u0142 w 15. dzie\u0144 w\u0119drowania starczy\u0142o na Kamienn\u0105 G\u00f3r\u0119, pustelni\u0119 \u015bw. Jana z Dukli (na szlaku zwiedzi\u0107 mo\u017cna rekonstrukcj\u0119 chaty zakonnika) i wreszcie na Cergow\u0105 (niby 716m n.p.m. ale w ko\u015b\u0107 da\u0142a!) By\u0142o r\u00f3wnie\u017c \u017cmudne maszerowanie asfaltem pod Lubatow\u0105 i tak a\u017c do Iwonicz-Zdr\u00f3j. Cz\u0142owiek maszeruje lasami, znajdzie si\u0119 w wielkim mie\u015bcie, no i&#8230; si\u0119 zgubi \ud83d\ude09 Z powrotem na szlak naprowadza mnie mieszkanka (go\u015bcie miasteczek zdrojowych na wszelkie pytania, gdzie i do kt\u00f3rej mo\u017cna zje\u015b\u0107, co\u015b kupi\u0107 itp. odpowiadaj\u0105 w gu\u015bcie: panie, ja nie wiem, ja tu dopiero par\u0119 dni jestem, spaceruj\u0119 tylko i wdycham jod). Starsza pani na my\u015bl o Bieszczadach wspomina Rawki sprzed 30 lat&#8230; Wigoru jednak nie traci, bo z kijkami \u017cwawo maszeruje &#8211; wiele by da\u0142a, by m\u00f3c tak jak i ja gdzie\u015b wy\u017cej, dalej&#8230; tylko do pary by mi kogo\u015b poleci\u0142a \ud83d\ude09 Zatrzyma\u0142bym si\u0119 w jej agroturystyce, gdyby nie to, \u017ce nast\u0119pnego dnia nie podo\u0142a\u0142bym tak d\u0142ugiemu odcinkowi&#8230; Id\u0119 do Rymanowa-Zdroju. I tak b\u0119dzie z 40km do Koma\u0144czy (nie wiem ile to &#8222;w ca\u0142uskach&#8221; &#8211; przyzna\u0107 trzeba, sympatyczna jednostka miary), w drog\u0119 wi\u0119c!<\/p>\n","protected":false},"author":1,"featured_media":1011,"parent":1040,"menu_order":0,"comment_status":"closed","ping_status":"closed","template":"","meta":{"_exactmetrics_skip_tracking":false,"_exactmetrics_sitenote_active":false,"_exactmetrics_sitenote_note":"","_exactmetrics_sitenote_category":0,"footnotes":""},"class_list":["post-1010","page","type-page","status-publish","has-post-thumbnail","hentry"],"yoast_head":"<!-- This site is optimized with the Yoast SEO plugin v25.0 - https:\/\/yoast.com\/wordpress\/plugins\/seo\/ -->\n<title>Dzie\u0144 15: Chyrowa - Ryman\u00f3w-Zdr\u00f3j - Bieszczadzki Quiz<\/title>\n<meta name=\"robots\" content=\"index, follow, max-snippet:-1, max-image-preview:large, max-video-preview:-1\" \/>\n<link rel=\"canonical\" href=\"https:\/\/zabieszczaduj.pl\/quiz\/idac-przez-glowny-szlak-beskidzki\/dzien-15\/\" \/>\n<meta property=\"og:locale\" content=\"pl_PL\" \/>\n<meta property=\"og:type\" content=\"article\" \/>\n<meta property=\"og:title\" content=\"Dzie\u0144 15: Chyrowa - Ryman\u00f3w-Zdr\u00f3j - Bieszczadzki Quiz\" \/>\n<meta property=\"og:description\" content=\"Wczorajsze \u015bniadanie w wydaniu p. Ludmi\u0142y to absolutne podium ca\u0142ej wyprawy. Ka\u017cdy kto si\u0119 skusi\u0142 i nie wyszed\u0142 przed 7m\u0105, dosta\u0142 dwukrotny przydzia\u0142 tego, co normalnie traktuje si\u0119 w schroniskach za posi\u0142ek o tej porze dnia. Trzyma\u0107 kciuki, by z nowym w\u0142a\u015bcicielem odpowiedzialno\u015b\u0107 za kuchni\u0119 si\u0119 nie zmieni\u0142a, bo - poza pierogami ruskimi zajadanymi jak nigdzie - musz\u0119 jeszcze wskoczy\u0107 na zupk\u0119 i ciacho, kt\u00f3rych poprzednicy brali na dok\u0142adk\u0119 :) W m\u0119skim gronie \u017cartowali\u015bmy, \u017ce z tak\u0105 kobiet\u0105 w domu to 120% energii na dzie\u0144 z czerwonym szlakiem, szybko prze\u0142o\u017cy\u0142oby si\u0119 na 120kg wagi, pani wi\u0119c Chyrowej nie skradniemy :p Na fotce jeszcze jedno mi\u0142e wspomnienie \u015bniadania ze Schronisko Cyrla - s\u0142ynna kie\u0142basa po \u0142abowsku... Musicie wyobrazi\u0107 sobie bogactwo na stole tym razem, bo aparatu nie mia\u0142em :) Si\u0142 w 15. dzie\u0144 w\u0119drowania starczy\u0142o na Kamienn\u0105 G\u00f3r\u0119, pustelni\u0119 \u015bw. Jana z Dukli (na szlaku zwiedzi\u0107 mo\u017cna rekonstrukcj\u0119 chaty zakonnika) i wreszcie na Cergow\u0105 (niby 716m n.p.m. ale w ko\u015b\u0107 da\u0142a!) By\u0142o r\u00f3wnie\u017c \u017cmudne maszerowanie asfaltem pod Lubatow\u0105 i tak a\u017c do Iwonicz-Zdr\u00f3j. Cz\u0142owiek maszeruje lasami, znajdzie si\u0119 w wielkim mie\u015bcie, no i... si\u0119 zgubi ;) Z powrotem na szlak naprowadza mnie mieszkanka (go\u015bcie miasteczek zdrojowych na wszelkie pytania, gdzie i do kt\u00f3rej mo\u017cna zje\u015b\u0107, co\u015b kupi\u0107 itp. odpowiadaj\u0105 w gu\u015bcie: panie, ja nie wiem, ja tu dopiero par\u0119 dni jestem, spaceruj\u0119 tylko i wdycham jod). Starsza pani na my\u015bl o Bieszczadach wspomina Rawki sprzed 30 lat... Wigoru jednak nie traci, bo z kijkami \u017cwawo maszeruje - wiele by da\u0142a, by m\u00f3c tak jak i ja gdzie\u015b wy\u017cej, dalej... tylko do pary by mi kogo\u015b poleci\u0142a ;) Zatrzyma\u0142bym si\u0119 w jej agroturystyce, gdyby nie to, \u017ce nast\u0119pnego dnia nie podo\u0142a\u0142bym tak d\u0142ugiemu odcinkowi... Id\u0119 do Rymanowa-Zdroju. I tak b\u0119dzie z 40km do Koma\u0144czy (nie wiem ile to &quot;w ca\u0142uskach&quot; - przyzna\u0107 trzeba, sympatyczna jednostka miary), w drog\u0119 wi\u0119c!\" \/>\n<meta property=\"og:url\" content=\"https:\/\/zabieszczaduj.pl\/quiz\/idac-przez-glowny-szlak-beskidzki\/dzien-15\/\" \/>\n<meta property=\"og:site_name\" content=\"Bieszczadzki Quiz\" \/>\n<meta property=\"article:modified_time\" content=\"2015-11-02T20:35:53+00:00\" \/>\n<meta property=\"og:image\" content=\"https:\/\/zabieszczaduj.pl\/quiz\/wp-content\/uploads\/2015\/10\/fbfpi_4e29d5d89d15cbd2d017edd9dfd0f4b0.jpg\" \/>\n\t<meta property=\"og:image:width\" content=\"960\" \/>\n\t<meta property=\"og:image:height\" content=\"960\" \/>\n\t<meta property=\"og:image:type\" content=\"image\/jpeg\" \/>\n<meta name=\"twitter:label1\" content=\"Szacowany czas czytania\" \/>\n\t<meta name=\"twitter:data1\" content=\"2 minuty\" \/>\n<script type=\"application\/ld+json\" class=\"yoast-schema-graph\">{\"@context\":\"https:\/\/schema.org\",\"@graph\":[{\"@type\":\"WebPage\",\"@id\":\"https:\/\/zabieszczaduj.pl\/quiz\/idac-przez-glowny-szlak-beskidzki\/dzien-15\/\",\"url\":\"https:\/\/zabieszczaduj.pl\/quiz\/idac-przez-glowny-szlak-beskidzki\/dzien-15\/\",\"name\":\"Dzie\u0144 15: Chyrowa - Ryman\u00f3w-Zdr\u00f3j - Bieszczadzki Quiz\",\"isPartOf\":{\"@id\":\"https:\/\/zabieszczaduj.pl\/quiz\/#website\"},\"primaryImageOfPage\":{\"@id\":\"https:\/\/zabieszczaduj.pl\/quiz\/idac-przez-glowny-szlak-beskidzki\/dzien-15\/#primaryimage\"},\"image\":{\"@id\":\"https:\/\/zabieszczaduj.pl\/quiz\/idac-przez-glowny-szlak-beskidzki\/dzien-15\/#primaryimage\"},\"thumbnailUrl\":\"https:\/\/zabieszczaduj.pl\/quiz\/wp-content\/uploads\/2015\/10\/fbfpi_4e29d5d89d15cbd2d017edd9dfd0f4b0.jpg\",\"datePublished\":\"2015-09-05T07:29:54+00:00\",\"dateModified\":\"2015-11-02T20:35:53+00:00\",\"breadcrumb\":{\"@id\":\"https:\/\/zabieszczaduj.pl\/quiz\/idac-przez-glowny-szlak-beskidzki\/dzien-15\/#breadcrumb\"},\"inLanguage\":\"pl-PL\",\"potentialAction\":[{\"@type\":\"ReadAction\",\"target\":[\"https:\/\/zabieszczaduj.pl\/quiz\/idac-przez-glowny-szlak-beskidzki\/dzien-15\/\"]}]},{\"@type\":\"ImageObject\",\"inLanguage\":\"pl-PL\",\"@id\":\"https:\/\/zabieszczaduj.pl\/quiz\/idac-przez-glowny-szlak-beskidzki\/dzien-15\/#primaryimage\",\"url\":\"https:\/\/zabieszczaduj.pl\/quiz\/wp-content\/uploads\/2015\/10\/fbfpi_4e29d5d89d15cbd2d017edd9dfd0f4b0.jpg\",\"contentUrl\":\"https:\/\/zabieszczaduj.pl\/quiz\/wp-content\/uploads\/2015\/10\/fbfpi_4e29d5d89d15cbd2d017edd9dfd0f4b0.jpg\",\"width\":960,\"height\":960},{\"@type\":\"BreadcrumbList\",\"@id\":\"https:\/\/zabieszczaduj.pl\/quiz\/idac-przez-glowny-szlak-beskidzki\/dzien-15\/#breadcrumb\",\"itemListElement\":[{\"@type\":\"ListItem\",\"position\":1,\"name\":\"Strona g\u0142\u00f3wna\",\"item\":\"https:\/\/zabieszczaduj.pl\/quiz\/\"},{\"@type\":\"ListItem\",\"position\":2,\"name\":\"Id\u0105c przez G\u0142\u00f3wny Szlak Beskidzki pod\u0105\u017ca si\u0119 &#8230;\",\"item\":\"https:\/\/zabieszczaduj.pl\/quiz\/idac-przez-glowny-szlak-beskidzki\/\"},{\"@type\":\"ListItem\",\"position\":3,\"name\":\"Dzie\u0144 15: Chyrowa &#8211; Ryman\u00f3w-Zdr\u00f3j\"}]},{\"@type\":\"WebSite\",\"@id\":\"https:\/\/zabieszczaduj.pl\/quiz\/#website\",\"url\":\"https:\/\/zabieszczaduj.pl\/quiz\/\",\"name\":\"Bieszczadzki Quiz\",\"description\":\"G&oacute;ry i ludzie, w\u0119dr&oacute;wki z plecakiem, pi\u0119kne widoki i schroniskowe bazy zawsze szeroko otwarte dla zdobywaj\u0105cych Bieszczady\",\"potentialAction\":[{\"@type\":\"SearchAction\",\"target\":{\"@type\":\"EntryPoint\",\"urlTemplate\":\"https:\/\/zabieszczaduj.pl\/quiz\/?s={search_term_string}\"},\"query-input\":{\"@type\":\"PropertyValueSpecification\",\"valueRequired\":true,\"valueName\":\"search_term_string\"}}],\"inLanguage\":\"pl-PL\"}]}<\/script>\n<!-- \/ Yoast SEO plugin. -->","yoast_head_json":{"title":"Dzie\u0144 15: Chyrowa - Ryman\u00f3w-Zdr\u00f3j - Bieszczadzki Quiz","robots":{"index":"index","follow":"follow","max-snippet":"max-snippet:-1","max-image-preview":"max-image-preview:large","max-video-preview":"max-video-preview:-1"},"canonical":"https:\/\/zabieszczaduj.pl\/quiz\/idac-przez-glowny-szlak-beskidzki\/dzien-15\/","og_locale":"pl_PL","og_type":"article","og_title":"Dzie\u0144 15: Chyrowa - Ryman\u00f3w-Zdr\u00f3j - Bieszczadzki Quiz","og_description":"Wczorajsze \u015bniadanie w wydaniu p. Ludmi\u0142y to absolutne podium ca\u0142ej wyprawy. Ka\u017cdy kto si\u0119 skusi\u0142 i nie wyszed\u0142 przed 7m\u0105, dosta\u0142 dwukrotny przydzia\u0142 tego, co normalnie traktuje si\u0119 w schroniskach za posi\u0142ek o tej porze dnia. Trzyma\u0107 kciuki, by z nowym w\u0142a\u015bcicielem odpowiedzialno\u015b\u0107 za kuchni\u0119 si\u0119 nie zmieni\u0142a, bo - poza pierogami ruskimi zajadanymi jak nigdzie - musz\u0119 jeszcze wskoczy\u0107 na zupk\u0119 i ciacho, kt\u00f3rych poprzednicy brali na dok\u0142adk\u0119 :) W m\u0119skim gronie \u017cartowali\u015bmy, \u017ce z tak\u0105 kobiet\u0105 w domu to 120% energii na dzie\u0144 z czerwonym szlakiem, szybko prze\u0142o\u017cy\u0142oby si\u0119 na 120kg wagi, pani wi\u0119c Chyrowej nie skradniemy :p Na fotce jeszcze jedno mi\u0142e wspomnienie \u015bniadania ze Schronisko Cyrla - s\u0142ynna kie\u0142basa po \u0142abowsku... Musicie wyobrazi\u0107 sobie bogactwo na stole tym razem, bo aparatu nie mia\u0142em :) Si\u0142 w 15. dzie\u0144 w\u0119drowania starczy\u0142o na Kamienn\u0105 G\u00f3r\u0119, pustelni\u0119 \u015bw. Jana z Dukli (na szlaku zwiedzi\u0107 mo\u017cna rekonstrukcj\u0119 chaty zakonnika) i wreszcie na Cergow\u0105 (niby 716m n.p.m. ale w ko\u015b\u0107 da\u0142a!) By\u0142o r\u00f3wnie\u017c \u017cmudne maszerowanie asfaltem pod Lubatow\u0105 i tak a\u017c do Iwonicz-Zdr\u00f3j. Cz\u0142owiek maszeruje lasami, znajdzie si\u0119 w wielkim mie\u015bcie, no i... si\u0119 zgubi ;) Z powrotem na szlak naprowadza mnie mieszkanka (go\u015bcie miasteczek zdrojowych na wszelkie pytania, gdzie i do kt\u00f3rej mo\u017cna zje\u015b\u0107, co\u015b kupi\u0107 itp. odpowiadaj\u0105 w gu\u015bcie: panie, ja nie wiem, ja tu dopiero par\u0119 dni jestem, spaceruj\u0119 tylko i wdycham jod). Starsza pani na my\u015bl o Bieszczadach wspomina Rawki sprzed 30 lat... Wigoru jednak nie traci, bo z kijkami \u017cwawo maszeruje - wiele by da\u0142a, by m\u00f3c tak jak i ja gdzie\u015b wy\u017cej, dalej... tylko do pary by mi kogo\u015b poleci\u0142a ;) Zatrzyma\u0142bym si\u0119 w jej agroturystyce, gdyby nie to, \u017ce nast\u0119pnego dnia nie podo\u0142a\u0142bym tak d\u0142ugiemu odcinkowi... Id\u0119 do Rymanowa-Zdroju. I tak b\u0119dzie z 40km do Koma\u0144czy (nie wiem ile to \"w ca\u0142uskach\" - przyzna\u0107 trzeba, sympatyczna jednostka miary), w drog\u0119 wi\u0119c!","og_url":"https:\/\/zabieszczaduj.pl\/quiz\/idac-przez-glowny-szlak-beskidzki\/dzien-15\/","og_site_name":"Bieszczadzki Quiz","article_modified_time":"2015-11-02T20:35:53+00:00","og_image":[{"width":960,"height":960,"url":"https:\/\/zabieszczaduj.pl\/quiz\/wp-content\/uploads\/2015\/10\/fbfpi_4e29d5d89d15cbd2d017edd9dfd0f4b0.jpg","type":"image\/jpeg"}],"twitter_misc":{"Szacowany czas czytania":"2 minuty"},"schema":{"@context":"https:\/\/schema.org","@graph":[{"@type":"WebPage","@id":"https:\/\/zabieszczaduj.pl\/quiz\/idac-przez-glowny-szlak-beskidzki\/dzien-15\/","url":"https:\/\/zabieszczaduj.pl\/quiz\/idac-przez-glowny-szlak-beskidzki\/dzien-15\/","name":"Dzie\u0144 15: Chyrowa - Ryman\u00f3w-Zdr\u00f3j - Bieszczadzki Quiz","isPartOf":{"@id":"https:\/\/zabieszczaduj.pl\/quiz\/#website"},"primaryImageOfPage":{"@id":"https:\/\/zabieszczaduj.pl\/quiz\/idac-przez-glowny-szlak-beskidzki\/dzien-15\/#primaryimage"},"image":{"@id":"https:\/\/zabieszczaduj.pl\/quiz\/idac-przez-glowny-szlak-beskidzki\/dzien-15\/#primaryimage"},"thumbnailUrl":"https:\/\/zabieszczaduj.pl\/quiz\/wp-content\/uploads\/2015\/10\/fbfpi_4e29d5d89d15cbd2d017edd9dfd0f4b0.jpg","datePublished":"2015-09-05T07:29:54+00:00","dateModified":"2015-11-02T20:35:53+00:00","breadcrumb":{"@id":"https:\/\/zabieszczaduj.pl\/quiz\/idac-przez-glowny-szlak-beskidzki\/dzien-15\/#breadcrumb"},"inLanguage":"pl-PL","potentialAction":[{"@type":"ReadAction","target":["https:\/\/zabieszczaduj.pl\/quiz\/idac-przez-glowny-szlak-beskidzki\/dzien-15\/"]}]},{"@type":"ImageObject","inLanguage":"pl-PL","@id":"https:\/\/zabieszczaduj.pl\/quiz\/idac-przez-glowny-szlak-beskidzki\/dzien-15\/#primaryimage","url":"https:\/\/zabieszczaduj.pl\/quiz\/wp-content\/uploads\/2015\/10\/fbfpi_4e29d5d89d15cbd2d017edd9dfd0f4b0.jpg","contentUrl":"https:\/\/zabieszczaduj.pl\/quiz\/wp-content\/uploads\/2015\/10\/fbfpi_4e29d5d89d15cbd2d017edd9dfd0f4b0.jpg","width":960,"height":960},{"@type":"BreadcrumbList","@id":"https:\/\/zabieszczaduj.pl\/quiz\/idac-przez-glowny-szlak-beskidzki\/dzien-15\/#breadcrumb","itemListElement":[{"@type":"ListItem","position":1,"name":"Strona g\u0142\u00f3wna","item":"https:\/\/zabieszczaduj.pl\/quiz\/"},{"@type":"ListItem","position":2,"name":"Id\u0105c przez G\u0142\u00f3wny Szlak Beskidzki pod\u0105\u017ca si\u0119 &#8230;","item":"https:\/\/zabieszczaduj.pl\/quiz\/idac-przez-glowny-szlak-beskidzki\/"},{"@type":"ListItem","position":3,"name":"Dzie\u0144 15: Chyrowa &#8211; Ryman\u00f3w-Zdr\u00f3j"}]},{"@type":"WebSite","@id":"https:\/\/zabieszczaduj.pl\/quiz\/#website","url":"https:\/\/zabieszczaduj.pl\/quiz\/","name":"Bieszczadzki Quiz","description":"G&oacute;ry i ludzie, w\u0119dr&oacute;wki z plecakiem, pi\u0119kne widoki i schroniskowe bazy zawsze szeroko otwarte dla zdobywaj\u0105cych Bieszczady","potentialAction":[{"@type":"SearchAction","target":{"@type":"EntryPoint","urlTemplate":"https:\/\/zabieszczaduj.pl\/quiz\/?s={search_term_string}"},"query-input":{"@type":"PropertyValueSpecification","valueRequired":true,"valueName":"search_term_string"}}],"inLanguage":"pl-PL"}]}},"_links":{"self":[{"href":"https:\/\/zabieszczaduj.pl\/quiz\/wp-json\/wp\/v2\/pages\/1010","targetHints":{"allow":["GET"]}}],"collection":[{"href":"https:\/\/zabieszczaduj.pl\/quiz\/wp-json\/wp\/v2\/pages"}],"about":[{"href":"https:\/\/zabieszczaduj.pl\/quiz\/wp-json\/wp\/v2\/types\/page"}],"author":[{"embeddable":true,"href":"https:\/\/zabieszczaduj.pl\/quiz\/wp-json\/wp\/v2\/users\/1"}],"replies":[{"embeddable":true,"href":"https:\/\/zabieszczaduj.pl\/quiz\/wp-json\/wp\/v2\/comments?post=1010"}],"version-history":[{"count":2,"href":"https:\/\/zabieszczaduj.pl\/quiz\/wp-json\/wp\/v2\/pages\/1010\/revisions"}],"predecessor-version":[{"id":1212,"href":"https:\/\/zabieszczaduj.pl\/quiz\/wp-json\/wp\/v2\/pages\/1010\/revisions\/1212"}],"up":[{"embeddable":true,"href":"https:\/\/zabieszczaduj.pl\/quiz\/wp-json\/wp\/v2\/pages\/1040"}],"wp:featuredmedia":[{"embeddable":true,"href":"https:\/\/zabieszczaduj.pl\/quiz\/wp-json\/wp\/v2\/media\/1011"}],"wp:attachment":[{"href":"https:\/\/zabieszczaduj.pl\/quiz\/wp-json\/wp\/v2\/media?parent=1010"}],"curies":[{"name":"wp","href":"https:\/\/api.w.org\/{rel}","templated":true}]}}