{"id":1006,"date":"2015-09-07T09:29:51","date_gmt":"2015-09-07T07:29:51","guid":{"rendered":"http:\/\/zabieszczaduj.pl\/quiz\/?post_type=status-message&#038;p=1006"},"modified":"2015-11-02T21:36:33","modified_gmt":"2015-11-02T20:36:33","slug":"dzien-17","status":"publish","type":"page","link":"https:\/\/zabieszczaduj.pl\/quiz\/idac-przez-glowny-szlak-beskidzki\/dzien-17\/","title":{"rendered":"Dzie\u0144 17: Koma\u0144cza &#8211; bac\u00f3wka PTTK Pod Honem"},"content":{"rendered":"<div class=\"fcbkbttn_buttons_block\" id=\"fcbkbttn_left\"><div class=\"fcbkbttn_like \"><fb:like href=\"https:\/\/zabieszczaduj.pl\/quiz\/idac-przez-glowny-szlak-beskidzki\/dzien-17\/\" action=\"like\" colorscheme=\"light\" layout=\"button_count\"  size=\"small\"><\/fb:like><\/div><\/div><p>Przez Duszatyn, Chryszczat\u0105, Jaworne, Wo\u0142osa\u0144 do bac\u00f3wki pod Honem. Pogodowo ciekawie, bo i deszcz, i grad nad jeziorka Duszaty\u0144skie przywia\u0142o. Jesienny ju\u017c dywan na \u015bcie\u017ckach zmieni\u0142 sw\u00f3j kolor na bia\u0142y.<br \/>\nWczoraj zamkn\u0119\u0142o na jaki\u015b czas swoje podwoje schronisko w Koma\u0144czy, obs\u0142ug\u0119 spotykamy dzi\u015b&#8230; w Cisnej &#8211; ka\u017cda pomoc potrzebna, bo schronisko p\u0119ka w szwach, a miejsce tylko na glebie. Dobrze by\u0107 grup\u0105, gorzej poza ni\u0105, ale integruj\u0105co, bo z gitar\u0105.<\/p>\n<div class=\"fbfpi_photo\"><img decoding=\"async\" src=\"http:\/\/zabieszczaduj.pl\/quiz\/wp-content\/uploads\/2015\/10\/fbfpi_1776ee0bd6d3ac5be25624e14b818ccc.jpg\"><\/div>\n","protected":false},"excerpt":{"rendered":"<p>Dzie\u0144 17. Przez Duszatyn, Chryszczat\u0105, Jaworne, Wo\u0142osa\u0144 do bac\u00f3wki pod Honem. Pogodowo ciekawie, bo i deszcz, i grad nad jeziorka Duszaty\u0144skie przywia\u0142o. Jesienny ju\u017c dywan na \u015bcie\u017ckach zmieni\u0142 sw\u00f3j kolor na bia\u0142y.<br \/>\nWczoraj zamkn\u0119\u0142o na jaki\u015b czas swoje podwoje schronisko w Koma\u0144czy, obs\u0142ug\u0119 spotykamy dzi\u015b&#8230; w Cisnej &#8211; ka\u017cda pomoc potrzebna, bo schronisko p\u0119ka w szwach, a miejsce tylko na glebie. Dobrze by\u0107 grup\u0105, gorzej poza ni\u0105, ale integruj\u0105co, bo z gitar\u0105.<\/p>\n","protected":false},"author":1,"featured_media":1007,"parent":1040,"menu_order":0,"comment_status":"closed","ping_status":"closed","template":"","meta":{"_exactmetrics_skip_tracking":false,"_exactmetrics_sitenote_active":false,"_exactmetrics_sitenote_note":"","_exactmetrics_sitenote_category":0,"footnotes":""},"class_list":["post-1006","page","type-page","status-publish","has-post-thumbnail","hentry"],"yoast_head":"<!-- This site is optimized with the Yoast SEO plugin v25.0 - https:\/\/yoast.com\/wordpress\/plugins\/seo\/ -->\n<title>Dzie\u0144 17: Koma\u0144cza - bac\u00f3wka PTTK Pod Honem - Bieszczadzki Quiz<\/title>\n<meta name=\"robots\" content=\"index, follow, max-snippet:-1, max-image-preview:large, max-video-preview:-1\" \/>\n<link rel=\"canonical\" href=\"https:\/\/zabieszczaduj.pl\/quiz\/idac-przez-glowny-szlak-beskidzki\/dzien-17\/\" \/>\n<meta property=\"og:locale\" content=\"pl_PL\" \/>\n<meta property=\"og:type\" content=\"article\" \/>\n<meta property=\"og:title\" content=\"Dzie\u0144 17: Koma\u0144cza - bac\u00f3wka PTTK Pod Honem - Bieszczadzki Quiz\" \/>\n<meta property=\"og:description\" content=\"Dzie\u0144 17. Przez Duszatyn, Chryszczat\u0105, Jaworne, Wo\u0142osa\u0144 do bac\u00f3wki pod Honem. Pogodowo ciekawie, bo i deszcz, i grad nad jeziorka Duszaty\u0144skie przywia\u0142o. Jesienny ju\u017c dywan na \u015bcie\u017ckach zmieni\u0142 sw\u00f3j kolor na bia\u0142y. Wczoraj zamkn\u0119\u0142o na jaki\u015b czas swoje podwoje schronisko w Koma\u0144czy, obs\u0142ug\u0119 spotykamy dzi\u015b... w Cisnej - ka\u017cda pomoc potrzebna, bo schronisko p\u0119ka w szwach, a miejsce tylko na glebie. Dobrze by\u0107 grup\u0105, gorzej poza ni\u0105, ale integruj\u0105co, bo z gitar\u0105.\" \/>\n<meta property=\"og:url\" content=\"https:\/\/zabieszczaduj.pl\/quiz\/idac-przez-glowny-szlak-beskidzki\/dzien-17\/\" \/>\n<meta property=\"og:site_name\" content=\"Bieszczadzki Quiz\" \/>\n<meta property=\"article:modified_time\" content=\"2015-11-02T20:36:33+00:00\" \/>\n<meta property=\"og:image\" content=\"https:\/\/zabieszczaduj.pl\/quiz\/wp-content\/uploads\/2015\/10\/fbfpi_1776ee0bd6d3ac5be25624e14b818ccc.jpg\" \/>\n\t<meta property=\"og:image:width\" content=\"960\" \/>\n\t<meta property=\"og:image:height\" content=\"960\" \/>\n\t<meta property=\"og:image:type\" content=\"image\/jpeg\" \/>\n<script type=\"application\/ld+json\" class=\"yoast-schema-graph\">{\"@context\":\"https:\/\/schema.org\",\"@graph\":[{\"@type\":\"WebPage\",\"@id\":\"https:\/\/zabieszczaduj.pl\/quiz\/idac-przez-glowny-szlak-beskidzki\/dzien-17\/\",\"url\":\"https:\/\/zabieszczaduj.pl\/quiz\/idac-przez-glowny-szlak-beskidzki\/dzien-17\/\",\"name\":\"Dzie\u0144 17: Koma\u0144cza - bac\u00f3wka PTTK Pod Honem - Bieszczadzki Quiz\",\"isPartOf\":{\"@id\":\"https:\/\/zabieszczaduj.pl\/quiz\/#website\"},\"primaryImageOfPage\":{\"@id\":\"https:\/\/zabieszczaduj.pl\/quiz\/idac-przez-glowny-szlak-beskidzki\/dzien-17\/#primaryimage\"},\"image\":{\"@id\":\"https:\/\/zabieszczaduj.pl\/quiz\/idac-przez-glowny-szlak-beskidzki\/dzien-17\/#primaryimage\"},\"thumbnailUrl\":\"https:\/\/zabieszczaduj.pl\/quiz\/wp-content\/uploads\/2015\/10\/fbfpi_1776ee0bd6d3ac5be25624e14b818ccc.jpg\",\"datePublished\":\"2015-09-07T07:29:51+00:00\",\"dateModified\":\"2015-11-02T20:36:33+00:00\",\"breadcrumb\":{\"@id\":\"https:\/\/zabieszczaduj.pl\/quiz\/idac-przez-glowny-szlak-beskidzki\/dzien-17\/#breadcrumb\"},\"inLanguage\":\"pl-PL\",\"potentialAction\":[{\"@type\":\"ReadAction\",\"target\":[\"https:\/\/zabieszczaduj.pl\/quiz\/idac-przez-glowny-szlak-beskidzki\/dzien-17\/\"]}]},{\"@type\":\"ImageObject\",\"inLanguage\":\"pl-PL\",\"@id\":\"https:\/\/zabieszczaduj.pl\/quiz\/idac-przez-glowny-szlak-beskidzki\/dzien-17\/#primaryimage\",\"url\":\"https:\/\/zabieszczaduj.pl\/quiz\/wp-content\/uploads\/2015\/10\/fbfpi_1776ee0bd6d3ac5be25624e14b818ccc.jpg\",\"contentUrl\":\"https:\/\/zabieszczaduj.pl\/quiz\/wp-content\/uploads\/2015\/10\/fbfpi_1776ee0bd6d3ac5be25624e14b818ccc.jpg\",\"width\":960,\"height\":960},{\"@type\":\"BreadcrumbList\",\"@id\":\"https:\/\/zabieszczaduj.pl\/quiz\/idac-przez-glowny-szlak-beskidzki\/dzien-17\/#breadcrumb\",\"itemListElement\":[{\"@type\":\"ListItem\",\"position\":1,\"name\":\"Strona g\u0142\u00f3wna\",\"item\":\"https:\/\/zabieszczaduj.pl\/quiz\/\"},{\"@type\":\"ListItem\",\"position\":2,\"name\":\"Id\u0105c przez G\u0142\u00f3wny Szlak Beskidzki pod\u0105\u017ca si\u0119 &#8230;\",\"item\":\"https:\/\/zabieszczaduj.pl\/quiz\/idac-przez-glowny-szlak-beskidzki\/\"},{\"@type\":\"ListItem\",\"position\":3,\"name\":\"Dzie\u0144 17: Koma\u0144cza &#8211; bac\u00f3wka PTTK Pod Honem\"}]},{\"@type\":\"WebSite\",\"@id\":\"https:\/\/zabieszczaduj.pl\/quiz\/#website\",\"url\":\"https:\/\/zabieszczaduj.pl\/quiz\/\",\"name\":\"Bieszczadzki Quiz\",\"description\":\"G&oacute;ry i ludzie, w\u0119dr&oacute;wki z plecakiem, pi\u0119kne widoki i schroniskowe bazy zawsze szeroko otwarte dla zdobywaj\u0105cych Bieszczady\",\"potentialAction\":[{\"@type\":\"SearchAction\",\"target\":{\"@type\":\"EntryPoint\",\"urlTemplate\":\"https:\/\/zabieszczaduj.pl\/quiz\/?s={search_term_string}\"},\"query-input\":{\"@type\":\"PropertyValueSpecification\",\"valueRequired\":true,\"valueName\":\"search_term_string\"}}],\"inLanguage\":\"pl-PL\"}]}<\/script>\n<!-- \/ Yoast SEO plugin. -->","yoast_head_json":{"title":"Dzie\u0144 17: Koma\u0144cza - bac\u00f3wka PTTK Pod Honem - Bieszczadzki Quiz","robots":{"index":"index","follow":"follow","max-snippet":"max-snippet:-1","max-image-preview":"max-image-preview:large","max-video-preview":"max-video-preview:-1"},"canonical":"https:\/\/zabieszczaduj.pl\/quiz\/idac-przez-glowny-szlak-beskidzki\/dzien-17\/","og_locale":"pl_PL","og_type":"article","og_title":"Dzie\u0144 17: Koma\u0144cza - bac\u00f3wka PTTK Pod Honem - Bieszczadzki Quiz","og_description":"Dzie\u0144 17. Przez Duszatyn, Chryszczat\u0105, Jaworne, Wo\u0142osa\u0144 do bac\u00f3wki pod Honem. Pogodowo ciekawie, bo i deszcz, i grad nad jeziorka Duszaty\u0144skie przywia\u0142o. Jesienny ju\u017c dywan na \u015bcie\u017ckach zmieni\u0142 sw\u00f3j kolor na bia\u0142y. Wczoraj zamkn\u0119\u0142o na jaki\u015b czas swoje podwoje schronisko w Koma\u0144czy, obs\u0142ug\u0119 spotykamy dzi\u015b... w Cisnej - ka\u017cda pomoc potrzebna, bo schronisko p\u0119ka w szwach, a miejsce tylko na glebie. Dobrze by\u0107 grup\u0105, gorzej poza ni\u0105, ale integruj\u0105co, bo z gitar\u0105.","og_url":"https:\/\/zabieszczaduj.pl\/quiz\/idac-przez-glowny-szlak-beskidzki\/dzien-17\/","og_site_name":"Bieszczadzki Quiz","article_modified_time":"2015-11-02T20:36:33+00:00","og_image":[{"width":960,"height":960,"url":"https:\/\/zabieszczaduj.pl\/quiz\/wp-content\/uploads\/2015\/10\/fbfpi_1776ee0bd6d3ac5be25624e14b818ccc.jpg","type":"image\/jpeg"}],"schema":{"@context":"https:\/\/schema.org","@graph":[{"@type":"WebPage","@id":"https:\/\/zabieszczaduj.pl\/quiz\/idac-przez-glowny-szlak-beskidzki\/dzien-17\/","url":"https:\/\/zabieszczaduj.pl\/quiz\/idac-przez-glowny-szlak-beskidzki\/dzien-17\/","name":"Dzie\u0144 17: Koma\u0144cza - bac\u00f3wka PTTK Pod Honem - Bieszczadzki Quiz","isPartOf":{"@id":"https:\/\/zabieszczaduj.pl\/quiz\/#website"},"primaryImageOfPage":{"@id":"https:\/\/zabieszczaduj.pl\/quiz\/idac-przez-glowny-szlak-beskidzki\/dzien-17\/#primaryimage"},"image":{"@id":"https:\/\/zabieszczaduj.pl\/quiz\/idac-przez-glowny-szlak-beskidzki\/dzien-17\/#primaryimage"},"thumbnailUrl":"https:\/\/zabieszczaduj.pl\/quiz\/wp-content\/uploads\/2015\/10\/fbfpi_1776ee0bd6d3ac5be25624e14b818ccc.jpg","datePublished":"2015-09-07T07:29:51+00:00","dateModified":"2015-11-02T20:36:33+00:00","breadcrumb":{"@id":"https:\/\/zabieszczaduj.pl\/quiz\/idac-przez-glowny-szlak-beskidzki\/dzien-17\/#breadcrumb"},"inLanguage":"pl-PL","potentialAction":[{"@type":"ReadAction","target":["https:\/\/zabieszczaduj.pl\/quiz\/idac-przez-glowny-szlak-beskidzki\/dzien-17\/"]}]},{"@type":"ImageObject","inLanguage":"pl-PL","@id":"https:\/\/zabieszczaduj.pl\/quiz\/idac-przez-glowny-szlak-beskidzki\/dzien-17\/#primaryimage","url":"https:\/\/zabieszczaduj.pl\/quiz\/wp-content\/uploads\/2015\/10\/fbfpi_1776ee0bd6d3ac5be25624e14b818ccc.jpg","contentUrl":"https:\/\/zabieszczaduj.pl\/quiz\/wp-content\/uploads\/2015\/10\/fbfpi_1776ee0bd6d3ac5be25624e14b818ccc.jpg","width":960,"height":960},{"@type":"BreadcrumbList","@id":"https:\/\/zabieszczaduj.pl\/quiz\/idac-przez-glowny-szlak-beskidzki\/dzien-17\/#breadcrumb","itemListElement":[{"@type":"ListItem","position":1,"name":"Strona g\u0142\u00f3wna","item":"https:\/\/zabieszczaduj.pl\/quiz\/"},{"@type":"ListItem","position":2,"name":"Id\u0105c przez G\u0142\u00f3wny Szlak Beskidzki pod\u0105\u017ca si\u0119 &#8230;","item":"https:\/\/zabieszczaduj.pl\/quiz\/idac-przez-glowny-szlak-beskidzki\/"},{"@type":"ListItem","position":3,"name":"Dzie\u0144 17: Koma\u0144cza &#8211; bac\u00f3wka PTTK Pod Honem"}]},{"@type":"WebSite","@id":"https:\/\/zabieszczaduj.pl\/quiz\/#website","url":"https:\/\/zabieszczaduj.pl\/quiz\/","name":"Bieszczadzki Quiz","description":"G&oacute;ry i ludzie, w\u0119dr&oacute;wki z plecakiem, pi\u0119kne widoki i schroniskowe bazy zawsze szeroko otwarte dla zdobywaj\u0105cych Bieszczady","potentialAction":[{"@type":"SearchAction","target":{"@type":"EntryPoint","urlTemplate":"https:\/\/zabieszczaduj.pl\/quiz\/?s={search_term_string}"},"query-input":{"@type":"PropertyValueSpecification","valueRequired":true,"valueName":"search_term_string"}}],"inLanguage":"pl-PL"}]}},"_links":{"self":[{"href":"https:\/\/zabieszczaduj.pl\/quiz\/wp-json\/wp\/v2\/pages\/1006","targetHints":{"allow":["GET"]}}],"collection":[{"href":"https:\/\/zabieszczaduj.pl\/quiz\/wp-json\/wp\/v2\/pages"}],"about":[{"href":"https:\/\/zabieszczaduj.pl\/quiz\/wp-json\/wp\/v2\/types\/page"}],"author":[{"embeddable":true,"href":"https:\/\/zabieszczaduj.pl\/quiz\/wp-json\/wp\/v2\/users\/1"}],"replies":[{"embeddable":true,"href":"https:\/\/zabieszczaduj.pl\/quiz\/wp-json\/wp\/v2\/comments?post=1006"}],"version-history":[{"count":4,"href":"https:\/\/zabieszczaduj.pl\/quiz\/wp-json\/wp\/v2\/pages\/1006\/revisions"}],"predecessor-version":[{"id":1214,"href":"https:\/\/zabieszczaduj.pl\/quiz\/wp-json\/wp\/v2\/pages\/1006\/revisions\/1214"}],"up":[{"embeddable":true,"href":"https:\/\/zabieszczaduj.pl\/quiz\/wp-json\/wp\/v2\/pages\/1040"}],"wp:featuredmedia":[{"embeddable":true,"href":"https:\/\/zabieszczaduj.pl\/quiz\/wp-json\/wp\/v2\/media\/1007"}],"wp:attachment":[{"href":"https:\/\/zabieszczaduj.pl\/quiz\/wp-json\/wp\/v2\/media?parent=1006"}],"curies":[{"name":"wp","href":"https:\/\/api.w.org\/{rel}","templated":true}]}}